{"id":27296,"date":"2026-02-27T00:36:21","date_gmt":"2026-02-27T00:36:21","guid":{"rendered":"https:\/\/nordicmart.andreevmaster.com\/product\/viga-polarb-traebord-til-paedagogisk-leg-montessori-puslespil-med-sammenkoblede-brikker\/"},"modified":"2026-02-27T09:15:02","modified_gmt":"2026-02-27T09:15:02","slug":"viga-polarb-traebord-til-paedagogisk-leg-montessori-puslespil-med-sammenkoblede-brikker","status":"publish","type":"product","link":"https:\/\/nordicmart.andreevmaster.com\/da\/vare\/viga-polarb-traebord-til-paedagogisk-leg-montessori-puslespil-med-sammenkoblede-brikker\/","title":{"rendered":"VIGA PolarB Tr\u00e6bord til p\u00e6dagogisk leg Montessori-puslespil med sammenkoblede brikker"},"content":{"rendered":"<p>Dette tr\u00e6bord til p\u00e6dagogisk leg vil give de sm\u00e5 masser af sjov, og mens de leger, vil b\u00f8rnene \u00f8ve deres manuelle f\u00e6rdigheder og opfattelse af farver og former. Metall\u00f8kkerne holder farverige tr\u00e6klodser og tre klodser med billeder af dyr \u2013 en bj\u00f8rn, en r\u00e6v og et pindsvin. B\u00f8rnene kan flytte klodserne rundt, som de \u00f8nsker, og \u00f8ve sig i at bruge fingrene og h\u00e6nderne pr\u00e6cist. Derudover er der under l\u00f8kken p\u00e5 bordet andre dyr og planter, som er et must i enhver zoologisk have, s\u00e5 b\u00f8rnene ogs\u00e5 kan lege ved at finde p\u00e5 historier om dyrenes liv og udvikle deres kreativitet og fantasi. Leget\u00f8j:<\/p>\n<p>* &#8211; fremmer udviklingen af manuelle f\u00e6rdigheder,<br \/>\n* &#8211; tr\u00e6ner pr\u00e6cisionen i finger- og h\u00e5ndbev\u00e6gelser,<br \/>\n* &#8211; stimulerer kreativitet og fantasi,<br \/>\n* &#8211; l\u00e6rer farve- og formgenkendelse.<\/p>\n<p>Det hele er lavet af lakeret tr\u00e6 og malet med giftfri maling i d\u00e6mpede farver, der vil tilfredsstille alle brugere og give dem masser af sjov.<\/p>\n","protected":false},"excerpt":{"rendered":"<p>Dette tr\u00e6bord til p\u00e6dagogisk leg vil give de sm\u00e5 masser af sjov, og mens de leger, vil b\u00f8rnene \u00f8ve deres manuelle f\u00e6rdigheder og opfattelse af farver og former. Metall\u00f8kkerne holder farverige tr\u00e6klodser og tre klodser med billeder af dyr \u2013 en bj\u00f8rn, en r\u00e6v og et pindsvin. B\u00f8rnene kan flytte klodserne rundt, som de \u00f8nsker, [&hellip;]<\/p>\n","protected":false},"featured_media":0,"comment_status":"open","ping_status":"closed","template":"","meta":[],"product_brand":[],"product_cat":[31],"product_tag":[],"class_list":{"0":"post-27296","1":"product","2":"type-product","3":"status-publish","5":"product_cat-uncategorized-da","7":"first","8":"instock","9":"shipping-taxable","10":"purchasable","11":"product-type-simple"},"_links":{"self":[{"href":"https:\/\/nordicmart.andreevmaster.com\/da\/wp-json\/wp\/v2\/product\/27296","targetHints":{"allow":["GET"]}}],"collection":[{"href":"https:\/\/nordicmart.andreevmaster.com\/da\/wp-json\/wp\/v2\/product"}],"about":[{"href":"https:\/\/nordicmart.andreevmaster.com\/da\/wp-json\/wp\/v2\/types\/product"}],"replies":[{"embeddable":true,"href":"https:\/\/nordicmart.andreevmaster.com\/da\/wp-json\/wp\/v2\/comments?post=27296"}],"wp:attachment":[{"href":"https:\/\/nordicmart.andreevmaster.com\/da\/wp-json\/wp\/v2\/media?parent=27296"}],"wp:term":[{"taxonomy":"product_brand","embeddable":true,"href":"https:\/\/nordicmart.andreevmaster.com\/da\/wp-json\/wp\/v2\/product_brand?post=27296"},{"taxonomy":"product_cat","embeddable":true,"href":"https:\/\/nordicmart.andreevmaster.com\/da\/wp-json\/wp\/v2\/product_cat?post=27296"},{"taxonomy":"product_tag","embeddable":true,"href":"https:\/\/nordicmart.andreevmaster.com\/da\/wp-json\/wp\/v2\/product_tag?post=27296"}],"curies":[{"name":"wp","href":"https:\/\/api.w.org\/{rel}","templated":true}]}}