{"id":27295,"date":"2026-02-27T00:36:21","date_gmt":"2026-02-27T00:36:21","guid":{"rendered":"https:\/\/nordicmart.andreevmaster.com\/product\/viga-traelegetoj-til-born\/"},"modified":"2026-02-27T09:15:02","modified_gmt":"2026-02-27T09:15:02","slug":"viga-traelegetoj-til-born","status":"publish","type":"product","link":"https:\/\/nordicmart.andreevmaster.com\/da\/vare\/viga-traelegetoj-til-born\/","title":{"rendered":"VIGA Tr\u00e6leget\u00f8j til b\u00f8rn"},"content":{"rendered":"<p>Et p\u00e6dagogisk skubbeleget\u00f8j til b\u00f8rn designet af den kendte leget\u00f8jsproducent Viga Toys. Leget\u00f8jet er beregnet til b\u00f8rn p\u00e5 18 m\u00e5neder og derover. Dette funktionelle leget\u00f8j til de yngste b\u00f8rn fungerer b\u00e5de som en g\u00e5vogn og et p\u00e6dagogisk panel, hvor b\u00f8rnene l\u00e6rer at matche former og farver. Roterende elementer i form af tandhjul, spor med dyr p\u00e5 panelet og p\u00e5 siderne vil interessere dit barn og g\u00f8re legen mere attraktiv. Sikkerhed og stabilitet sikres af bredt placerede hjul d\u00e6kket med skridsikker gummi (ridser ikke gulvet) og et tr\u00e6h\u00e5ndtag. Frontpanelet indeholder:<\/p>\n<p>* &#8211; et ur med roterende visere,<br \/>\n* &#8211; en motorisk f\u00e6rdighedssl\u00f8jfe med farverige perler,* &#8211; en cylinder,<br \/>\n* &#8211; en lille pindsvin, der k\u00f8rer langs sporet,<br \/>\n* &#8211; tandhjul<\/p>\n<p>Hele s\u00e6ttet er lavet af lakeret tr\u00e6, malet med b\u00f8rnesikre malinger i d\u00e6mpede farver, der vil tilfredsstille alle brugere og give dem masser af sjov. Viga Toys er et brand, der blev registreret i 2003, men som allerede er til stede i over 60 lande rundt om i verden. Deres innovative ideer har vundet anerkendelse i blandt andet Europa, USA, Australien og Japan. Virksomhedens grundl\u00e6ggere gjorde opm\u00e6rksom p\u00e5 forskningsresultater, der peger p\u00e5 en sammenh\u00e6ng mellem leg og l\u00e6ring i de tidlige \u00e5r af barnets udvikling. For at hj\u00e6lpe for\u00e6ldre og uddannelsesinstitutioner med at opdrage b\u00f8rn og redde dem fra den virtuelle verden, som i h\u00f8j grad kan forvr\u00e6nge virkeligheden, tilbyder producenten et innovativt sortiment af produkter fremstillet af naturlige materialer, der er fremstillet gennem milj\u00f8venlige produktionsprocesser.Sikkerheden og kvaliteten af tr\u00e6produkter er en prioritet for Vigi, og producenten har sikret, at de malinger, der bruges til at male leget\u00f8jet, opfylder sikkerhedsstandarderne EN71 og ASTM.<\/p>\n","protected":false},"excerpt":{"rendered":"<p>Et p\u00e6dagogisk skubbeleget\u00f8j til b\u00f8rn designet af den kendte leget\u00f8jsproducent Viga Toys. Leget\u00f8jet er beregnet til b\u00f8rn p\u00e5 18 m\u00e5neder og derover. Dette funktionelle leget\u00f8j til de yngste b\u00f8rn fungerer b\u00e5de som en g\u00e5vogn og et p\u00e6dagogisk panel, hvor b\u00f8rnene l\u00e6rer at matche former og farver. Roterende elementer i form af tandhjul, spor med dyr [&hellip;]<\/p>\n","protected":false},"featured_media":0,"comment_status":"open","ping_status":"closed","template":"","meta":[],"product_brand":[],"product_cat":[31],"product_tag":[],"class_list":{"0":"post-27295","1":"product","2":"type-product","3":"status-publish","5":"product_cat-uncategorized-da","7":"first","8":"instock","9":"shipping-taxable","10":"purchasable","11":"product-type-simple"},"_links":{"self":[{"href":"https:\/\/nordicmart.andreevmaster.com\/da\/wp-json\/wp\/v2\/product\/27295","targetHints":{"allow":["GET"]}}],"collection":[{"href":"https:\/\/nordicmart.andreevmaster.com\/da\/wp-json\/wp\/v2\/product"}],"about":[{"href":"https:\/\/nordicmart.andreevmaster.com\/da\/wp-json\/wp\/v2\/types\/product"}],"replies":[{"embeddable":true,"href":"https:\/\/nordicmart.andreevmaster.com\/da\/wp-json\/wp\/v2\/comments?post=27295"}],"wp:attachment":[{"href":"https:\/\/nordicmart.andreevmaster.com\/da\/wp-json\/wp\/v2\/media?parent=27295"}],"wp:term":[{"taxonomy":"product_brand","embeddable":true,"href":"https:\/\/nordicmart.andreevmaster.com\/da\/wp-json\/wp\/v2\/product_brand?post=27295"},{"taxonomy":"product_cat","embeddable":true,"href":"https:\/\/nordicmart.andreevmaster.com\/da\/wp-json\/wp\/v2\/product_cat?post=27295"},{"taxonomy":"product_tag","embeddable":true,"href":"https:\/\/nordicmart.andreevmaster.com\/da\/wp-json\/wp\/v2\/product_tag?post=27295"}],"curies":[{"name":"wp","href":"https:\/\/api.w.org\/{rel}","templated":true}]}}