{"id":27294,"date":"2026-02-27T00:36:20","date_gmt":"2026-02-27T00:36:20","guid":{"rendered":"https:\/\/nordicmart.andreevmaster.com\/product\/little-tikes-big-playground-monkey-grove-med-rutsjebaner\/"},"modified":"2026-02-27T09:15:02","modified_gmt":"2026-02-27T09:15:02","slug":"little-tikes-big-playground-monkey-grove-med-rutsjebaner","status":"publish","type":"product","link":"https:\/\/nordicmart.andreevmaster.com\/da\/vare\/little-tikes-big-playground-monkey-grove-med-rutsjebaner\/","title":{"rendered":"Little Tikes Big Playground Monkey Grove med rutsjebaner"},"content":{"rendered":"<p>Den store legeplads med rutsjebaner fra det amerikanske firma Little Tikes vil f\u00e5 alle b\u00f8rn til at \u00f8nske at lege p\u00e5 den. Den har alt, hvad b\u00f8rn har brug for for at v\u00e6re glade. Der kan leges p\u00e5 fire forskellige niveauer og p\u00e5 et stort omr\u00e5de under konstruktionen. Det \u00f8verste niveau har et stort vindue, hvorigennem man kan se andre b\u00f8rn lege. Der er en tunnelpassage mellem platformene. B\u00f8rnene kan lege gemmeleg med deres kammerater, klatre, kravle gennem tunneler og rutsje ned ad 90 og 180 cm lange rutsjebaner. Fremragende kvalitet. Disse legepladser er lavet af vejrbestandig plast.<\/p>\n<p>Funktioner og udstyr:<\/p>\n<p>* &#8211; det \u00f8verste niveau er udstyret med et stort vindue,<br \/>\n* &#8211; der er en tunnelpassage mellem platformene,<br \/>\n* &#8211; b\u00f8rnene kan lege gemmeleg med deres kammerater, klatre, kravle gennem tunneler og rutsje ned ad 90 cm og 180 cm lange rutsjebaner,* &#8211; fremragende kvalitet,<br \/>\n* &#8211; fremstillet af vejrbestandig plast,<br \/>\n* &#8211; maksimal v\u00e6gt for et barn er 45 kg (gr\u00e6nsen er 8 b\u00f8rn),<br \/>\n* &#8211; leg kan finde sted p\u00e5 4 forskellige niveauer og p\u00e5 et stort omr\u00e5de under konstruktionen.<\/p>\n<p>Little Tikes-produkter er kendt og elsket p\u00e5 alle kontinenter, i mange hjem, blandt utallige smilende b\u00f8rn og tilfredse for\u00e6ldre. Little Tikes fremstiller produkter, der garanterer alle n\u00f8dvendige sikkerhedsstandarder. Med produktets holdbarhed for \u00f8je er leget\u00f8jet designet og fremstillet ved hj\u00e6lp af den mest passende teknologi, nemlig &#8220;rotationsst\u00f8bning&#8221;, der garanterer mange \u00e5rs sjov.<\/p>\n","protected":false},"excerpt":{"rendered":"<p>Den store legeplads med rutsjebaner fra det amerikanske firma Little Tikes vil f\u00e5 alle b\u00f8rn til at \u00f8nske at lege p\u00e5 den. Den har alt, hvad b\u00f8rn har brug for for at v\u00e6re glade. Der kan leges p\u00e5 fire forskellige niveauer og p\u00e5 et stort omr\u00e5de under konstruktionen. Det \u00f8verste niveau har et stort vindue, [&hellip;]<\/p>\n","protected":false},"featured_media":0,"comment_status":"open","ping_status":"closed","template":"","meta":[],"product_brand":[],"product_cat":[31],"product_tag":[],"class_list":{"0":"post-27294","1":"product","2":"type-product","3":"status-publish","5":"product_cat-uncategorized-da","7":"first","8":"instock","9":"shipping-taxable","10":"purchasable","11":"product-type-simple"},"_links":{"self":[{"href":"https:\/\/nordicmart.andreevmaster.com\/da\/wp-json\/wp\/v2\/product\/27294","targetHints":{"allow":["GET"]}}],"collection":[{"href":"https:\/\/nordicmart.andreevmaster.com\/da\/wp-json\/wp\/v2\/product"}],"about":[{"href":"https:\/\/nordicmart.andreevmaster.com\/da\/wp-json\/wp\/v2\/types\/product"}],"replies":[{"embeddable":true,"href":"https:\/\/nordicmart.andreevmaster.com\/da\/wp-json\/wp\/v2\/comments?post=27294"}],"wp:attachment":[{"href":"https:\/\/nordicmart.andreevmaster.com\/da\/wp-json\/wp\/v2\/media?parent=27294"}],"wp:term":[{"taxonomy":"product_brand","embeddable":true,"href":"https:\/\/nordicmart.andreevmaster.com\/da\/wp-json\/wp\/v2\/product_brand?post=27294"},{"taxonomy":"product_cat","embeddable":true,"href":"https:\/\/nordicmart.andreevmaster.com\/da\/wp-json\/wp\/v2\/product_cat?post=27294"},{"taxonomy":"product_tag","embeddable":true,"href":"https:\/\/nordicmart.andreevmaster.com\/da\/wp-json\/wp\/v2\/product_tag?post=27294"}],"curies":[{"name":"wp","href":"https:\/\/api.w.org\/{rel}","templated":true}]}}