{"id":27292,"date":"2026-02-27T00:36:20","date_gmt":"2026-02-27T00:36:20","guid":{"rendered":"https:\/\/nordicmart.andreevmaster.com\/product\/woopie-octopus-water-table-18-tilbehor\/"},"modified":"2026-02-27T09:15:01","modified_gmt":"2026-02-27T09:15:01","slug":"woopie-octopus-water-table-18-tilbehor","status":"publish","type":"product","link":"https:\/\/nordicmart.andreevmaster.com\/da\/vare\/woopie-octopus-water-table-18-tilbehor\/","title":{"rendered":"WOOPIE Octopus Water Table 18 tilbeh\u00f8r"},"content":{"rendered":"<p>Octopus vandbordet fra WOOPIE er det perfekte leget\u00f8j til leg med vand og sand. S\u00e6ttet indeholder 18 tilbeh\u00f8rsdele: 3 forme, en bl\u00e6ksprutte, en vandkande, en kurv, en sandske og 2 skovle. B\u00f8rnene kan h\u00e6lde vand i toppen af bordet, s\u00e5 det l\u00f8ber ud gennem hullerne i bunden eller drypper ned ad vandm\u00f8llerne. S\u00e6ttet er designet til leg b\u00e5de inde og ude. Perfekt til leg derhjemme, p\u00e5 stranden eller i sandkassen. <\/p>\n<p>Egenskaber: <\/p>\n<p>* &#8211; fra 3 \u00e5r,<br \/>\n* &#8211; vandfald + regn,<br \/>\n* &#8211; s\u00e6ttet indeholder tilbeh\u00f8r,<br \/>\n* &#8211; til leg ude og inde.<\/p>\n<p>S\u00e6ttet indeholder:<\/p>\n<p>* &#8211; 3 forme,<br \/>\n* &#8211; en bl\u00e6ksprutte,<br \/>\n* &#8211; vandkande,<br \/>\n* &#8211; kurv,<br \/>\n* &#8211; sandske,<br \/>\n* &#8211; 2 skovle<\/p>\n<p>&lt;center&gt;&lt;iframe width=&#8221;465&#8243; height=&#8221;826&#8243; src=&#8221;https:\/\/www.youtube.com\/embed\/g8M8v7JONls&#8221; title=&#8221;WOOPIE Bl\u00e6ksprutte vandbord 18 stk.&#8221; frameborder=&#8221;0&#8243; allow=&#8221;accelerometer; autoplay; clipboard-write; encrypted-media; gyroscope; picture-in-picture; web-share&#8221; allowfullscreen&gt;&lt;\/iframe&gt;&lt;\/center&gt;<\/p>\n","protected":false},"excerpt":{"rendered":"<p>Octopus vandbordet fra WOOPIE er det perfekte leget\u00f8j til leg med vand og sand. S\u00e6ttet indeholder 18 tilbeh\u00f8rsdele: 3 forme, en bl\u00e6ksprutte, en vandkande, en kurv, en sandske og 2 skovle. B\u00f8rnene kan h\u00e6lde vand i toppen af bordet, s\u00e5 det l\u00f8ber ud gennem hullerne i bunden eller drypper ned ad vandm\u00f8llerne. S\u00e6ttet er designet [&hellip;]<\/p>\n","protected":false},"featured_media":0,"comment_status":"open","ping_status":"closed","template":"","meta":[],"product_brand":[],"product_cat":[31],"product_tag":[],"class_list":{"0":"post-27292","1":"product","2":"type-product","3":"status-publish","5":"product_cat-uncategorized-da","7":"first","8":"instock","9":"shipping-taxable","10":"purchasable","11":"product-type-simple"},"_links":{"self":[{"href":"https:\/\/nordicmart.andreevmaster.com\/da\/wp-json\/wp\/v2\/product\/27292","targetHints":{"allow":["GET"]}}],"collection":[{"href":"https:\/\/nordicmart.andreevmaster.com\/da\/wp-json\/wp\/v2\/product"}],"about":[{"href":"https:\/\/nordicmart.andreevmaster.com\/da\/wp-json\/wp\/v2\/types\/product"}],"replies":[{"embeddable":true,"href":"https:\/\/nordicmart.andreevmaster.com\/da\/wp-json\/wp\/v2\/comments?post=27292"}],"wp:attachment":[{"href":"https:\/\/nordicmart.andreevmaster.com\/da\/wp-json\/wp\/v2\/media?parent=27292"}],"wp:term":[{"taxonomy":"product_brand","embeddable":true,"href":"https:\/\/nordicmart.andreevmaster.com\/da\/wp-json\/wp\/v2\/product_brand?post=27292"},{"taxonomy":"product_cat","embeddable":true,"href":"https:\/\/nordicmart.andreevmaster.com\/da\/wp-json\/wp\/v2\/product_cat?post=27292"},{"taxonomy":"product_tag","embeddable":true,"href":"https:\/\/nordicmart.andreevmaster.com\/da\/wp-json\/wp\/v2\/product_tag?post=27292"}],"curies":[{"name":"wp","href":"https:\/\/api.w.org\/{rel}","templated":true}]}}