{"id":27291,"date":"2026-02-27T00:36:20","date_gmt":"2026-02-27T00:36:20","guid":{"rendered":"https:\/\/nordicmart.andreevmaster.com\/product\/little-tikes-deep-bucket-swing-for-children-seat-2\/"},"modified":"2026-02-27T09:15:01","modified_gmt":"2026-02-27T09:15:01","slug":"little-tikes-deep-bucket-swing-for-children-seat-2","status":"publish","type":"product","link":"https:\/\/nordicmart.andreevmaster.com\/da\/vare\/little-tikes-deep-bucket-swing-for-children-seat-2\/","title":{"rendered":"Little Tikes Deep Bucket Swing for Children Seat"},"content":{"rendered":"<p>Den bl\u00e5 gynge fra det kendte m\u00e6rke Little Tikes vil give dit barn masser af gl\u00e6de. Derudover vil du give ham masser af sp\u00e6nding. Denne gynge vil holde dit barn smilende og glad p\u00e5 gyngen. Gyngen har en justerbar rem, et dybt s\u00e6de og en h\u00f8j rygl\u00e6n, der holder barnet i den rigtige position og dermed sikrer maksimal sikkerhed. Den bev\u00e6gelige tv\u00e6rstang, der fungerer som lukning, kan h\u00e6ves for at g\u00f8re det nemt at komme ind og ud af gyngen. Egenskaber: &#8211; fra 12 m\u00e5neder, &#8211; belastning op til 23 kg, &#8211; har justerbar rem, &#8211; h\u00f8j rygl\u00e6n til at holde barnets hoved, &#8211; l\u00e6ngden af rebet m\u00e5lt fra rygl\u00e6net er 130 cm (uden krog, krog). Little Tikes st\u00e5r for kreative l\u00f8sninger og holdbarhed, s\u00e5 du kan nyde leg i mange \u00e5r. Netop derfor er et af flagskibsprodukterne: bil &#8211; Cozy Coupe\u00ae ride-on, som i mere end tredive \u00e5r har bragt gl\u00e6de til de yngste b\u00f8rn. Det er ogs\u00e5 leget\u00f8j fra kategorierne: huse, husholdning, gynger og legepladser, gyngestole og g\u00e5vogne, m\u00f8bler, haveleget\u00f8j, b\u00f8rnek\u00f8ret\u00f8jer, rutsjebaner og klatrestativer.<\/p>\n","protected":false},"excerpt":{"rendered":"<p>Den bl\u00e5 gynge fra det kendte m\u00e6rke Little Tikes vil give dit barn masser af gl\u00e6de. Derudover vil du give ham masser af sp\u00e6nding. Denne gynge vil holde dit barn smilende og glad p\u00e5 gyngen. Gyngen har en justerbar rem, et dybt s\u00e6de og en h\u00f8j rygl\u00e6n, der holder barnet i den rigtige position og [&hellip;]<\/p>\n","protected":false},"featured_media":0,"comment_status":"open","ping_status":"closed","template":"","meta":[],"product_brand":[],"product_cat":[31],"product_tag":[],"class_list":{"0":"post-27291","1":"product","2":"type-product","3":"status-publish","5":"product_cat-uncategorized-da","7":"first","8":"instock","9":"shipping-taxable","10":"purchasable","11":"product-type-simple"},"_links":{"self":[{"href":"https:\/\/nordicmart.andreevmaster.com\/da\/wp-json\/wp\/v2\/product\/27291","targetHints":{"allow":["GET"]}}],"collection":[{"href":"https:\/\/nordicmart.andreevmaster.com\/da\/wp-json\/wp\/v2\/product"}],"about":[{"href":"https:\/\/nordicmart.andreevmaster.com\/da\/wp-json\/wp\/v2\/types\/product"}],"replies":[{"embeddable":true,"href":"https:\/\/nordicmart.andreevmaster.com\/da\/wp-json\/wp\/v2\/comments?post=27291"}],"wp:attachment":[{"href":"https:\/\/nordicmart.andreevmaster.com\/da\/wp-json\/wp\/v2\/media?parent=27291"}],"wp:term":[{"taxonomy":"product_brand","embeddable":true,"href":"https:\/\/nordicmart.andreevmaster.com\/da\/wp-json\/wp\/v2\/product_brand?post=27291"},{"taxonomy":"product_cat","embeddable":true,"href":"https:\/\/nordicmart.andreevmaster.com\/da\/wp-json\/wp\/v2\/product_cat?post=27291"},{"taxonomy":"product_tag","embeddable":true,"href":"https:\/\/nordicmart.andreevmaster.com\/da\/wp-json\/wp\/v2\/product_tag?post=27291"}],"curies":[{"name":"wp","href":"https:\/\/api.w.org\/{rel}","templated":true}]}}