{"id":27290,"date":"2026-02-27T00:36:19","date_gmt":"2026-02-27T00:36:19","guid":{"rendered":"https:\/\/nordicmart.andreevmaster.com\/product\/step2-pump-splash-shady-oasis-vandlegeplads-med-pumpe-og-baldakin\/"},"modified":"2026-02-27T09:15:01","modified_gmt":"2026-02-27T09:15:01","slug":"step2-pump-splash-shady-oasis-vandlegeplads-med-pumpe-og-baldakin","status":"publish","type":"product","link":"https:\/\/nordicmart.andreevmaster.com\/da\/vare\/step2-pump-splash-shady-oasis-vandlegeplads-med-pumpe-og-baldakin\/","title":{"rendered":"STEP2 Pump &#038; Splash Shady Oasis vandlegeplads med pumpe og baldakin"},"content":{"rendered":"<p>Pump &#038; Splash Shady Oasis \u2013 et vandparadis for b\u00f8rn at lege i!<\/p>\n<p>Forvandl din have til et eventyrligt vandlegecenter med Pump &#038; Splash Shady Oasis\u2122! Dette unikke s\u00e6t giver b\u00f8rn timevis af kreativ og aktiv udend\u00f8rs sjov. Den stilfulde pavillonbaldakin beskytter ikke kun mod solen, men skaber ogs\u00e5 et magisk rum fuld af vandoverraskelser.<\/p>\n<p>Funktioner:<\/p>\n<p>\u2714 Aktiv vandpumpe: Fyld tanken (26,5 l) og t\u00e6nd for vandet for at starte vandeventuret!<\/p>\n<p>\u2714 Bev\u00e6gelige elementer: Vandtragte, spinnere, aftagelig d\u00e6mning og en imponerende regnbakke for endnu mere sjov.<\/p>\n<p>\u2714 Sikker baldakin: Robust baldakin i markedsstil med vindflapper og nemt fastg\u00f8relsessystem.<\/p>\n<p>\u2714 Vandcirkulation: tre trug leder vandet gennem oasen og tilbage til reservoiret \u2013 uendelig sjov!<\/p>\n<p>\u2714 B\u00f8rnevenlig: lav konstruktion og h\u00e6ngslet bro g\u00f8r den let tilg\u00e6ngelig, selv for b\u00f8rn i k\u00f8restole.<\/p>\n<p>\u2714 Enest\u00e5ende holdbarhed: fremstillet af superst\u00e6rk EverTough\u2122-plast, som er skadesresistent og let at reng\u00f8re.\u2714 Nem montering: hurtig at samle takket v\u00e6re klare instruktioner (kr\u00e6ver hj\u00e6lp fra en voksen).<\/p>\n<p>\u2714 Inkluderet: vandoase med pumpe, reservoir, render, bro og 14-delt tilbeh\u00f8rss\u00e6t.<\/p>\n<p>Tekniske data:<\/p>\n<p>* M\u00e5l (L x B x H): 120,7 x 120,7 x 152,4 cm<br \/>\n* Materiale: Rotationsst\u00f8bt plast<br \/>\n* Certifikater: CE, EN 71<br \/>\n* Garanti: 3 \u00e5r<br \/>\n* Tankkapacitet: 26,5 liter<br \/>\n* Sandkasse, gynge og rutsjebane medf\u00f8lger ikke<\/p>\n<p>M\u00e5l (L x B x H): 120,7 x 120,7 x 152,4 cm<\/p>\n<p>Materiale: Rotationsst\u00f8bt plast<\/p>\n<p>Certifikater: CE, EN 71<\/p>\n<p>Garanti: 3 \u00e5r<\/p>\n<p>Tankkapacitet: 26,5 liter<\/p>\n<p>Sandkasse, gynge og rutsjebane medf\u00f8lger ikke<\/p>\n","protected":false},"excerpt":{"rendered":"<p>Pump &#038; Splash Shady Oasis \u2013 et vandparadis for b\u00f8rn at lege i! Forvandl din have til et eventyrligt vandlegecenter med Pump &#038; Splash Shady Oasis\u2122! Dette unikke s\u00e6t giver b\u00f8rn timevis af kreativ og aktiv udend\u00f8rs sjov. Den stilfulde pavillonbaldakin beskytter ikke kun mod solen, men skaber ogs\u00e5 et magisk rum fuld af vandoverraskelser. [&hellip;]<\/p>\n","protected":false},"featured_media":0,"comment_status":"open","ping_status":"closed","template":"","meta":[],"product_brand":[],"product_cat":[31],"product_tag":[],"class_list":{"0":"post-27290","1":"product","2":"type-product","3":"status-publish","5":"product_cat-uncategorized-da","7":"first","8":"instock","9":"shipping-taxable","10":"purchasable","11":"product-type-simple"},"_links":{"self":[{"href":"https:\/\/nordicmart.andreevmaster.com\/da\/wp-json\/wp\/v2\/product\/27290","targetHints":{"allow":["GET"]}}],"collection":[{"href":"https:\/\/nordicmart.andreevmaster.com\/da\/wp-json\/wp\/v2\/product"}],"about":[{"href":"https:\/\/nordicmart.andreevmaster.com\/da\/wp-json\/wp\/v2\/types\/product"}],"replies":[{"embeddable":true,"href":"https:\/\/nordicmart.andreevmaster.com\/da\/wp-json\/wp\/v2\/comments?post=27290"}],"wp:attachment":[{"href":"https:\/\/nordicmart.andreevmaster.com\/da\/wp-json\/wp\/v2\/media?parent=27290"}],"wp:term":[{"taxonomy":"product_brand","embeddable":true,"href":"https:\/\/nordicmart.andreevmaster.com\/da\/wp-json\/wp\/v2\/product_brand?post=27290"},{"taxonomy":"product_cat","embeddable":true,"href":"https:\/\/nordicmart.andreevmaster.com\/da\/wp-json\/wp\/v2\/product_cat?post=27290"},{"taxonomy":"product_tag","embeddable":true,"href":"https:\/\/nordicmart.andreevmaster.com\/da\/wp-json\/wp\/v2\/product_tag?post=27290"}],"curies":[{"name":"wp","href":"https:\/\/api.w.org\/{rel}","templated":true}]}}