{"id":27288,"date":"2026-02-27T00:36:19","date_gmt":"2026-02-27T00:36:19","guid":{"rendered":"https:\/\/nordicmart.andreevmaster.com\/product\/rolly-toys-rollydigger-john-deere-selvkorende-gravemaskine-ride-on-legetoj-gron\/"},"modified":"2026-02-27T09:15:00","modified_gmt":"2026-02-27T09:15:00","slug":"rolly-toys-rollydigger-john-deere-selvkorende-gravemaskine-ride-on-legetoj-gron","status":"publish","type":"product","link":"https:\/\/nordicmart.andreevmaster.com\/da\/vare\/rolly-toys-rollydigger-john-deere-selvkorende-gravemaskine-ride-on-legetoj-gron\/","title":{"rendered":"Rolly Toys RollyDigger John Deere Selvk\u00f8rende gravemaskine Ride-on leget\u00f8j &#8211; Gr\u00f8n"},"content":{"rendered":"<p>RollyDigger John Deere gravemaskinen er et leget\u00f8j af h\u00f8j kvalitet, der er specielt designet til b\u00f8rn fra 3 \u00e5r og opefter. Gravemaskinen er nem at bruge og er perfekt til haven eller stranden. Med dette fuldt funktionelle leget\u00f8j kan sm\u00e5 ingeni\u00f8rer skabe deres egne byggepladser og lade fantasien l\u00f8be frit. Gravemaskinen har en imponerende 360\u00b0 rotationsfunktion, s\u00e5 b\u00f8rnene kan bev\u00e6ge l\u00e6sseramen i alle retninger. Det g\u00f8r det nemt for dem at samle sand, sten eller andre materialer og transportere dem til et andet sted. En s\u00e6rlig funktion ved gravemaskinen er den automatiske l\u00e5sning af l\u00e6sserarmen. N\u00e5r materialet er samlet op, l\u00e5ses armen automatisk, hvilket sikrer sikker transport. Dette giver b\u00f8rnene en realistisk legeoplevelse og underst\u00f8tter deres motoriske f\u00e6rdigheder. Levende farver og autentisk design g\u00f8r John Deere rollyDigger til et rigtigt blikfang. Uanset om det er i sandkassen, haven eller legerummet, giver denne gravemaskine timevis af sjov og lader de sm\u00e5 bygherrer opleve store eventyr. FUNKTIONER:<\/p>\n<p>&#8211; Leget\u00f8j til b\u00f8rn fra 3 \u00e5r &#8211; John Deere-licens &#8211; Automatisk arml\u00e5s &#8211; sikrer sikker leg for dit barn &#8211; Funktionel gravemaskinebom, 360 graders rotation omkring den lodrette akse &#8211; Lastekapacitet op til ca. 50 kg &#8211; Udseende ligner autentiske k\u00f8ret\u00f8jer &#8211; Elementer kan kombineres og suppleres for at skabe en vidunderlig samling, som unge brugere vil nyde<\/p>\n","protected":false},"excerpt":{"rendered":"<p>RollyDigger John Deere gravemaskinen er et leget\u00f8j af h\u00f8j kvalitet, der er specielt designet til b\u00f8rn fra 3 \u00e5r og opefter. Gravemaskinen er nem at bruge og er perfekt til haven eller stranden. Med dette fuldt funktionelle leget\u00f8j kan sm\u00e5 ingeni\u00f8rer skabe deres egne byggepladser og lade fantasien l\u00f8be frit. Gravemaskinen har en imponerende 360\u00b0 [&hellip;]<\/p>\n","protected":false},"featured_media":0,"comment_status":"open","ping_status":"closed","template":"","meta":[],"product_brand":[],"product_cat":[31],"product_tag":[],"class_list":{"0":"post-27288","1":"product","2":"type-product","3":"status-publish","5":"product_cat-uncategorized-da","7":"first","8":"instock","9":"shipping-taxable","10":"purchasable","11":"product-type-simple"},"_links":{"self":[{"href":"https:\/\/nordicmart.andreevmaster.com\/da\/wp-json\/wp\/v2\/product\/27288","targetHints":{"allow":["GET"]}}],"collection":[{"href":"https:\/\/nordicmart.andreevmaster.com\/da\/wp-json\/wp\/v2\/product"}],"about":[{"href":"https:\/\/nordicmart.andreevmaster.com\/da\/wp-json\/wp\/v2\/types\/product"}],"replies":[{"embeddable":true,"href":"https:\/\/nordicmart.andreevmaster.com\/da\/wp-json\/wp\/v2\/comments?post=27288"}],"wp:attachment":[{"href":"https:\/\/nordicmart.andreevmaster.com\/da\/wp-json\/wp\/v2\/media?parent=27288"}],"wp:term":[{"taxonomy":"product_brand","embeddable":true,"href":"https:\/\/nordicmart.andreevmaster.com\/da\/wp-json\/wp\/v2\/product_brand?post=27288"},{"taxonomy":"product_cat","embeddable":true,"href":"https:\/\/nordicmart.andreevmaster.com\/da\/wp-json\/wp\/v2\/product_cat?post=27288"},{"taxonomy":"product_tag","embeddable":true,"href":"https:\/\/nordicmart.andreevmaster.com\/da\/wp-json\/wp\/v2\/product_tag?post=27288"}],"curies":[{"name":"wp","href":"https:\/\/api.w.org\/{rel}","templated":true}]}}