{"id":27285,"date":"2026-02-27T00:36:18","date_gmt":"2026-02-27T00:36:18","guid":{"rendered":"https:\/\/nordicmart.andreevmaster.com\/product\/step2-vandbord-med-regnbruser-spand-og-tragt-dyr\/"},"modified":"2026-02-27T09:15:00","modified_gmt":"2026-02-27T09:15:00","slug":"step2-vandbord-med-regnbruser-spand-og-tragt-dyr","status":"publish","type":"product","link":"https:\/\/nordicmart.andreevmaster.com\/da\/vare\/step2-vandbord-med-regnbruser-spand-og-tragt-dyr\/","title":{"rendered":"Step2 vandbord med regnbruser, spand og tragt + dyr"},"content":{"rendered":"<p>Alsidig vandleg starter med dette yndige vandbord til b\u00f8rn. Hav det sjovt med at lege med vand. Den dobbeltsidede bakke skaber en realistisk regneffekt \u2013 bare h\u00e6ld vand i, og s\u00e5 kan legen begynde! Vandet fra bakken \u00f8verst skaber en realistisk regneffekt. P\u00e5 den ene side l\u00f8ber det ogs\u00e5 ned i en spand, der, n\u00e5r den er fuld, drejer rundt og h\u00e6lder vandet ud, mens der p\u00e5 den anden side er en rende, der leder vandet direkte ned p\u00e5 en roterende vindm\u00f8lle. S\u00e6ttet indeholder ogs\u00e5 et springbr\u00e6t til dyr, en spandholder og en sigte. Alt ender i soppebassinet i bunden.<\/p>\n<p>Egenskaber:<\/p>\n<p>* &#8211; til b\u00f8rn fra 2 \u00e5r<br \/>\n* &#8211; Tanken rummer ca. 15 liter vand<br \/>\n* &#8211; Skal samles af en voksen<br \/>\n* &#8211; Let at reng\u00f8re<\/p>\n<p>Hvis du prioriterer kvalitet og sikkerhed, n\u00e5r du v\u00e6lger leget\u00f8j til dit barn, vil hele sortimentet af farverige Step2-leget\u00f8j helt sikkert opfylde b\u00e5de b\u00f8rns og for\u00e6ldres forventninger. Udvalget omfatter blandt andet: sandkasser, havehuse, legepladser, v\u00e6rksteder, leget\u00f8j til at k\u00f8re p\u00e5, k\u00f8kkener og b\u00f8rnem\u00f8bler.<\/p>\n<p>&lt;center&gt;&lt;iframe width=&#8221;1214&#8243; height=&#8221;683&#8243; src=&#8221;https:\/\/www.youtube.com\/embed\/UGge23dXEUI&#8221; title=&#8221;Step2 vandbord med regnbruser, spand og tragt + dyr&#8221; frameborder=&#8221;0&#8243; allow=&#8221;accelerometer; autoplay; clipboard-write; encrypted-media; gyroscope; picture-in-picture; web-share&#8221; allowfullscreen&gt;&lt;\/iframe&gt;&lt;\/center&gt;<\/p>\n","protected":false},"excerpt":{"rendered":"<p>Alsidig vandleg starter med dette yndige vandbord til b\u00f8rn. Hav det sjovt med at lege med vand. Den dobbeltsidede bakke skaber en realistisk regneffekt \u2013 bare h\u00e6ld vand i, og s\u00e5 kan legen begynde! Vandet fra bakken \u00f8verst skaber en realistisk regneffekt. P\u00e5 den ene side l\u00f8ber det ogs\u00e5 ned i en spand, der, n\u00e5r [&hellip;]<\/p>\n","protected":false},"featured_media":0,"comment_status":"open","ping_status":"closed","template":"","meta":[],"product_brand":[],"product_cat":[31],"product_tag":[],"class_list":{"0":"post-27285","1":"product","2":"type-product","3":"status-publish","5":"product_cat-uncategorized-da","7":"first","8":"instock","9":"shipping-taxable","10":"purchasable","11":"product-type-simple"},"_links":{"self":[{"href":"https:\/\/nordicmart.andreevmaster.com\/da\/wp-json\/wp\/v2\/product\/27285","targetHints":{"allow":["GET"]}}],"collection":[{"href":"https:\/\/nordicmart.andreevmaster.com\/da\/wp-json\/wp\/v2\/product"}],"about":[{"href":"https:\/\/nordicmart.andreevmaster.com\/da\/wp-json\/wp\/v2\/types\/product"}],"replies":[{"embeddable":true,"href":"https:\/\/nordicmart.andreevmaster.com\/da\/wp-json\/wp\/v2\/comments?post=27285"}],"wp:attachment":[{"href":"https:\/\/nordicmart.andreevmaster.com\/da\/wp-json\/wp\/v2\/media?parent=27285"}],"wp:term":[{"taxonomy":"product_brand","embeddable":true,"href":"https:\/\/nordicmart.andreevmaster.com\/da\/wp-json\/wp\/v2\/product_brand?post=27285"},{"taxonomy":"product_cat","embeddable":true,"href":"https:\/\/nordicmart.andreevmaster.com\/da\/wp-json\/wp\/v2\/product_cat?post=27285"},{"taxonomy":"product_tag","embeddable":true,"href":"https:\/\/nordicmart.andreevmaster.com\/da\/wp-json\/wp\/v2\/product_tag?post=27285"}],"curies":[{"name":"wp","href":"https:\/\/api.w.org\/{rel}","templated":true}]}}