{"id":27284,"date":"2026-02-27T00:36:18","date_gmt":"2026-02-27T00:36:18","guid":{"rendered":"https:\/\/nordicmart.andreevmaster.com\/product\/rolly-toys-fejemaskine-til-traktor\/"},"modified":"2026-02-27T09:15:00","modified_gmt":"2026-02-27T09:15:00","slug":"rolly-toys-fejemaskine-til-traktor","status":"publish","type":"product","link":"https:\/\/nordicmart.andreevmaster.com\/da\/vare\/rolly-toys-fejemaskine-til-traktor\/","title":{"rendered":"Rolly Toys Fejemaskine til traktor"},"content":{"rendered":"<p>Det perfekte tilbeh\u00f8r til enhver Rolly Toys-traktor.<\/p>\n<p>Egenskaber:<\/p>\n<p>* &#8211; h\u00f8jkvalitets blank plast, let at holde ren,<br \/>\n* &#8211; fuldt funktionelt fejesystem,<br \/>\n* &#8211; passer til alle ROLLY TOYS-k\u00f8ret\u00f8jer med en frontmonteret krog,<br \/>\n* &#8211; meget stabil og holdbar konstruktion.<\/p>\n","protected":false},"excerpt":{"rendered":"<p>Det perfekte tilbeh\u00f8r til enhver Rolly Toys-traktor. Egenskaber: * &#8211; h\u00f8jkvalitets blank plast, let at holde ren, * &#8211; fuldt funktionelt fejesystem, * &#8211; passer til alle ROLLY TOYS-k\u00f8ret\u00f8jer med en frontmonteret krog, * &#8211; meget stabil og holdbar konstruktion.<\/p>\n","protected":false},"featured_media":0,"comment_status":"open","ping_status":"closed","template":"","meta":[],"product_brand":[],"product_cat":[31],"product_tag":[],"class_list":{"0":"post-27284","1":"product","2":"type-product","3":"status-publish","5":"product_cat-uncategorized-da","7":"first","8":"instock","9":"shipping-taxable","10":"purchasable","11":"product-type-simple"},"_links":{"self":[{"href":"https:\/\/nordicmart.andreevmaster.com\/da\/wp-json\/wp\/v2\/product\/27284","targetHints":{"allow":["GET"]}}],"collection":[{"href":"https:\/\/nordicmart.andreevmaster.com\/da\/wp-json\/wp\/v2\/product"}],"about":[{"href":"https:\/\/nordicmart.andreevmaster.com\/da\/wp-json\/wp\/v2\/types\/product"}],"replies":[{"embeddable":true,"href":"https:\/\/nordicmart.andreevmaster.com\/da\/wp-json\/wp\/v2\/comments?post=27284"}],"wp:attachment":[{"href":"https:\/\/nordicmart.andreevmaster.com\/da\/wp-json\/wp\/v2\/media?parent=27284"}],"wp:term":[{"taxonomy":"product_brand","embeddable":true,"href":"https:\/\/nordicmart.andreevmaster.com\/da\/wp-json\/wp\/v2\/product_brand?post=27284"},{"taxonomy":"product_cat","embeddable":true,"href":"https:\/\/nordicmart.andreevmaster.com\/da\/wp-json\/wp\/v2\/product_cat?post=27284"},{"taxonomy":"product_tag","embeddable":true,"href":"https:\/\/nordicmart.andreevmaster.com\/da\/wp-json\/wp\/v2\/product_tag?post=27284"}],"curies":[{"name":"wp","href":"https:\/\/api.w.org\/{rel}","templated":true}]}}