{"id":27283,"date":"2026-02-27T00:36:17","date_gmt":"2026-02-27T00:36:17","guid":{"rendered":"https:\/\/nordicmart.andreevmaster.com\/product\/woopie-2-i-1-vandbord-og-sandkasse-med-molle-og-14-tilbehorsdele\/"},"modified":"2026-02-27T09:14:59","modified_gmt":"2026-02-27T09:14:59","slug":"woopie-2-i-1-vandbord-og-sandkasse-med-molle-og-14-tilbehorsdele","status":"publish","type":"product","link":"https:\/\/nordicmart.andreevmaster.com\/da\/vare\/woopie-2-i-1-vandbord-og-sandkasse-med-molle-og-14-tilbehorsdele\/","title":{"rendered":"WOOPIE 2-i-1 vandbord og sandkasse med m\u00f8lle og 14 tilbeh\u00f8rsdele"},"content":{"rendered":"<p>2-i-1 vandbord og sandkasse fra WOOPIE er det perfekte leget\u00f8j til leg med vand og sand. S\u00e6ttet indeholder 14 tilbeh\u00f8rsdele: 4 forme, en vandkande, en m\u00f8lle, en skovl, en rive, en leget\u00f8jsbil og 2 skibe. Bordet har 2 fordybninger, hvoraf den ene kan fyldes med vand og den anden med sand, s\u00e5 der kan leges overalt. B\u00f8rnene kan h\u00e6lde vand i m\u00f8llen og se det l\u00f8be ned. S\u00e6ttet er designet til leg b\u00e5de inde og ude. Perfekt til leg derhjemme, p\u00e5 stranden eller i sandkassen. <\/p>\n<p>Egenskaber:<\/p>\n<p>* &#8211; fra 3 \u00e5r,<br \/>\n* &#8211; 2-i-1 &#8211; vandbord + sandkasse,<br \/>\n* &#8211; s\u00e6ttet indeholder tilbeh\u00f8r, herunder en vandm\u00f8lle,<br \/>\n* &#8211; til leg ude og inde.<\/p>\n<p>S\u00e6ttet indeholder:<\/p>\n<p>* &#8211; 4 forme,<br \/>\n* &#8211; en vandkande,<br \/>\n* &#8211; en kv\u00e6rn,<br \/>\n* &#8211; en skovl og en rive,<br \/>\n* &#8211; leget\u00f8jsbil,<br \/>\n* &#8211; 2 b\u00e5de.<\/p>\n","protected":false},"excerpt":{"rendered":"<p>2-i-1 vandbord og sandkasse fra WOOPIE er det perfekte leget\u00f8j til leg med vand og sand. S\u00e6ttet indeholder 14 tilbeh\u00f8rsdele: 4 forme, en vandkande, en m\u00f8lle, en skovl, en rive, en leget\u00f8jsbil og 2 skibe. Bordet har 2 fordybninger, hvoraf den ene kan fyldes med vand og den anden med sand, s\u00e5 der kan leges [&hellip;]<\/p>\n","protected":false},"featured_media":0,"comment_status":"open","ping_status":"closed","template":"","meta":[],"product_brand":[],"product_cat":[31],"product_tag":[],"class_list":{"0":"post-27283","1":"product","2":"type-product","3":"status-publish","5":"product_cat-uncategorized-da","7":"first","8":"instock","9":"shipping-taxable","10":"purchasable","11":"product-type-simple"},"_links":{"self":[{"href":"https:\/\/nordicmart.andreevmaster.com\/da\/wp-json\/wp\/v2\/product\/27283","targetHints":{"allow":["GET"]}}],"collection":[{"href":"https:\/\/nordicmart.andreevmaster.com\/da\/wp-json\/wp\/v2\/product"}],"about":[{"href":"https:\/\/nordicmart.andreevmaster.com\/da\/wp-json\/wp\/v2\/types\/product"}],"replies":[{"embeddable":true,"href":"https:\/\/nordicmart.andreevmaster.com\/da\/wp-json\/wp\/v2\/comments?post=27283"}],"wp:attachment":[{"href":"https:\/\/nordicmart.andreevmaster.com\/da\/wp-json\/wp\/v2\/media?parent=27283"}],"wp:term":[{"taxonomy":"product_brand","embeddable":true,"href":"https:\/\/nordicmart.andreevmaster.com\/da\/wp-json\/wp\/v2\/product_brand?post=27283"},{"taxonomy":"product_cat","embeddable":true,"href":"https:\/\/nordicmart.andreevmaster.com\/da\/wp-json\/wp\/v2\/product_cat?post=27283"},{"taxonomy":"product_tag","embeddable":true,"href":"https:\/\/nordicmart.andreevmaster.com\/da\/wp-json\/wp\/v2\/product_tag?post=27283"}],"curies":[{"name":"wp","href":"https:\/\/api.w.org\/{rel}","templated":true}]}}