{"id":27282,"date":"2026-02-27T00:36:17","date_gmt":"2026-02-27T00:36:17","guid":{"rendered":"https:\/\/nordicmart.andreevmaster.com\/product\/step2-byggeplads-med-vandbord-og-tilbehor\/"},"modified":"2026-02-27T09:14:59","modified_gmt":"2026-02-27T09:14:59","slug":"step2-byggeplads-med-vandbord-og-tilbehor","status":"publish","type":"product","link":"https:\/\/nordicmart.andreevmaster.com\/da\/vare\/step2-byggeplads-med-vandbord-og-tilbehor\/","title":{"rendered":"STEP2 Byggeplads med vandbord og tilbeh\u00f8r"},"content":{"rendered":"<p>Step2 Ball Buddies Adventure Center to-etagers legebord til b\u00f8rn! Ud over den klassiske Ball Buddies-dumper indeholder dette udend\u00f8rs legebord til b\u00f8rn en Ball Buddies-helikopter, b\u00e5d og tog, som kan transportere to legebolde p\u00e5 samme tid! Ball Buddies kan ikke vente med at tage p\u00e5 eventyr rundt om floden eller sejle rundt i kurverne p\u00e5 de st\u00f8bte veje og broer. Med sit store areal, mange medf\u00f8lgende tilbeh\u00f8rsdele og mange forskellige m\u00e5der at lege p\u00e5 er dette vandbord til b\u00f8rn et godt valg til social leg for flere b\u00f8rn. Derudover tilbyder individuelle stationer rundt om bassinet ekstra muligheder for yngre b\u00f8rn, der \u00f8nsker at lege alene. De sm\u00e5 eventyrere kan bruge ringen til at kaste bolde i vandet og nyde sp\u00e6ndende vandleg med vandhjulet og de medf\u00f8lgende m\u00e5leb\u00e6gre. Der er endda et interaktivt hjul i bunden, s\u00e5 de sm\u00e5 kan s\u00e6tte vandet i bev\u00e6gelse og skabe en str\u00f8mmende flod.<\/p>\n<p>Funktioner:<br \/>\n* &#8211; Inkluderer fire Ball Buddies-k\u00f8ret\u00f8jer \u2013 et tog, en b\u00e5d, en dumper og en helikopter!<br \/>\n* &#8211; Inkluderer fire Ball Buddies-k\u00f8ret\u00f8jer \u2013 et tog, en b\u00e5d, en dumper og en helikopter!<br \/>\n* &#8211; Det to-etagers vandbord har flydende flodbassiner samt veje, broer og lasteramper.<br \/>\n* &#8211; Fantastisk leget\u00f8j, der l\u00e6rer b\u00f8rn at dele, vente p\u00e5 tur og v\u00e6re t\u00e5lmodige!<br \/>\n* &#8211; Talrige stationer og tilbeh\u00f8r giver b\u00f8rnene mulighed for at lege sammen eller alene og opleve vandleg.<br \/>\n* &#8211; Reng\u00f8ring er nemt takket v\u00e6re praktiske udsk\u00e6ringer i bordbenene til opbevaring af legekugler og plads i sk\u00e5len til opbevaring af tilbeh\u00f8r.* &#8211; Vandlegsstationerne har to ringe, et vandhjul og et hjul i bunden af bassinet. Bolde kan ogs\u00e5 affyres fra to katapulter. * &#8211; EverTough\u2122, dette udend\u00f8rs vandbord er robust og holdbart, hvilket g\u00f8r det ideelt til problemfri leg med nem vedligeholdelse.* &#8211; Inkluderer en l\u00e6kagesikker dr\u00e6nprop, der holder p\u00e5 vandet under leg og g\u00f8r det nemt at t\u00f8mme. * &#8211; Kapacitet: 12,7 l. * &#8211; Kr\u00e6ver samling af en voksen. <\/p>\n<p>Inkluderet: &#8211; Vandbordets base og ben,<br \/>\n* &#8211; 4 Ball Buddies-leget\u00f8j,<br \/>\n* &#8211; boldtang,<br \/>\n* &#8211; 2 hj\u00f8rnet\u00e5rne,<br \/>\n* &#8211; vandhjul,<br \/>\n* &#8211; brofastg\u00f8relse,<br \/>\n* &#8211; hjul,<br \/>\n* &#8211; 3 kopper,<br \/>\n* &#8211; 10 legebolde.<\/p>\n<p>Step2 \u2013 kvalitet f\u00f8rst, fantastisk leget\u00f8j bagefter! Hvis du prioriterer kvalitet og sikkerhed, n\u00e5r du v\u00e6lger leget\u00f8j til dit barn, vil hele sortimentet af fantastisk leget\u00f8j fra det amerikanske firma Step2 helt sikkert opfylde forventningerne hos b\u00f8rn, for\u00e6ldre, vuggestuer, b\u00f8rnehaver og andre uddannelsesinstitutioner. Step2 har produceret det bedste leget\u00f8j i USA i \u00e5rtier! Sortimentet omfatter sandkasser, havehuse, legepladser, v\u00e6rksteder, leget\u00f8j til at k\u00f8re p\u00e5, k\u00f8kkener og b\u00f8rnem\u00f8bler.<\/p>\n","protected":false},"excerpt":{"rendered":"<p>Step2 Ball Buddies Adventure Center to-etagers legebord til b\u00f8rn! Ud over den klassiske Ball Buddies-dumper indeholder dette udend\u00f8rs legebord til b\u00f8rn en Ball Buddies-helikopter, b\u00e5d og tog, som kan transportere to legebolde p\u00e5 samme tid! Ball Buddies kan ikke vente med at tage p\u00e5 eventyr rundt om floden eller sejle rundt i kurverne p\u00e5 de [&hellip;]<\/p>\n","protected":false},"featured_media":0,"comment_status":"open","ping_status":"closed","template":"","meta":[],"product_brand":[],"product_cat":[31],"product_tag":[],"class_list":{"0":"post-27282","1":"product","2":"type-product","3":"status-publish","5":"product_cat-uncategorized-da","7":"first","8":"instock","9":"shipping-taxable","10":"purchasable","11":"product-type-simple"},"_links":{"self":[{"href":"https:\/\/nordicmart.andreevmaster.com\/da\/wp-json\/wp\/v2\/product\/27282","targetHints":{"allow":["GET"]}}],"collection":[{"href":"https:\/\/nordicmart.andreevmaster.com\/da\/wp-json\/wp\/v2\/product"}],"about":[{"href":"https:\/\/nordicmart.andreevmaster.com\/da\/wp-json\/wp\/v2\/types\/product"}],"replies":[{"embeddable":true,"href":"https:\/\/nordicmart.andreevmaster.com\/da\/wp-json\/wp\/v2\/comments?post=27282"}],"wp:attachment":[{"href":"https:\/\/nordicmart.andreevmaster.com\/da\/wp-json\/wp\/v2\/media?parent=27282"}],"wp:term":[{"taxonomy":"product_brand","embeddable":true,"href":"https:\/\/nordicmart.andreevmaster.com\/da\/wp-json\/wp\/v2\/product_brand?post=27282"},{"taxonomy":"product_cat","embeddable":true,"href":"https:\/\/nordicmart.andreevmaster.com\/da\/wp-json\/wp\/v2\/product_cat?post=27282"},{"taxonomy":"product_tag","embeddable":true,"href":"https:\/\/nordicmart.andreevmaster.com\/da\/wp-json\/wp\/v2\/product_tag?post=27282"}],"curies":[{"name":"wp","href":"https:\/\/api.w.org\/{rel}","templated":true}]}}