{"id":27281,"date":"2026-02-27T00:36:17","date_gmt":"2026-02-27T00:36:17","guid":{"rendered":"https:\/\/nordicmart.andreevmaster.com\/product\/falk-racing-ride-on-toy-red-wide-wheels-1-2\/"},"modified":"2026-02-27T09:14:59","modified_gmt":"2026-02-27T09:14:59","slug":"falk-racing-ride-on-toy-red-wide-wheels-1-2","status":"publish","type":"product","link":"https:\/\/nordicmart.andreevmaster.com\/da\/vare\/falk-racing-ride-on-toy-red-wide-wheels-1-2\/","title":{"rendered":"FALK Racing Ride-On Toy Red Wide Wheels 1+"},"content":{"rendered":"<p>Dette ride-on leget\u00f8j fra den franske ride-on leget\u00f8jsproducent Falk er den perfekte gave til b\u00f8rn fra 2 \u00e5r og opefter. Det smukke design og realistiske udseende vil give de sm\u00e5 masser af gl\u00e6de. Ride-on leget\u00f8jet er udstyret med store hjul, der er perfekte til forskellige overflader. Forhjulet er drejeligt for mere komfortabel styring og svingning.<\/p>\n<p>Funktioner: .<\/p>\n<p>* &#8211; Designet til b\u00f8rn i alderen 1 til 3 \u00e5r<br \/>\n* &#8211; Maksimal belastningskapacitet p\u00e5 25 kg,<br \/>\n* &#8211; Fremstillet af h\u00f8jkvalitetsplast, der er modstandsdygtig over for vejrforhold,<br \/>\n* &#8211; Ergonomisk design g\u00f8r k\u00f8rslen behagelig,<br \/>\n* &#8211; Takket v\u00e6re de brede hjul er k\u00f8ret\u00f8jet stabilt ,<\/p>\n<p>Falk er en f\u00f8rende europ\u00e6isk producent af h\u00f8jkvalitets pedalk\u00f8ret\u00f8jer. Virksomhedens produktsortiment omfatter traktorer med licens fra m\u00e6rker som Claas, Renault, McCormick, Kubota, Case IH og andre. Alle k\u00f8ret\u00f8jer er fremstillet i Frankrig af materialer af h\u00f8j kvalitet.<\/p>\n","protected":false},"excerpt":{"rendered":"<p>Dette ride-on leget\u00f8j fra den franske ride-on leget\u00f8jsproducent Falk er den perfekte gave til b\u00f8rn fra 2 \u00e5r og opefter. Det smukke design og realistiske udseende vil give de sm\u00e5 masser af gl\u00e6de. Ride-on leget\u00f8jet er udstyret med store hjul, der er perfekte til forskellige overflader. Forhjulet er drejeligt for mere komfortabel styring og svingning. [&hellip;]<\/p>\n","protected":false},"featured_media":0,"comment_status":"open","ping_status":"closed","template":"","meta":[],"product_brand":[],"product_cat":[31],"product_tag":[],"class_list":{"0":"post-27281","1":"product","2":"type-product","3":"status-publish","5":"product_cat-uncategorized-da","7":"first","8":"instock","9":"shipping-taxable","10":"purchasable","11":"product-type-simple"},"_links":{"self":[{"href":"https:\/\/nordicmart.andreevmaster.com\/da\/wp-json\/wp\/v2\/product\/27281","targetHints":{"allow":["GET"]}}],"collection":[{"href":"https:\/\/nordicmart.andreevmaster.com\/da\/wp-json\/wp\/v2\/product"}],"about":[{"href":"https:\/\/nordicmart.andreevmaster.com\/da\/wp-json\/wp\/v2\/types\/product"}],"replies":[{"embeddable":true,"href":"https:\/\/nordicmart.andreevmaster.com\/da\/wp-json\/wp\/v2\/comments?post=27281"}],"wp:attachment":[{"href":"https:\/\/nordicmart.andreevmaster.com\/da\/wp-json\/wp\/v2\/media?parent=27281"}],"wp:term":[{"taxonomy":"product_brand","embeddable":true,"href":"https:\/\/nordicmart.andreevmaster.com\/da\/wp-json\/wp\/v2\/product_brand?post=27281"},{"taxonomy":"product_cat","embeddable":true,"href":"https:\/\/nordicmart.andreevmaster.com\/da\/wp-json\/wp\/v2\/product_cat?post=27281"},{"taxonomy":"product_tag","embeddable":true,"href":"https:\/\/nordicmart.andreevmaster.com\/da\/wp-json\/wp\/v2\/product_tag?post=27281"}],"curies":[{"name":"wp","href":"https:\/\/api.w.org\/{rel}","templated":true}]}}