{"id":27280,"date":"2026-02-27T00:36:16","date_gmt":"2026-02-27T00:36:16","guid":{"rendered":"https:\/\/nordicmart.andreevmaster.com\/product\/smoby-spidey-koresimulator-med-lys-og-lyd\/"},"modified":"2026-02-27T09:14:58","modified_gmt":"2026-02-27T09:14:58","slug":"smoby-spidey-koresimulator-med-lys-og-lyd","status":"publish","type":"product","link":"https:\/\/nordicmart.andreevmaster.com\/da\/vare\/smoby-spidey-koresimulator-med-lys-og-lyd\/","title":{"rendered":"Smoby Spidey k\u00f8resimulator med lys og lyd"},"content":{"rendered":"<p>Smoby Spidey k\u00f8resimulator inviterer b\u00f8rn fra tre \u00e5r og opefter til at deltage i et raceeventyr! Begiv dig ud p\u00e5 en rejse fuld af sp\u00e6nding og overraskelser med figurerne fra tegneserieserien Spidey and Super Friends. Denne multifunktionelle simulator stimulerer fantasien og underst\u00f8tter b\u00f8rns motoriske udvikling. Et elektronisk rat med lys- og lydeffekter, en interaktiv sk\u00e6rm og et omdrejningst\u00e6ller med skiftende vej g\u00f8r oplevelsen mere realistisk. Hele 15 forskellige lyde beriger k\u00f8reoplevelsen og transporterer dit barn midt ind i dynamiske biljagter og racerl\u00f8b. <\/p>\n<p>### Funktioner <\/p>\n<p>* &#8211; Alder: 3 \u00e5r<br \/>\n* &#8211; K\u00f8resimulator med interaktiv sk\u00e6rm og pedaler<br \/>\n* &#8211; Omdrejningst\u00e6ller med skiftende vej p\u00e5 sk\u00e6rmen<br \/>\n* &#8211; Elektronisk rat med lys- og lydeffekter<br \/>\n* &#8211; Justerbart s\u00e6de \u2013 3-trins vandret justering<br \/>\n* &#8211; Officielt licenseret Disney Spidey<br \/>\n* &#8211; Robust konstruktion, maksimal belastning: 50 kg<\/p>\n<p>### Leget\u00f8jet udvikler<\/p>\n<p>* &#8211; Motorisk koordination \u2013 betjening af rattet og pedalerne underst\u00f8tter udviklingen af motoriske f\u00e6rdigheder<br \/>\n* &#8211; Fantasi og kreativitet \u2013 interaktive funktioner inspirerer til rollespil og historiefort\u00e6lling<br \/>\n* &#8211; Koncentration og reflekser \u2013 dynamisk leg kr\u00e6ver fokus og hurtige reaktioner p\u00e5 skiftende forhold p\u00e5 sk\u00e6rmen<br \/>\n* &#8211; Uafh\u00e6ngighed og selvtillid \u2013 de sm\u00e5 l\u00e6rer at styre k\u00f8ret\u00f8jet og tr\u00e6ffe beslutninger under k\u00f8rslen<\/p>\n","protected":false},"excerpt":{"rendered":"<p>Smoby Spidey k\u00f8resimulator inviterer b\u00f8rn fra tre \u00e5r og opefter til at deltage i et raceeventyr! Begiv dig ud p\u00e5 en rejse fuld af sp\u00e6nding og overraskelser med figurerne fra tegneserieserien Spidey and Super Friends. Denne multifunktionelle simulator stimulerer fantasien og underst\u00f8tter b\u00f8rns motoriske udvikling. Et elektronisk rat med lys- og lydeffekter, en interaktiv sk\u00e6rm [&hellip;]<\/p>\n","protected":false},"featured_media":0,"comment_status":"open","ping_status":"closed","template":"","meta":[],"product_brand":[],"product_cat":[31],"product_tag":[],"class_list":{"0":"post-27280","1":"product","2":"type-product","3":"status-publish","5":"product_cat-uncategorized-da","7":"first","8":"instock","9":"shipping-taxable","10":"purchasable","11":"product-type-simple"},"_links":{"self":[{"href":"https:\/\/nordicmart.andreevmaster.com\/da\/wp-json\/wp\/v2\/product\/27280","targetHints":{"allow":["GET"]}}],"collection":[{"href":"https:\/\/nordicmart.andreevmaster.com\/da\/wp-json\/wp\/v2\/product"}],"about":[{"href":"https:\/\/nordicmart.andreevmaster.com\/da\/wp-json\/wp\/v2\/types\/product"}],"replies":[{"embeddable":true,"href":"https:\/\/nordicmart.andreevmaster.com\/da\/wp-json\/wp\/v2\/comments?post=27280"}],"wp:attachment":[{"href":"https:\/\/nordicmart.andreevmaster.com\/da\/wp-json\/wp\/v2\/media?parent=27280"}],"wp:term":[{"taxonomy":"product_brand","embeddable":true,"href":"https:\/\/nordicmart.andreevmaster.com\/da\/wp-json\/wp\/v2\/product_brand?post=27280"},{"taxonomy":"product_cat","embeddable":true,"href":"https:\/\/nordicmart.andreevmaster.com\/da\/wp-json\/wp\/v2\/product_cat?post=27280"},{"taxonomy":"product_tag","embeddable":true,"href":"https:\/\/nordicmart.andreevmaster.com\/da\/wp-json\/wp\/v2\/product_tag?post=27280"}],"curies":[{"name":"wp","href":"https:\/\/api.w.org\/{rel}","templated":true}]}}