{"id":27279,"date":"2026-02-27T00:36:16","date_gmt":"2026-02-27T00:36:16","guid":{"rendered":"https:\/\/nordicmart.andreevmaster.com\/product\/berg-beskyttelsesdaeksel-til-trampoliner-270-cm\/"},"modified":"2026-02-27T09:14:58","modified_gmt":"2026-02-27T09:14:58","slug":"berg-beskyttelsesdaeksel-til-trampoliner-270-cm","status":"publish","type":"product","link":"https:\/\/nordicmart.andreevmaster.com\/da\/vare\/berg-beskyttelsesdaeksel-til-trampoliner-270-cm\/","title":{"rendered":"BERG Beskyttelsesd\u00e6ksel til trampoliner 270 cm"},"content":{"rendered":"<p>BERG beskyttelsesd\u00e6kslet er et praktisk og robust d\u00e6ksel, der effektivt beskytter din trampolin mod kviste, blade og andet snavs. Det holder din trampolin ren og klar til brug og g\u00f8r den endnu mere behagelig at bruge. D\u00e6kslets specielle design g\u00f8r det muligt for vand at l\u00f8be frit af, s\u00e5 det ikke samler sig p\u00e5 springm\u00e5tten og beskytter den mod for stor v\u00e6gt.\u2757\ufe0f Overtr\u00e6kket er ikke beregnet til langvarig opbevaring af trampolinen. Anbefales til kortvarig brug, ikke l\u00e6ngere end et par uger. \u2757\ufe0f<\/p>\n<p>Funktioner:<\/p>\n<p>* \u2714\ufe0f Passer til trampoliner af typen Regular, InGround og FlatGround<br \/>\n* \u2714\ufe0f Beskytter mod blade, kviste og andet snavs<br \/>\n* \u2714\ufe0f Lader vandet l\u00f8be igennem i h\u00f8jden af m\u00e5tten, hvilket forhindrer dannelsen af et vandreservoir<br \/>\n* \u2714\ufe0f Udstyret med robuste kroge for nem og sikker installation<\/p>\n<p>\u2714\ufe0f Passer til trampoliner af typen Regular, InGround og FlatGround<\/p>\n<p>\u2714\ufe0f Beskytter mod blade, kviste og andet snavs<\/p>\n<p>\u2714\ufe0f Lader vandet passere gennem m\u00e5tten, hvilket forhindrer dannelsen af et vandreservoir<\/p>\n<p>\u2714\ufe0f Udstyret med robuste kroge for nem og sikker installation<\/p>\n","protected":false},"excerpt":{"rendered":"<p>BERG beskyttelsesd\u00e6kslet er et praktisk og robust d\u00e6ksel, der effektivt beskytter din trampolin mod kviste, blade og andet snavs. Det holder din trampolin ren og klar til brug og g\u00f8r den endnu mere behagelig at bruge. D\u00e6kslets specielle design g\u00f8r det muligt for vand at l\u00f8be frit af, s\u00e5 det ikke samler sig p\u00e5 springm\u00e5tten [&hellip;]<\/p>\n","protected":false},"featured_media":0,"comment_status":"open","ping_status":"closed","template":"","meta":[],"product_brand":[],"product_cat":[31],"product_tag":[],"class_list":{"0":"post-27279","1":"product","2":"type-product","3":"status-publish","5":"product_cat-uncategorized-da","7":"first","8":"instock","9":"shipping-taxable","10":"purchasable","11":"product-type-simple"},"_links":{"self":[{"href":"https:\/\/nordicmart.andreevmaster.com\/da\/wp-json\/wp\/v2\/product\/27279","targetHints":{"allow":["GET"]}}],"collection":[{"href":"https:\/\/nordicmart.andreevmaster.com\/da\/wp-json\/wp\/v2\/product"}],"about":[{"href":"https:\/\/nordicmart.andreevmaster.com\/da\/wp-json\/wp\/v2\/types\/product"}],"replies":[{"embeddable":true,"href":"https:\/\/nordicmart.andreevmaster.com\/da\/wp-json\/wp\/v2\/comments?post=27279"}],"wp:attachment":[{"href":"https:\/\/nordicmart.andreevmaster.com\/da\/wp-json\/wp\/v2\/media?parent=27279"}],"wp:term":[{"taxonomy":"product_brand","embeddable":true,"href":"https:\/\/nordicmart.andreevmaster.com\/da\/wp-json\/wp\/v2\/product_brand?post=27279"},{"taxonomy":"product_cat","embeddable":true,"href":"https:\/\/nordicmart.andreevmaster.com\/da\/wp-json\/wp\/v2\/product_cat?post=27279"},{"taxonomy":"product_tag","embeddable":true,"href":"https:\/\/nordicmart.andreevmaster.com\/da\/wp-json\/wp\/v2\/product_tag?post=27279"}],"curies":[{"name":"wp","href":"https:\/\/api.w.org\/{rel}","templated":true}]}}