{"id":27278,"date":"2026-02-27T00:36:16","date_gmt":"2026-02-27T00:36:16","guid":{"rendered":"https:\/\/nordicmart.andreevmaster.com\/product\/smoby-rengoringsvogn-med-rowenta-stovsuger-med-lyd-10-tilbehorsdele\/"},"modified":"2026-02-27T09:14:58","modified_gmt":"2026-02-27T09:14:58","slug":"smoby-rengoringsvogn-med-rowenta-stovsuger-med-lyd-10-tilbehorsdele","status":"publish","type":"product","link":"https:\/\/nordicmart.andreevmaster.com\/da\/vare\/smoby-rengoringsvogn-med-rowenta-stovsuger-med-lyd-10-tilbehorsdele\/","title":{"rendered":"SMOBY Reng\u00f8ringsvogn med Rowenta st\u00f8vsuger med lyd + 10 tilbeh\u00f8rsdele"},"content":{"rendered":"<p>B\u00f8rn observerer voksne og elsker at efterligne dem. Det er s\u00e5dan, de l\u00e6rer om deres omgivelser og verden. En serie leget\u00f8j, der efterligner hverdagens apparater og tilbeh\u00f8r, giver b\u00f8rn mulighed for at l\u00e6re og opdage visse v\u00e6rdier gennem leg.<\/p>\n<p>Egenskaber:<\/p>\n<p>* &#8211; S\u00e6ttet best\u00e5r af en vogn, hvorp\u00e5 du kan placere en elektronisk st\u00f8vsuger, der afgiver realistiske st\u00f8vsugerlyde, samt tilbeh\u00f8r.* &#8211; St\u00f8vsugeren er udstyret med et r\u00f8r med et behageligt h\u00e5ndtag og hjul, der g\u00f8r den nem at flytte rundt p\u00e5.<br \/>\n* &#8211; S\u00e6ttet indeholder 9 tilbeh\u00f8rsdele, s\u00e5som en skovl, b\u00f8rste, moppe, svamp, spand og imiterede reng\u00f8ringsprodukter.<br \/>\n* &#8211; Selvmonteringss\u00e6t.<\/p>\n","protected":false},"excerpt":{"rendered":"<p>B\u00f8rn observerer voksne og elsker at efterligne dem. Det er s\u00e5dan, de l\u00e6rer om deres omgivelser og verden. En serie leget\u00f8j, der efterligner hverdagens apparater og tilbeh\u00f8r, giver b\u00f8rn mulighed for at l\u00e6re og opdage visse v\u00e6rdier gennem leg. Egenskaber: * &#8211; S\u00e6ttet best\u00e5r af en vogn, hvorp\u00e5 du kan placere en elektronisk st\u00f8vsuger, der [&hellip;]<\/p>\n","protected":false},"featured_media":0,"comment_status":"open","ping_status":"closed","template":"","meta":[],"product_brand":[],"product_cat":[31],"product_tag":[],"class_list":{"0":"post-27278","1":"product","2":"type-product","3":"status-publish","5":"product_cat-uncategorized-da","7":"first","8":"instock","9":"shipping-taxable","10":"purchasable","11":"product-type-simple"},"_links":{"self":[{"href":"https:\/\/nordicmart.andreevmaster.com\/da\/wp-json\/wp\/v2\/product\/27278","targetHints":{"allow":["GET"]}}],"collection":[{"href":"https:\/\/nordicmart.andreevmaster.com\/da\/wp-json\/wp\/v2\/product"}],"about":[{"href":"https:\/\/nordicmart.andreevmaster.com\/da\/wp-json\/wp\/v2\/types\/product"}],"replies":[{"embeddable":true,"href":"https:\/\/nordicmart.andreevmaster.com\/da\/wp-json\/wp\/v2\/comments?post=27278"}],"wp:attachment":[{"href":"https:\/\/nordicmart.andreevmaster.com\/da\/wp-json\/wp\/v2\/media?parent=27278"}],"wp:term":[{"taxonomy":"product_brand","embeddable":true,"href":"https:\/\/nordicmart.andreevmaster.com\/da\/wp-json\/wp\/v2\/product_brand?post=27278"},{"taxonomy":"product_cat","embeddable":true,"href":"https:\/\/nordicmart.andreevmaster.com\/da\/wp-json\/wp\/v2\/product_cat?post=27278"},{"taxonomy":"product_tag","embeddable":true,"href":"https:\/\/nordicmart.andreevmaster.com\/da\/wp-json\/wp\/v2\/product_tag?post=27278"}],"curies":[{"name":"wp","href":"https:\/\/api.w.org\/{rel}","templated":true}]}}