{"id":27274,"date":"2026-02-27T00:36:15","date_gmt":"2026-02-27T00:36:15","guid":{"rendered":"https:\/\/nordicmart.andreevmaster.com\/product\/elegant-laeder-notesbog-a5-vintage-retro-med-lukning-ee4\/"},"modified":"2026-02-27T09:14:57","modified_gmt":"2026-02-27T09:14:57","slug":"elegant-laeder-notesbog-a5-vintage-retro-med-lukning-ee4","status":"publish","type":"product","link":"https:\/\/nordicmart.andreevmaster.com\/da\/vare\/elegant-laeder-notesbog-a5-vintage-retro-med-lukning-ee4\/","title":{"rendered":"Elegant l\u00e6der notesbog A5 Vintage Retro med lukning \u2013 EE4"},"content":{"rendered":"<p>Elegant l\u00e6der notesbog A5 Vintage Retro med lukning \u2013 EE4&nbsp;A5 notesbog lavet af \u00e6gte oksehud i sort med remlukning. Designet med holdbarhed og et klassisk udseende for \u00f8je \u2013 perfekt som en elegant gave af h\u00f8j kvalitet.&nbsp;Produktinformation:&nbsp;Omslagsmateriale: \u00c6gte oksehudFarve: SortSt\u00f8rrelse: A5Papir af h\u00f8j kvalitetAntal sider: 80Sidens farve: HvidLukning: L\u00e6derrem med sp\u00e6ndeStil: Klassisk \/ Elegant \/ Business \/ RetroH\u00e5ndv\u00e6rk af h\u00f8j kvalitet&nbsp;<\/p>\n","protected":false},"excerpt":{"rendered":"<p>Elegant l\u00e6der notesbog A5 Vintage Retro med lukning \u2013 EE4&nbsp;A5 notesbog lavet af \u00e6gte oksehud i sort med remlukning. Designet med holdbarhed og et klassisk udseende for \u00f8je \u2013 perfekt som en elegant gave af h\u00f8j kvalitet.&nbsp;Produktinformation:&nbsp;Omslagsmateriale: \u00c6gte oksehudFarve: SortSt\u00f8rrelse: A5Papir af h\u00f8j kvalitetAntal sider: 80Sidens farve: HvidLukning: L\u00e6derrem med sp\u00e6ndeStil: Klassisk \/ Elegant \/ [&hellip;]<\/p>\n","protected":false},"featured_media":45022,"comment_status":"open","ping_status":"closed","template":"","meta":[],"product_brand":[],"product_cat":[31],"product_tag":[],"class_list":{"0":"post-27274","1":"product","2":"type-product","3":"status-publish","4":"has-post-thumbnail","6":"product_cat-uncategorized-da","8":"first","9":"instock","10":"shipping-taxable","11":"purchasable","12":"product-type-simple"},"_links":{"self":[{"href":"https:\/\/nordicmart.andreevmaster.com\/da\/wp-json\/wp\/v2\/product\/27274","targetHints":{"allow":["GET"]}}],"collection":[{"href":"https:\/\/nordicmart.andreevmaster.com\/da\/wp-json\/wp\/v2\/product"}],"about":[{"href":"https:\/\/nordicmart.andreevmaster.com\/da\/wp-json\/wp\/v2\/types\/product"}],"replies":[{"embeddable":true,"href":"https:\/\/nordicmart.andreevmaster.com\/da\/wp-json\/wp\/v2\/comments?post=27274"}],"wp:featuredmedia":[{"embeddable":true,"href":"https:\/\/nordicmart.andreevmaster.com\/da\/wp-json\/wp\/v2\/media\/45022"}],"wp:attachment":[{"href":"https:\/\/nordicmart.andreevmaster.com\/da\/wp-json\/wp\/v2\/media?parent=27274"}],"wp:term":[{"taxonomy":"product_brand","embeddable":true,"href":"https:\/\/nordicmart.andreevmaster.com\/da\/wp-json\/wp\/v2\/product_brand?post=27274"},{"taxonomy":"product_cat","embeddable":true,"href":"https:\/\/nordicmart.andreevmaster.com\/da\/wp-json\/wp\/v2\/product_cat?post=27274"},{"taxonomy":"product_tag","embeddable":true,"href":"https:\/\/nordicmart.andreevmaster.com\/da\/wp-json\/wp\/v2\/product_tag?post=27274"}],"curies":[{"name":"wp","href":"https:\/\/api.w.org\/{rel}","templated":true}]}}