{"id":27273,"date":"2026-02-27T00:36:14","date_gmt":"2026-02-27T00:36:14","guid":{"rendered":"https:\/\/nordicmart.andreevmaster.com\/product\/elegant-laedernotesbog-a6-retro-vintage-med-lukning-ee3\/"},"modified":"2026-02-27T09:14:57","modified_gmt":"2026-02-27T09:14:57","slug":"elegant-laedernotesbog-a6-retro-vintage-med-lukning-ee3","status":"publish","type":"product","link":"https:\/\/nordicmart.andreevmaster.com\/da\/vare\/elegant-laedernotesbog-a6-retro-vintage-med-lukning-ee3\/","title":{"rendered":"Elegant l\u00e6dernotesbog A6 Retro Vintage med lukning \u2013 EE3"},"content":{"rendered":"<p>Elegant l\u00e6dernotesbog A6 Retro Vintage med lukning \u2013 EE3&nbsp;A6-notesbog lavet af \u00e6gte oksehud med vintage-design og stroplukning. Kombinerer holdbarhed, klassisk \u00e6stetik og funktionalitet, hvilket g\u00f8r den til et velegnet produkt som en gave af h\u00f8j kvalitet.&nbsp;Produktinformation:&nbsp;Omslagsmateriale: \u00c6gte oksehudFarve: M\u00f8rkebrunSt\u00f8rrelse: A6Plads til opbevaring af visitkort og penholderAntal sider: 80Sidesfarve: HvidLukning: L\u00e6derrem med sp\u00e6ndeStil: Retro \/ Vintage \/ KlassiskH\u00f8jkvalitets h\u00e5ndv\u00e6rk&nbsp;<\/p>\n","protected":false},"excerpt":{"rendered":"<p>Elegant l\u00e6dernotesbog A6 Retro Vintage med lukning \u2013 EE3&nbsp;A6-notesbog lavet af \u00e6gte oksehud med vintage-design og stroplukning. Kombinerer holdbarhed, klassisk \u00e6stetik og funktionalitet, hvilket g\u00f8r den til et velegnet produkt som en gave af h\u00f8j kvalitet.&nbsp;Produktinformation:&nbsp;Omslagsmateriale: \u00c6gte oksehudFarve: M\u00f8rkebrunSt\u00f8rrelse: A6Plads til opbevaring af visitkort og penholderAntal sider: 80Sidesfarve: HvidLukning: L\u00e6derrem med sp\u00e6ndeStil: Retro \/ Vintage [&hellip;]<\/p>\n","protected":false},"featured_media":45021,"comment_status":"open","ping_status":"closed","template":"","meta":[],"product_brand":[],"product_cat":[31],"product_tag":[],"class_list":{"0":"post-27273","1":"product","2":"type-product","3":"status-publish","4":"has-post-thumbnail","6":"product_cat-uncategorized-da","8":"first","9":"instock","10":"shipping-taxable","11":"purchasable","12":"product-type-simple"},"_links":{"self":[{"href":"https:\/\/nordicmart.andreevmaster.com\/da\/wp-json\/wp\/v2\/product\/27273","targetHints":{"allow":["GET"]}}],"collection":[{"href":"https:\/\/nordicmart.andreevmaster.com\/da\/wp-json\/wp\/v2\/product"}],"about":[{"href":"https:\/\/nordicmart.andreevmaster.com\/da\/wp-json\/wp\/v2\/types\/product"}],"replies":[{"embeddable":true,"href":"https:\/\/nordicmart.andreevmaster.com\/da\/wp-json\/wp\/v2\/comments?post=27273"}],"wp:featuredmedia":[{"embeddable":true,"href":"https:\/\/nordicmart.andreevmaster.com\/da\/wp-json\/wp\/v2\/media\/45021"}],"wp:attachment":[{"href":"https:\/\/nordicmart.andreevmaster.com\/da\/wp-json\/wp\/v2\/media?parent=27273"}],"wp:term":[{"taxonomy":"product_brand","embeddable":true,"href":"https:\/\/nordicmart.andreevmaster.com\/da\/wp-json\/wp\/v2\/product_brand?post=27273"},{"taxonomy":"product_cat","embeddable":true,"href":"https:\/\/nordicmart.andreevmaster.com\/da\/wp-json\/wp\/v2\/product_cat?post=27273"},{"taxonomy":"product_tag","embeddable":true,"href":"https:\/\/nordicmart.andreevmaster.com\/da\/wp-json\/wp\/v2\/product_tag?post=27273"}],"curies":[{"name":"wp","href":"https:\/\/api.w.org\/{rel}","templated":true}]}}