{"id":27272,"date":"2026-02-27T00:36:14","date_gmt":"2026-02-27T00:36:14","guid":{"rendered":"https:\/\/nordicmart.andreevmaster.com\/product\/premium-gaveaeske-a5-traenotesbog-med-pen-ee2\/"},"modified":"2026-02-27T09:14:57","modified_gmt":"2026-02-27T09:14:57","slug":"premium-gaveaeske-a5-traenotesbog-med-pen-ee2","status":"publish","type":"product","link":"https:\/\/nordicmart.andreevmaster.com\/da\/vare\/premium-gaveaeske-a5-traenotesbog-med-pen-ee2\/","title":{"rendered":"Premium gave\u00e6ske \u2013 A5 tr\u00e6notesbog med pen \u2013 EE2"},"content":{"rendered":"<p>Premium gave\u00e6ske \u2013 A5 tr\u00e6notesbog med pen \u2013 EE2&nbsp;Denne premium gave\u00e6ske indeholder en A5 notesbog med tr\u00e6omslag og guldkanterede sider samt en pen i h\u00f8j kvalitet. Produktet er designet som en elegant papirvarel\u00f8sning \u2013 perfekt som en gave af h\u00f8j kvalitet.&nbsp;Produktinformation:&nbsp;Omslagsmateriale: Tr\u00e6Farve: M\u00f8rkebrun tr\u00e6farve med gulddetaljerSt\u00f8rrelse: A5Papir af h\u00f8j kvalitetAntal sider: xxxxSidefarve: HvidDekorativ pen inkluderet i s\u00e6ttetH\u00f8j produktionskvalitetStil: Klassisk \/ Elegant \/ Premium&nbsp;&nbsp;<\/p>\n","protected":false},"excerpt":{"rendered":"<p>Premium gave\u00e6ske \u2013 A5 tr\u00e6notesbog med pen \u2013 EE2&nbsp;Denne premium gave\u00e6ske indeholder en A5 notesbog med tr\u00e6omslag og guldkanterede sider samt en pen i h\u00f8j kvalitet. Produktet er designet som en elegant papirvarel\u00f8sning \u2013 perfekt som en gave af h\u00f8j kvalitet.&nbsp;Produktinformation:&nbsp;Omslagsmateriale: Tr\u00e6Farve: M\u00f8rkebrun tr\u00e6farve med gulddetaljerSt\u00f8rrelse: A5Papir af h\u00f8j kvalitetAntal sider: xxxxSidefarve: HvidDekorativ pen inkluderet [&hellip;]<\/p>\n","protected":false},"featured_media":45020,"comment_status":"open","ping_status":"closed","template":"","meta":[],"product_brand":[],"product_cat":[31],"product_tag":[],"class_list":{"0":"post-27272","1":"product","2":"type-product","3":"status-publish","4":"has-post-thumbnail","6":"product_cat-uncategorized-da","8":"first","9":"instock","10":"shipping-taxable","11":"purchasable","12":"product-type-simple"},"_links":{"self":[{"href":"https:\/\/nordicmart.andreevmaster.com\/da\/wp-json\/wp\/v2\/product\/27272","targetHints":{"allow":["GET"]}}],"collection":[{"href":"https:\/\/nordicmart.andreevmaster.com\/da\/wp-json\/wp\/v2\/product"}],"about":[{"href":"https:\/\/nordicmart.andreevmaster.com\/da\/wp-json\/wp\/v2\/types\/product"}],"replies":[{"embeddable":true,"href":"https:\/\/nordicmart.andreevmaster.com\/da\/wp-json\/wp\/v2\/comments?post=27272"}],"wp:featuredmedia":[{"embeddable":true,"href":"https:\/\/nordicmart.andreevmaster.com\/da\/wp-json\/wp\/v2\/media\/45020"}],"wp:attachment":[{"href":"https:\/\/nordicmart.andreevmaster.com\/da\/wp-json\/wp\/v2\/media?parent=27272"}],"wp:term":[{"taxonomy":"product_brand","embeddable":true,"href":"https:\/\/nordicmart.andreevmaster.com\/da\/wp-json\/wp\/v2\/product_brand?post=27272"},{"taxonomy":"product_cat","embeddable":true,"href":"https:\/\/nordicmart.andreevmaster.com\/da\/wp-json\/wp\/v2\/product_cat?post=27272"},{"taxonomy":"product_tag","embeddable":true,"href":"https:\/\/nordicmart.andreevmaster.com\/da\/wp-json\/wp\/v2\/product_tag?post=27272"}],"curies":[{"name":"wp","href":"https:\/\/api.w.org\/{rel}","templated":true}]}}