{"id":27271,"date":"2026-02-27T00:36:13","date_gmt":"2026-02-27T00:36:13","guid":{"rendered":"https:\/\/nordicmart.andreevmaster.com\/product\/retro-kalligrafisaet-med-vintage-gasefjederpen-6-penne-blaek-ee5\/"},"modified":"2026-02-27T09:14:56","modified_gmt":"2026-02-27T09:14:56","slug":"retro-kalligrafisaet-med-vintage-gasefjederpen-6-penne-blaek-ee5","status":"publish","type":"product","link":"https:\/\/nordicmart.andreevmaster.com\/da\/vare\/retro-kalligrafisaet-med-vintage-gasefjederpen-6-penne-blaek-ee5\/","title":{"rendered":"Retro kalligrafis\u00e6t med vintage g\u00e5sefjederpen + 6 penne + bl\u00e6k \u2013 EE5"},"content":{"rendered":"<p>Retro kalligrafis\u00e6t med vintage g\u00e5sefjederpen + 6 penne + bl\u00e6k \u2013 EE5&nbsp;Kalligrafis\u00e6t i retrostil designet til h\u00e5ndskrift og dekorative skriveprojekter. Inkluderer en g\u00e5sefjederpen med detaljerede metaldekorationer, seks udskiftelige penne og en 15 ml bl\u00e6kflaske. &nbsp;Produktinformation:&nbsp;G\u00e5sefjederpenPenfarve: Gr\u00e5 med metaldekorationerPenens dimensioner: L\u00e6ngde 22 cmAntal penne: 6Bl\u00e6kbeholder: 15 mlH\u00f8j kvalitetH\u00e5ndv\u00e6rkStil: Retro \/ Vintage \/ Steampunk \/ Elegant&nbsp;<\/p>\n","protected":false},"excerpt":{"rendered":"<p>Retro kalligrafis\u00e6t med vintage g\u00e5sefjederpen + 6 penne + bl\u00e6k \u2013 EE5&nbsp;Kalligrafis\u00e6t i retrostil designet til h\u00e5ndskrift og dekorative skriveprojekter. Inkluderer en g\u00e5sefjederpen med detaljerede metaldekorationer, seks udskiftelige penne og en 15 ml bl\u00e6kflaske. &nbsp;Produktinformation:&nbsp;G\u00e5sefjederpenPenfarve: Gr\u00e5 med metaldekorationerPenens dimensioner: L\u00e6ngde 22 cmAntal penne: 6Bl\u00e6kbeholder: 15 mlH\u00f8j kvalitetH\u00e5ndv\u00e6rkStil: Retro \/ Vintage \/ Steampunk \/ Elegant&nbsp;<\/p>\n","protected":false},"featured_media":45019,"comment_status":"open","ping_status":"closed","template":"","meta":[],"product_brand":[],"product_cat":[31],"product_tag":[],"class_list":{"0":"post-27271","1":"product","2":"type-product","3":"status-publish","4":"has-post-thumbnail","6":"product_cat-uncategorized-da","8":"first","9":"instock","10":"shipping-taxable","11":"purchasable","12":"product-type-simple"},"_links":{"self":[{"href":"https:\/\/nordicmart.andreevmaster.com\/da\/wp-json\/wp\/v2\/product\/27271","targetHints":{"allow":["GET"]}}],"collection":[{"href":"https:\/\/nordicmart.andreevmaster.com\/da\/wp-json\/wp\/v2\/product"}],"about":[{"href":"https:\/\/nordicmart.andreevmaster.com\/da\/wp-json\/wp\/v2\/types\/product"}],"replies":[{"embeddable":true,"href":"https:\/\/nordicmart.andreevmaster.com\/da\/wp-json\/wp\/v2\/comments?post=27271"}],"wp:featuredmedia":[{"embeddable":true,"href":"https:\/\/nordicmart.andreevmaster.com\/da\/wp-json\/wp\/v2\/media\/45019"}],"wp:attachment":[{"href":"https:\/\/nordicmart.andreevmaster.com\/da\/wp-json\/wp\/v2\/media?parent=27271"}],"wp:term":[{"taxonomy":"product_brand","embeddable":true,"href":"https:\/\/nordicmart.andreevmaster.com\/da\/wp-json\/wp\/v2\/product_brand?post=27271"},{"taxonomy":"product_cat","embeddable":true,"href":"https:\/\/nordicmart.andreevmaster.com\/da\/wp-json\/wp\/v2\/product_cat?post=27271"},{"taxonomy":"product_tag","embeddable":true,"href":"https:\/\/nordicmart.andreevmaster.com\/da\/wp-json\/wp\/v2\/product_tag?post=27271"}],"curies":[{"name":"wp","href":"https:\/\/api.w.org\/{rel}","templated":true}]}}