{"id":27270,"date":"2026-02-27T00:36:13","date_gmt":"2026-02-27T00:36:13","guid":{"rendered":"https:\/\/nordicmart.andreevmaster.com\/product\/kalligrafisaet-traepen-blaek-708\/"},"modified":"2026-02-27T09:14:56","modified_gmt":"2026-02-27T09:14:56","slug":"kalligrafisaet-traepen-blaek-708","status":"publish","type":"product","link":"https:\/\/nordicmart.andreevmaster.com\/da\/vare\/kalligrafisaet-traepen-blaek-708\/","title":{"rendered":"Kalligrafis\u00e6t \u2013 Tr\u00e6pen + bl\u00e6k \u2013 708"},"content":{"rendered":"<p>Kalligrafis\u00e6t \u2013 tr\u00e6pen + bl\u00e6k \u2013 708&nbsp;&nbsp;Elegant kalligrafis\u00e6t inspireret af klassiske italienske skrivetraditioner. Designet til h\u00e5ndskriftsentusiaster og kreativ brug.&nbsp;&nbsp;S\u00e6ttet indeholder:&nbsp;Tr\u00e6penne med metalspidsFlaske med sort kalligrafibl\u00e6kDekorativ gave\u00e6ske med vindue og segl&nbsp;Produktinformation:&nbsp;\u00c6skens m\u00e5l: 7,5 \u00d7 22 \u00d7 3 cmBl\u00e6ks farve: SortPennenes materiale: Tr\u00e6 + metalspids&nbsp;N\u00f8gleegenskaber:&nbsp;H\u00f8j kvalitet og h\u00e5ndv\u00e6rksm\u00e6ssig udf\u00f8relseGave\u00e6skeFunktionelt og \u00e6stetisk v\u00e6rkt\u00f8j til kalligrafipraksisVelegnet til invitationer, certifikater, kreativt skrivning&nbsp;<\/p>\n","protected":false},"excerpt":{"rendered":"<p>Kalligrafis\u00e6t \u2013 tr\u00e6pen + bl\u00e6k \u2013 708&nbsp;&nbsp;Elegant kalligrafis\u00e6t inspireret af klassiske italienske skrivetraditioner. Designet til h\u00e5ndskriftsentusiaster og kreativ brug.&nbsp;&nbsp;S\u00e6ttet indeholder:&nbsp;Tr\u00e6penne med metalspidsFlaske med sort kalligrafibl\u00e6kDekorativ gave\u00e6ske med vindue og segl&nbsp;Produktinformation:&nbsp;\u00c6skens m\u00e5l: 7,5 \u00d7 22 \u00d7 3 cmBl\u00e6ks farve: SortPennenes materiale: Tr\u00e6 + metalspids&nbsp;N\u00f8gleegenskaber:&nbsp;H\u00f8j kvalitet og h\u00e5ndv\u00e6rksm\u00e6ssig udf\u00f8relseGave\u00e6skeFunktionelt og \u00e6stetisk v\u00e6rkt\u00f8j til kalligrafipraksisVelegnet til invitationer, certifikater, [&hellip;]<\/p>\n","protected":false},"featured_media":45018,"comment_status":"open","ping_status":"closed","template":"","meta":[],"product_brand":[],"product_cat":[31],"product_tag":[],"class_list":{"0":"post-27270","1":"product","2":"type-product","3":"status-publish","4":"has-post-thumbnail","6":"product_cat-uncategorized-da","8":"first","9":"instock","10":"shipping-taxable","11":"purchasable","12":"product-type-simple"},"_links":{"self":[{"href":"https:\/\/nordicmart.andreevmaster.com\/da\/wp-json\/wp\/v2\/product\/27270","targetHints":{"allow":["GET"]}}],"collection":[{"href":"https:\/\/nordicmart.andreevmaster.com\/da\/wp-json\/wp\/v2\/product"}],"about":[{"href":"https:\/\/nordicmart.andreevmaster.com\/da\/wp-json\/wp\/v2\/types\/product"}],"replies":[{"embeddable":true,"href":"https:\/\/nordicmart.andreevmaster.com\/da\/wp-json\/wp\/v2\/comments?post=27270"}],"wp:featuredmedia":[{"embeddable":true,"href":"https:\/\/nordicmart.andreevmaster.com\/da\/wp-json\/wp\/v2\/media\/45018"}],"wp:attachment":[{"href":"https:\/\/nordicmart.andreevmaster.com\/da\/wp-json\/wp\/v2\/media?parent=27270"}],"wp:term":[{"taxonomy":"product_brand","embeddable":true,"href":"https:\/\/nordicmart.andreevmaster.com\/da\/wp-json\/wp\/v2\/product_brand?post=27270"},{"taxonomy":"product_cat","embeddable":true,"href":"https:\/\/nordicmart.andreevmaster.com\/da\/wp-json\/wp\/v2\/product_cat?post=27270"},{"taxonomy":"product_tag","embeddable":true,"href":"https:\/\/nordicmart.andreevmaster.com\/da\/wp-json\/wp\/v2\/product_tag?post=27270"}],"curies":[{"name":"wp","href":"https:\/\/api.w.org\/{rel}","templated":true}]}}