{"id":27269,"date":"2026-02-27T00:36:13","date_gmt":"2026-02-27T00:36:13","guid":{"rendered":"https:\/\/nordicmart.andreevmaster.com\/product\/stor-messingastrolab-armillaer-sfaere-kontorindretning-aml141a\/"},"modified":"2026-02-27T09:14:56","modified_gmt":"2026-02-27T09:14:56","slug":"stor-messingastrolab-armillaer-sfaere-kontorindretning-aml141a","status":"publish","type":"product","link":"https:\/\/nordicmart.andreevmaster.com\/da\/vare\/stor-messingastrolab-armillaer-sfaere-kontorindretning-aml141a\/","title":{"rendered":"Stor messingastrolab \u2013 armill\u00e6r sf\u00e6re \u2013 kontorindretning \u2013 AML141A"},"content":{"rendered":"<p>Messingarmill\u00e6r sf\u00e6re \u2013 kontorindretning \u2013 AML141A&nbsp;Stor dekorativ armill\u00e6r sf\u00e6re lavet af massivt messing og tr\u00e6. Designet som et klassisk og raffineret interi\u00f8relement til direktionskontorer, virksomhedslobbyer, biblioteker eller m\u00f8delokaler. Egnet ogs\u00e5 som en eksklusiv forretningsgave.&nbsp;Materiale: Messing, tr\u00e6Finish: Antik messingDimensioner: 36 x 36 x 52 cm&nbsp;Anbefales til:&nbsp;Forretningsgave til astronomer, naturvidenskabsundervisere eller kunder i den akademiske verdenKontor- eller studiev\u00e6relsesdekoration (ledelses-, juridiske og akademiske rum)Firmagave til partnere, interessenter eller bestyrelsesmedlemmer&nbsp;N\u00f8gleegenskaber:&nbsp;H\u00f8jkvalitets messing for en eksklusiv og holdbar finishDekorativ og symbolsk form, der afspejler den videnskabelige traditionIdeel til B2B-gaver og interi\u00f8rforbedring&nbsp;<\/p>\n","protected":false},"excerpt":{"rendered":"<p>Messingarmill\u00e6r sf\u00e6re \u2013 kontorindretning \u2013 AML141A&nbsp;Stor dekorativ armill\u00e6r sf\u00e6re lavet af massivt messing og tr\u00e6. Designet som et klassisk og raffineret interi\u00f8relement til direktionskontorer, virksomhedslobbyer, biblioteker eller m\u00f8delokaler. Egnet ogs\u00e5 som en eksklusiv forretningsgave.&nbsp;Materiale: Messing, tr\u00e6Finish: Antik messingDimensioner: 36 x 36 x 52 cm&nbsp;Anbefales til:&nbsp;Forretningsgave til astronomer, naturvidenskabsundervisere eller kunder i den akademiske verdenKontor- eller [&hellip;]<\/p>\n","protected":false},"featured_media":45017,"comment_status":"open","ping_status":"closed","template":"","meta":[],"product_brand":[],"product_cat":[31],"product_tag":[],"class_list":{"0":"post-27269","1":"product","2":"type-product","3":"status-publish","4":"has-post-thumbnail","6":"product_cat-uncategorized-da","8":"first","9":"instock","10":"shipping-taxable","11":"purchasable","12":"product-type-simple"},"_links":{"self":[{"href":"https:\/\/nordicmart.andreevmaster.com\/da\/wp-json\/wp\/v2\/product\/27269","targetHints":{"allow":["GET"]}}],"collection":[{"href":"https:\/\/nordicmart.andreevmaster.com\/da\/wp-json\/wp\/v2\/product"}],"about":[{"href":"https:\/\/nordicmart.andreevmaster.com\/da\/wp-json\/wp\/v2\/types\/product"}],"replies":[{"embeddable":true,"href":"https:\/\/nordicmart.andreevmaster.com\/da\/wp-json\/wp\/v2\/comments?post=27269"}],"wp:featuredmedia":[{"embeddable":true,"href":"https:\/\/nordicmart.andreevmaster.com\/da\/wp-json\/wp\/v2\/media\/45017"}],"wp:attachment":[{"href":"https:\/\/nordicmart.andreevmaster.com\/da\/wp-json\/wp\/v2\/media?parent=27269"}],"wp:term":[{"taxonomy":"product_brand","embeddable":true,"href":"https:\/\/nordicmart.andreevmaster.com\/da\/wp-json\/wp\/v2\/product_brand?post=27269"},{"taxonomy":"product_cat","embeddable":true,"href":"https:\/\/nordicmart.andreevmaster.com\/da\/wp-json\/wp\/v2\/product_cat?post=27269"},{"taxonomy":"product_tag","embeddable":true,"href":"https:\/\/nordicmart.andreevmaster.com\/da\/wp-json\/wp\/v2\/product_tag?post=27269"}],"curies":[{"name":"wp","href":"https:\/\/api.w.org\/{rel}","templated":true}]}}