{"id":27268,"date":"2026-02-27T00:36:13","date_gmt":"2026-02-27T00:36:13","guid":{"rendered":"https:\/\/nordicmart.andreevmaster.com\/product\/messingklokke-med-traehandtag-retrostil-9-cm-hb56-65\/"},"modified":"2026-02-27T09:14:56","modified_gmt":"2026-02-27T09:14:56","slug":"messingklokke-med-traehandtag-retrostil-9-cm-hb56-65","status":"publish","type":"product","link":"https:\/\/nordicmart.andreevmaster.com\/da\/vare\/messingklokke-med-traehandtag-retrostil-9-cm-hb56-65\/","title":{"rendered":"Messingklokke med tr\u00e6h\u00e5ndtag \u2013 retrostil 9 cm \u2013 HB56\/6,5"},"content":{"rendered":"<p>Messingklokke med tr\u00e6h\u00e5ndtag \u2013 Retro-stil 9 cm \u2013 HB56\/6.5&nbsp;&nbsp;H\u00e5ndklokke lavet af messing med et robust tr\u00e6h\u00e5ndtag. Designet i retrostil, der kombinerer vintage\u00e6stetik med praktisk anvendelse. Giver en klar, h\u00f8j lyd.&nbsp;&nbsp;Produktinformation:&nbsp;Materialer: messing, tr\u00e6Diameter: 9 cmFarve: gylden, brunStil: retro, vintage, kolonistilLyd: h\u00f8j og klar&nbsp;Perfekt som:&nbsp;En reception- eller serviceklokke til hoteller, barer eller restauranter Et dekorativt element til vintage-, rustikke eller industrielle interi\u00f8rer Et funktionelt tilbeh\u00f8r til v\u00e6rksteder, events eller uddannelsesmilj\u00f8er Et rekvisit til teater-, film- eller fotoproduktioner En gave til samlere eller fans af vintage-stil&nbsp;<\/p>\n","protected":false},"excerpt":{"rendered":"<p>Messingklokke med tr\u00e6h\u00e5ndtag \u2013 Retro-stil 9 cm \u2013 HB56\/6.5&nbsp;&nbsp;H\u00e5ndklokke lavet af messing med et robust tr\u00e6h\u00e5ndtag. Designet i retrostil, der kombinerer vintage\u00e6stetik med praktisk anvendelse. Giver en klar, h\u00f8j lyd.&nbsp;&nbsp;Produktinformation:&nbsp;Materialer: messing, tr\u00e6Diameter: 9 cmFarve: gylden, brunStil: retro, vintage, kolonistilLyd: h\u00f8j og klar&nbsp;Perfekt som:&nbsp;En reception- eller serviceklokke til hoteller, barer eller restauranter Et dekorativt element til [&hellip;]<\/p>\n","protected":false},"featured_media":45016,"comment_status":"open","ping_status":"closed","template":"","meta":[],"product_brand":[],"product_cat":[31],"product_tag":[],"class_list":{"0":"post-27268","1":"product","2":"type-product","3":"status-publish","4":"has-post-thumbnail","6":"product_cat-uncategorized-da","8":"first","9":"instock","10":"shipping-taxable","11":"purchasable","12":"product-type-simple"},"_links":{"self":[{"href":"https:\/\/nordicmart.andreevmaster.com\/da\/wp-json\/wp\/v2\/product\/27268","targetHints":{"allow":["GET"]}}],"collection":[{"href":"https:\/\/nordicmart.andreevmaster.com\/da\/wp-json\/wp\/v2\/product"}],"about":[{"href":"https:\/\/nordicmart.andreevmaster.com\/da\/wp-json\/wp\/v2\/types\/product"}],"replies":[{"embeddable":true,"href":"https:\/\/nordicmart.andreevmaster.com\/da\/wp-json\/wp\/v2\/comments?post=27268"}],"wp:featuredmedia":[{"embeddable":true,"href":"https:\/\/nordicmart.andreevmaster.com\/da\/wp-json\/wp\/v2\/media\/45016"}],"wp:attachment":[{"href":"https:\/\/nordicmart.andreevmaster.com\/da\/wp-json\/wp\/v2\/media?parent=27268"}],"wp:term":[{"taxonomy":"product_brand","embeddable":true,"href":"https:\/\/nordicmart.andreevmaster.com\/da\/wp-json\/wp\/v2\/product_brand?post=27268"},{"taxonomy":"product_cat","embeddable":true,"href":"https:\/\/nordicmart.andreevmaster.com\/da\/wp-json\/wp\/v2\/product_cat?post=27268"},{"taxonomy":"product_tag","embeddable":true,"href":"https:\/\/nordicmart.andreevmaster.com\/da\/wp-json\/wp\/v2\/product_tag?post=27268"}],"curies":[{"name":"wp","href":"https:\/\/api.w.org\/{rel}","templated":true}]}}