{"id":27267,"date":"2026-02-27T00:36:12","date_gmt":"2026-02-27T00:36:12","guid":{"rendered":"https:\/\/nordicmart.andreevmaster.com\/product\/messing-vintage-teleskop-i-traekasse-nc-1111\/"},"modified":"2026-02-27T09:14:56","modified_gmt":"2026-02-27T09:14:56","slug":"messing-vintage-teleskop-i-traekasse-nc-1111","status":"publish","type":"product","link":"https:\/\/nordicmart.andreevmaster.com\/da\/vare\/messing-vintage-teleskop-i-traekasse-nc-1111\/","title":{"rendered":"Messing Vintage Teleskop i Tr\u00e6kasse \u2013 NC 1111"},"content":{"rendered":"<p>Messing vintage teleskop i tr\u00e6kasse \u2013 NC 1111&nbsp;&nbsp;Kompakt messingteleskop med glasoptik i en polstret tr\u00e6kasse. Elegant samlerobjekt inspireret af klassiske maritime instrumenter. Velegnet som dekorativt element eller raffineret gave til historie- og s\u00f8fartsentusiaster.&nbsp;&nbsp;Produktinformation:&nbsp;Materialer: messing, tr\u00e6, glasL\u00e6ngde (udtrukket): 15,5 cmL\u00e6ngde (sammenklappet): 7,5 cmKasse dimensioner: 10 x 5,5 x 5 cmForst\u00f8rrelse: ca. 3,5&times;\u00c6ske: tr\u00e6kasse med foring&nbsp;Perfekt som:&nbsp;En gave til rejsende, samlere eller nautiske entusiasterEt dekorativt element til kontoret, biblioteket eller arbejdsv\u00e6relsetEt accentstykke i vintage-, maritimt eller opdagelsesrejsende-inspireret interi\u00f8r&nbsp;<\/p>\n","protected":false},"excerpt":{"rendered":"<p>Messing vintage teleskop i tr\u00e6kasse \u2013 NC 1111&nbsp;&nbsp;Kompakt messingteleskop med glasoptik i en polstret tr\u00e6kasse. Elegant samlerobjekt inspireret af klassiske maritime instrumenter. Velegnet som dekorativt element eller raffineret gave til historie- og s\u00f8fartsentusiaster.&nbsp;&nbsp;Produktinformation:&nbsp;Materialer: messing, tr\u00e6, glasL\u00e6ngde (udtrukket): 15,5 cmL\u00e6ngde (sammenklappet): 7,5 cmKasse dimensioner: 10 x 5,5 x 5 cmForst\u00f8rrelse: ca. 3,5&times;\u00c6ske: tr\u00e6kasse med foring&nbsp;Perfekt som:&nbsp;En [&hellip;]<\/p>\n","protected":false},"featured_media":45015,"comment_status":"open","ping_status":"closed","template":"","meta":[],"product_brand":[],"product_cat":[31],"product_tag":[],"class_list":{"0":"post-27267","1":"product","2":"type-product","3":"status-publish","4":"has-post-thumbnail","6":"product_cat-uncategorized-da","8":"first","9":"instock","10":"shipping-taxable","11":"purchasable","12":"product-type-simple"},"_links":{"self":[{"href":"https:\/\/nordicmart.andreevmaster.com\/da\/wp-json\/wp\/v2\/product\/27267","targetHints":{"allow":["GET"]}}],"collection":[{"href":"https:\/\/nordicmart.andreevmaster.com\/da\/wp-json\/wp\/v2\/product"}],"about":[{"href":"https:\/\/nordicmart.andreevmaster.com\/da\/wp-json\/wp\/v2\/types\/product"}],"replies":[{"embeddable":true,"href":"https:\/\/nordicmart.andreevmaster.com\/da\/wp-json\/wp\/v2\/comments?post=27267"}],"wp:featuredmedia":[{"embeddable":true,"href":"https:\/\/nordicmart.andreevmaster.com\/da\/wp-json\/wp\/v2\/media\/45015"}],"wp:attachment":[{"href":"https:\/\/nordicmart.andreevmaster.com\/da\/wp-json\/wp\/v2\/media?parent=27267"}],"wp:term":[{"taxonomy":"product_brand","embeddable":true,"href":"https:\/\/nordicmart.andreevmaster.com\/da\/wp-json\/wp\/v2\/product_brand?post=27267"},{"taxonomy":"product_cat","embeddable":true,"href":"https:\/\/nordicmart.andreevmaster.com\/da\/wp-json\/wp\/v2\/product_cat?post=27267"},{"taxonomy":"product_tag","embeddable":true,"href":"https:\/\/nordicmart.andreevmaster.com\/da\/wp-json\/wp\/v2\/product_tag?post=27267"}],"curies":[{"name":"wp","href":"https:\/\/api.w.org\/{rel}","templated":true}]}}