{"id":27266,"date":"2026-02-27T00:36:12","date_gmt":"2026-02-27T00:36:12","guid":{"rendered":"https:\/\/nordicmart.andreevmaster.com\/product\/badsmandsflojte-i-traekasse-nc103186\/"},"modified":"2026-02-27T09:14:55","modified_gmt":"2026-02-27T09:14:55","slug":"badsmandsflojte-i-traekasse-nc103186","status":"publish","type":"product","link":"https:\/\/nordicmart.andreevmaster.com\/da\/vare\/badsmandsflojte-i-traekasse-nc103186\/","title":{"rendered":"B\u00e5dsmandsfl\u00f8jte i tr\u00e6kasse \u2013 NC103186"},"content":{"rendered":"<p>B\u00e5dsmandsfl\u00f8jte i tr\u00e6kasse \u2013 NC103186&nbsp;&nbsp;Messingb\u00e5dsmandsfl\u00f8jte i dekorativ tr\u00e6kasse med messingdetaljer. Klassisk maritimt design, fremstillet med sans for detaljer. Velegnet som symbolsk gave eller samlerobjekt til nautiske entusiaster.&nbsp;&nbsp;Produktinformation:&nbsp;Fl\u00f8jtens l\u00e6ngde: 12,5 cm\u00c6skens m\u00e5l: 17 x 5 x 3,5 cmMaterialer: messing, tr\u00e6Emballage: tr\u00e6kasse med messingindl\u00e6g&nbsp;Perfekt som:&nbsp;En gave til sejlere, kaptajner eller instrukt\u00f8rer Et dekorativt element med maritimt tema Et tilbeh\u00f8r til kontorer, b\u00e5dkabiner eller interi\u00f8r i nautisk stil Et stilfuldt supplement til nautiske samlinger&nbsp;<\/p>\n","protected":false},"excerpt":{"rendered":"<p>B\u00e5dsmandsfl\u00f8jte i tr\u00e6kasse \u2013 NC103186&nbsp;&nbsp;Messingb\u00e5dsmandsfl\u00f8jte i dekorativ tr\u00e6kasse med messingdetaljer. Klassisk maritimt design, fremstillet med sans for detaljer. Velegnet som symbolsk gave eller samlerobjekt til nautiske entusiaster.&nbsp;&nbsp;Produktinformation:&nbsp;Fl\u00f8jtens l\u00e6ngde: 12,5 cm\u00c6skens m\u00e5l: 17 x 5 x 3,5 cmMaterialer: messing, tr\u00e6Emballage: tr\u00e6kasse med messingindl\u00e6g&nbsp;Perfekt som:&nbsp;En gave til sejlere, kaptajner eller instrukt\u00f8rer Et dekorativt element med maritimt tema [&hellip;]<\/p>\n","protected":false},"featured_media":45014,"comment_status":"open","ping_status":"closed","template":"","meta":[],"product_brand":[],"product_cat":[31],"product_tag":[],"class_list":{"0":"post-27266","1":"product","2":"type-product","3":"status-publish","4":"has-post-thumbnail","6":"product_cat-uncategorized-da","8":"first","9":"instock","10":"shipping-taxable","11":"purchasable","12":"product-type-simple"},"_links":{"self":[{"href":"https:\/\/nordicmart.andreevmaster.com\/da\/wp-json\/wp\/v2\/product\/27266","targetHints":{"allow":["GET"]}}],"collection":[{"href":"https:\/\/nordicmart.andreevmaster.com\/da\/wp-json\/wp\/v2\/product"}],"about":[{"href":"https:\/\/nordicmart.andreevmaster.com\/da\/wp-json\/wp\/v2\/types\/product"}],"replies":[{"embeddable":true,"href":"https:\/\/nordicmart.andreevmaster.com\/da\/wp-json\/wp\/v2\/comments?post=27266"}],"wp:featuredmedia":[{"embeddable":true,"href":"https:\/\/nordicmart.andreevmaster.com\/da\/wp-json\/wp\/v2\/media\/45014"}],"wp:attachment":[{"href":"https:\/\/nordicmart.andreevmaster.com\/da\/wp-json\/wp\/v2\/media?parent=27266"}],"wp:term":[{"taxonomy":"product_brand","embeddable":true,"href":"https:\/\/nordicmart.andreevmaster.com\/da\/wp-json\/wp\/v2\/product_brand?post=27266"},{"taxonomy":"product_cat","embeddable":true,"href":"https:\/\/nordicmart.andreevmaster.com\/da\/wp-json\/wp\/v2\/product_cat?post=27266"},{"taxonomy":"product_tag","embeddable":true,"href":"https:\/\/nordicmart.andreevmaster.com\/da\/wp-json\/wp\/v2\/product_tag?post=27266"}],"curies":[{"name":"wp","href":"https:\/\/api.w.org\/{rel}","templated":true}]}}