{"id":27265,"date":"2026-02-27T00:36:12","date_gmt":"2026-02-27T00:36:12","guid":{"rendered":"https:\/\/nordicmart.andreevmaster.com\/product\/messingkompas-med-solur-i-traekasse-nc-103185\/"},"modified":"2026-02-27T09:14:55","modified_gmt":"2026-02-27T09:14:55","slug":"messingkompas-med-solur-i-traekasse-nc-103185","status":"publish","type":"product","link":"https:\/\/nordicmart.andreevmaster.com\/da\/vare\/messingkompas-med-solur-i-traekasse-nc-103185\/","title":{"rendered":"Messingkompas med solur i tr\u00e6kasse \u2013 NC 103185"},"content":{"rendered":"<p>Messingkompas med solur i tr\u00e6kasse \u2013 NC 103185&nbsp;&nbsp;Messingkompas med integreret solur i vintage-design. Fremstillet af holdbart messing og opbevaret i en dekorativ tr\u00e6kasse. Velegnet til brug som bordpynt, samlerobjekt eller symbolsk forretningsgave.&nbsp;&nbsp;Produktinformation:&nbsp;Kompasdiameter: 12 cmKasse dimensioner: 14,5 x 14,5 x 6,5 cmMaterialer: messing, tr\u00e6Finish: vintage stilEmballage: dekorativ tr\u00e6kasse&nbsp;Perfekt som:&nbsp;firmagave til interi\u00f8r med rejsetema, kontorer eller biblioteker, symbolsk gave til karrieremilep\u00e6le eller afsked&nbsp;<\/p>\n","protected":false},"excerpt":{"rendered":"<p>Messingkompas med solur i tr\u00e6kasse \u2013 NC 103185&nbsp;&nbsp;Messingkompas med integreret solur i vintage-design. Fremstillet af holdbart messing og opbevaret i en dekorativ tr\u00e6kasse. Velegnet til brug som bordpynt, samlerobjekt eller symbolsk forretningsgave.&nbsp;&nbsp;Produktinformation:&nbsp;Kompasdiameter: 12 cmKasse dimensioner: 14,5 x 14,5 x 6,5 cmMaterialer: messing, tr\u00e6Finish: vintage stilEmballage: dekorativ tr\u00e6kasse&nbsp;Perfekt som:&nbsp;firmagave til interi\u00f8r med rejsetema, kontorer eller biblioteker, [&hellip;]<\/p>\n","protected":false},"featured_media":45013,"comment_status":"open","ping_status":"closed","template":"","meta":[],"product_brand":[],"product_cat":[31],"product_tag":[],"class_list":{"0":"post-27265","1":"product","2":"type-product","3":"status-publish","4":"has-post-thumbnail","6":"product_cat-uncategorized-da","8":"first","9":"instock","10":"shipping-taxable","11":"purchasable","12":"product-type-simple"},"_links":{"self":[{"href":"https:\/\/nordicmart.andreevmaster.com\/da\/wp-json\/wp\/v2\/product\/27265","targetHints":{"allow":["GET"]}}],"collection":[{"href":"https:\/\/nordicmart.andreevmaster.com\/da\/wp-json\/wp\/v2\/product"}],"about":[{"href":"https:\/\/nordicmart.andreevmaster.com\/da\/wp-json\/wp\/v2\/types\/product"}],"replies":[{"embeddable":true,"href":"https:\/\/nordicmart.andreevmaster.com\/da\/wp-json\/wp\/v2\/comments?post=27265"}],"wp:featuredmedia":[{"embeddable":true,"href":"https:\/\/nordicmart.andreevmaster.com\/da\/wp-json\/wp\/v2\/media\/45013"}],"wp:attachment":[{"href":"https:\/\/nordicmart.andreevmaster.com\/da\/wp-json\/wp\/v2\/media?parent=27265"}],"wp:term":[{"taxonomy":"product_brand","embeddable":true,"href":"https:\/\/nordicmart.andreevmaster.com\/da\/wp-json\/wp\/v2\/product_brand?post=27265"},{"taxonomy":"product_cat","embeddable":true,"href":"https:\/\/nordicmart.andreevmaster.com\/da\/wp-json\/wp\/v2\/product_cat?post=27265"},{"taxonomy":"product_tag","embeddable":true,"href":"https:\/\/nordicmart.andreevmaster.com\/da\/wp-json\/wp\/v2\/product_tag?post=27265"}],"curies":[{"name":"wp","href":"https:\/\/api.w.org\/{rel}","templated":true}]}}