{"id":27264,"date":"2026-02-27T00:36:12","date_gmt":"2026-02-27T00:36:12","guid":{"rendered":"https:\/\/nordicmart.andreevmaster.com\/product\/cappuccino-quadrant-replika-fra-det-15-arhundrede-gave-til-astronom-eller-somand-h28\/"},"modified":"2026-02-27T09:14:55","modified_gmt":"2026-02-27T09:14:55","slug":"cappuccino-quadrant-replika-fra-det-15-arhundrede-gave-til-astronom-eller-somand-h28","status":"publish","type":"product","link":"https:\/\/nordicmart.andreevmaster.com\/da\/vare\/cappuccino-quadrant-replika-fra-det-15-arhundrede-gave-til-astronom-eller-somand-h28\/","title":{"rendered":"Cappuccino Quadrant &#8211; replika fra det 15. \u00e5rhundrede &#8211; gave til astronom eller s\u00f8mand &#8211; H28"},"content":{"rendered":"<p>Cappuccino Quadrant &#8211; replika fra det 15. \u00e5rhundrede &#8211; gave til astronom eller s\u00f8mand &#8211; H28&nbsp;&nbsp;Quadrant er et historisk navigations- og astronomisk instrument, der blev brugt til at m\u00e5le h\u00f8jden af himmellegemer (f.eks. solen, stjerner) over horisonten. I praksis blev det hovedsageligt brugt inden for:&nbsp;astronomi &#8211; til at observere og kortl\u00e6gge himlen,skibsfart &#8211; til at bestemme et skibs breddegrad.&nbsp;Navnet stammer fra det faktum, at i den bedst kendte version af dette solur tegnede perlen i begge troper to linjer, der lignede den h\u00e6tte, som kapuciner-munke bar. Dens oprindelse g\u00e5r tilbage til det 15. \u00e5rhundrede, selvom det ikke er muligt at sige med sikkerhed.&nbsp;Kvadranten er lavet af zamak (zink-aluminiumslegering) og er monteret p\u00e5 en elegant tr\u00e6base. Repliken er kendetegnet ved h\u00f8j kvalitet og holdbarhed. Omhyggeligt pr\u00e6gede detaljer og en solid finish g\u00f8r den til et enest\u00e5ende samlerobjekt. Repliken er kalibreret til en breddegrad p\u00e5 51,5\u00b0N. Den er en perfekt dekoration til et kontor, bibliotek eller interi\u00f8r i vintage-stil, men ogs\u00e5 en fremragende gave til en astronom, videnskabshistoriker eller nautisk entusiast. Produktinformation:H\u00f8jde: 11 cm Bredde: 8 cm Replika af en kvadrant fra det 15. \u00e5rhundrede Ideel til samlere og elskere af vintage-stilgenstande Dekoration til kontor, arbejdsv\u00e6relse eller bibliotek i retrostil Unik gave til en samler af vintageinstrumenter eller en entusiast af gammel teknologi Hvordan fungerede kvadranten? S\u00f8mand eller astronom holdt instrumentet lodret.Han sigtede mod et himmellegeme gennem sigtet.V\u00e6gten angav vinklens v\u00e6rdi p\u00e5 skalaen.Denne vinkel over horisonten gjorde det muligt at:beregne breddegrad (til s\u00f8s),bestemme position og tid (i astronomi).&nbsp;&nbsp;Interessante fakta:&nbsp;Kvadranter blev brugt allerede i middelalderen og p\u00e5 tidspunktet for de store geografiske opdagelser.De blev senere erstattet af sekstanter, som var mere n\u00f8jagtige og nemmere at bruge. Den ber\u00f8mte astronom Tycho Brahe brugte meget store kvadranter til n\u00f8jagtige observationer af stjerner, selv f\u00f8r teleskopet blev opfundet.&nbsp;<\/p>\n","protected":false},"excerpt":{"rendered":"<p>Cappuccino Quadrant &#8211; replika fra det 15. \u00e5rhundrede &#8211; gave til astronom eller s\u00f8mand &#8211; H28&nbsp;&nbsp;Quadrant er et historisk navigations- og astronomisk instrument, der blev brugt til at m\u00e5le h\u00f8jden af himmellegemer (f.eks. solen, stjerner) over horisonten. I praksis blev det hovedsageligt brugt inden for:&nbsp;astronomi &#8211; til at observere og kortl\u00e6gge himlen,skibsfart &#8211; til at [&hellip;]<\/p>\n","protected":false},"featured_media":45012,"comment_status":"open","ping_status":"closed","template":"","meta":[],"product_brand":[],"product_cat":[31],"product_tag":[],"class_list":{"0":"post-27264","1":"product","2":"type-product","3":"status-publish","4":"has-post-thumbnail","6":"product_cat-uncategorized-da","8":"first","9":"instock","10":"shipping-taxable","11":"purchasable","12":"product-type-simple"},"_links":{"self":[{"href":"https:\/\/nordicmart.andreevmaster.com\/da\/wp-json\/wp\/v2\/product\/27264","targetHints":{"allow":["GET"]}}],"collection":[{"href":"https:\/\/nordicmart.andreevmaster.com\/da\/wp-json\/wp\/v2\/product"}],"about":[{"href":"https:\/\/nordicmart.andreevmaster.com\/da\/wp-json\/wp\/v2\/types\/product"}],"replies":[{"embeddable":true,"href":"https:\/\/nordicmart.andreevmaster.com\/da\/wp-json\/wp\/v2\/comments?post=27264"}],"wp:featuredmedia":[{"embeddable":true,"href":"https:\/\/nordicmart.andreevmaster.com\/da\/wp-json\/wp\/v2\/media\/45012"}],"wp:attachment":[{"href":"https:\/\/nordicmart.andreevmaster.com\/da\/wp-json\/wp\/v2\/media?parent=27264"}],"wp:term":[{"taxonomy":"product_brand","embeddable":true,"href":"https:\/\/nordicmart.andreevmaster.com\/da\/wp-json\/wp\/v2\/product_brand?post=27264"},{"taxonomy":"product_cat","embeddable":true,"href":"https:\/\/nordicmart.andreevmaster.com\/da\/wp-json\/wp\/v2\/product_cat?post=27264"},{"taxonomy":"product_tag","embeddable":true,"href":"https:\/\/nordicmart.andreevmaster.com\/da\/wp-json\/wp\/v2\/product_tag?post=27264"}],"curies":[{"name":"wp","href":"https:\/\/api.w.org\/{rel}","templated":true}]}}