{"id":27263,"date":"2026-02-27T00:36:11","date_gmt":"2026-02-27T00:36:11","guid":{"rendered":"https:\/\/nordicmart.andreevmaster.com\/product\/traefotoramme-10x15-cm-vintage-mangotrae-30374a\/"},"modified":"2026-02-27T09:14:55","modified_gmt":"2026-02-27T09:14:55","slug":"traefotoramme-10x15-cm-vintage-mangotrae-30374a","status":"publish","type":"product","link":"https:\/\/nordicmart.andreevmaster.com\/da\/vare\/traefotoramme-10x15-cm-vintage-mangotrae-30374a\/","title":{"rendered":"Tr\u00e6fotoramme 10&#215;15 cm vintage &#8211; mangotr\u00e6 &#8211; 30374A"},"content":{"rendered":"<p>Tr\u00e6fotoramme 10&#215;15 cm vintage &#8211; mangotr\u00e6 &#8211; 30374A&nbsp;Fotoramme lavet af naturligt mangotr\u00e6 beriget med dekorative metalbeslag. Perfekt til at vise dine yndlingsminder frem.&nbsp;Produktinformation:Materiale: mangotr\u00e6 + metalornamenter (beslag i hj\u00f8rnerne)Rammens udvendige m\u00e5l: 27,5 x 22,5 cm Fotoformat: 10 x 15 cm (standard) Stil: bevidst \u00e6ldet, rustik elegance Farve: brun + metalbeslag Original, h\u00e5ndlavet ramme lavet af eksotisk mangotr\u00e6 Metalbeslag tilf\u00f8jer karakter og holdbarhed Ideel til vintage, boho, loft eller klassisk stil interi\u00f8r Fremragende gaveid\u00e9.&nbsp;&nbsp;<\/p>\n","protected":false},"excerpt":{"rendered":"<p>Tr\u00e6fotoramme 10&#215;15 cm vintage &#8211; mangotr\u00e6 &#8211; 30374A&nbsp;Fotoramme lavet af naturligt mangotr\u00e6 beriget med dekorative metalbeslag. Perfekt til at vise dine yndlingsminder frem.&nbsp;Produktinformation:Materiale: mangotr\u00e6 + metalornamenter (beslag i hj\u00f8rnerne)Rammens udvendige m\u00e5l: 27,5 x 22,5 cm Fotoformat: 10 x 15 cm (standard) Stil: bevidst \u00e6ldet, rustik elegance Farve: brun + metalbeslag Original, h\u00e5ndlavet ramme lavet af [&hellip;]<\/p>\n","protected":false},"featured_media":45011,"comment_status":"open","ping_status":"closed","template":"","meta":[],"product_brand":[],"product_cat":[31],"product_tag":[],"class_list":{"0":"post-27263","1":"product","2":"type-product","3":"status-publish","4":"has-post-thumbnail","6":"product_cat-uncategorized-da","8":"first","9":"instock","10":"shipping-taxable","11":"purchasable","12":"product-type-simple"},"_links":{"self":[{"href":"https:\/\/nordicmart.andreevmaster.com\/da\/wp-json\/wp\/v2\/product\/27263","targetHints":{"allow":["GET"]}}],"collection":[{"href":"https:\/\/nordicmart.andreevmaster.com\/da\/wp-json\/wp\/v2\/product"}],"about":[{"href":"https:\/\/nordicmart.andreevmaster.com\/da\/wp-json\/wp\/v2\/types\/product"}],"replies":[{"embeddable":true,"href":"https:\/\/nordicmart.andreevmaster.com\/da\/wp-json\/wp\/v2\/comments?post=27263"}],"wp:featuredmedia":[{"embeddable":true,"href":"https:\/\/nordicmart.andreevmaster.com\/da\/wp-json\/wp\/v2\/media\/45011"}],"wp:attachment":[{"href":"https:\/\/nordicmart.andreevmaster.com\/da\/wp-json\/wp\/v2\/media?parent=27263"}],"wp:term":[{"taxonomy":"product_brand","embeddable":true,"href":"https:\/\/nordicmart.andreevmaster.com\/da\/wp-json\/wp\/v2\/product_brand?post=27263"},{"taxonomy":"product_cat","embeddable":true,"href":"https:\/\/nordicmart.andreevmaster.com\/da\/wp-json\/wp\/v2\/product_cat?post=27263"},{"taxonomy":"product_tag","embeddable":true,"href":"https:\/\/nordicmart.andreevmaster.com\/da\/wp-json\/wp\/v2\/product_tag?post=27263"}],"curies":[{"name":"wp","href":"https:\/\/api.w.org\/{rel}","templated":true}]}}