{"id":27262,"date":"2026-02-27T00:36:11","date_gmt":"2026-02-27T00:36:11","guid":{"rendered":"https:\/\/nordicmart.andreevmaster.com\/product\/eksklusiv-kompasvedhaeng-forsolvet-zamak-bru25ll\/"},"modified":"2026-02-27T09:14:55","modified_gmt":"2026-02-27T09:14:55","slug":"eksklusiv-kompasvedhaeng-forsolvet-zamak-bru25ll","status":"publish","type":"product","link":"https:\/\/nordicmart.andreevmaster.com\/da\/vare\/eksklusiv-kompasvedhaeng-forsolvet-zamak-bru25ll\/","title":{"rendered":"Eksklusiv kompasvedh\u00e6ng &#8211; Fors\u00f8lvet Zamak &#8211; BRU25LL"},"content":{"rendered":"<p>Eksklusiv kompasvedh\u00e6ng &#8211; Fors\u00f8lvet Zamak &#8211; BRU25LL &nbsp;&nbsp;Premium vedh\u00e6ng designet til folk, der v\u00e6rds\u00e6tter h\u00f8j kvalitet, kvalitetsmaterialer og tidl\u00f8s stil.&nbsp;Den elegante finish g\u00f8r vedh\u00e6nget perfekt som gave til en s\u00f8mand, rejsende eller en person med en fork\u00e6rlighed for elegante gadgets.&nbsp;Produktinformation:&nbsp;Vedh\u00e6ngets dimensioner: 3,9 x 3 x 0,9 cm Samlet l\u00e6ngde: 7 cm H\u00f8j kvalitet &#8211; Zamak-legering med kobber- og s\u00f8lvbel\u00e6gning (8 mikron). Korrosionsbestandig Ideel til b\u00e5de daglig brug og som en smagfuld gave&nbsp;Zamak er navnet p\u00e5 en metallegering, hvis hovedkomponent er zink (Zn), tilsat aluminium, kobber og magnesium. Dens egenskaber er holdbarhed, korrosionsbestandighed og lethed.&nbsp;<\/p>\n","protected":false},"excerpt":{"rendered":"<p>Eksklusiv kompasvedh\u00e6ng &#8211; Fors\u00f8lvet Zamak &#8211; BRU25LL &nbsp;&nbsp;Premium vedh\u00e6ng designet til folk, der v\u00e6rds\u00e6tter h\u00f8j kvalitet, kvalitetsmaterialer og tidl\u00f8s stil.&nbsp;Den elegante finish g\u00f8r vedh\u00e6nget perfekt som gave til en s\u00f8mand, rejsende eller en person med en fork\u00e6rlighed for elegante gadgets.&nbsp;Produktinformation:&nbsp;Vedh\u00e6ngets dimensioner: 3,9 x 3 x 0,9 cm Samlet l\u00e6ngde: 7 cm H\u00f8j kvalitet &#8211; Zamak-legering [&hellip;]<\/p>\n","protected":false},"featured_media":45010,"comment_status":"open","ping_status":"closed","template":"","meta":[],"product_brand":[],"product_cat":[31],"product_tag":[],"class_list":{"0":"post-27262","1":"product","2":"type-product","3":"status-publish","4":"has-post-thumbnail","6":"product_cat-uncategorized-da","8":"first","9":"instock","10":"shipping-taxable","11":"purchasable","12":"product-type-simple"},"_links":{"self":[{"href":"https:\/\/nordicmart.andreevmaster.com\/da\/wp-json\/wp\/v2\/product\/27262","targetHints":{"allow":["GET"]}}],"collection":[{"href":"https:\/\/nordicmart.andreevmaster.com\/da\/wp-json\/wp\/v2\/product"}],"about":[{"href":"https:\/\/nordicmart.andreevmaster.com\/da\/wp-json\/wp\/v2\/types\/product"}],"replies":[{"embeddable":true,"href":"https:\/\/nordicmart.andreevmaster.com\/da\/wp-json\/wp\/v2\/comments?post=27262"}],"wp:featuredmedia":[{"embeddable":true,"href":"https:\/\/nordicmart.andreevmaster.com\/da\/wp-json\/wp\/v2\/media\/45010"}],"wp:attachment":[{"href":"https:\/\/nordicmart.andreevmaster.com\/da\/wp-json\/wp\/v2\/media?parent=27262"}],"wp:term":[{"taxonomy":"product_brand","embeddable":true,"href":"https:\/\/nordicmart.andreevmaster.com\/da\/wp-json\/wp\/v2\/product_brand?post=27262"},{"taxonomy":"product_cat","embeddable":true,"href":"https:\/\/nordicmart.andreevmaster.com\/da\/wp-json\/wp\/v2\/product_cat?post=27262"},{"taxonomy":"product_tag","embeddable":true,"href":"https:\/\/nordicmart.andreevmaster.com\/da\/wp-json\/wp\/v2\/product_tag?post=27262"}],"curies":[{"name":"wp","href":"https:\/\/api.w.org\/{rel}","templated":true}]}}