{"id":27261,"date":"2026-02-27T00:36:11","date_gmt":"2026-02-27T00:36:11","guid":{"rendered":"https:\/\/nordicmart.andreevmaster.com\/product\/halskaede-solar-eclipse-optisk-illusion-gave-til-rejsende-ecl32\/"},"modified":"2026-02-27T09:14:54","modified_gmt":"2026-02-27T09:14:54","slug":"halskaede-solar-eclipse-optisk-illusion-gave-til-rejsende-ecl32","status":"publish","type":"product","link":"https:\/\/nordicmart.andreevmaster.com\/da\/vare\/halskaede-solar-eclipse-optisk-illusion-gave-til-rejsende-ecl32\/","title":{"rendered":"Halsk\u00e6de Solar Eclipse &#8211; Optisk illusion &#8211; Gave til rejsende &#8211; ECL32"},"content":{"rendered":"<p>Halsk\u00e6de Solar Eclipse &#8211; Optisk illusion &#8211; Gave til rejsende &#8211; ECL32&nbsp;&nbsp;Halsk\u00e6den Solar Eclipse er et originalt smykke, der kombinerer \u00e6stetik med en unik optisk effekt. Den er fremstillet af Zamak-legering af h\u00f8j kvalitet med s\u00f8lvbel\u00e6gning og dekoreret med tjekkisk krystal, hvilket g\u00f8r den til en unik gave til dem, der er fascineret af astronomiske f\u00e6nomener, rejser og naturen.&nbsp;&nbsp;S\u00e5dan fungerer den &#8211; Eclipse-effekten trin for trin:&nbsp;Find en lyskilde &#8211; du f\u00e5r den bedste effekt med naturligt sollys, men intens kunstigt lys, s\u00e5som en lommelygte eller bordlampe, fungerer ogs\u00e5.Hold halsk\u00e6den i snoren, og plac\u00e9r den, s\u00e5 lyset passerer gennem det centrale hul i vedh\u00e6nget. Ret skyggen mod den overflade, du \u00f8nsker \u2013 for eksempel en v\u00e6g, en bordplade eller din h\u00e5nd. Der vil dannes en form, der ligner en solform\u00f8rkelse, p\u00e5 overfladen. &nbsp;Produktinformation:&nbsp;Str\u00e6kbar knudet bomuldssnor \u2013 justerbar l\u00e6ngde fra 45 til 62 cm.H\u00f8j kvalitet \u2013 Zamak-legering med tilsat kobber og et lag s\u00f8lv (8 mikron). Bohemsk krystal i midten af halsk\u00e6den, hvilket tilf\u00f8jer elegance. Vedh\u00e6ngets dimensioner: 3,3 x 2,7 x 0,7 cm. Let og behagelig at have p\u00e5 \u2013 velegnet til daglig brug og udend\u00f8rs brug. Korrosionsbestandig.<\/p>\n","protected":false},"excerpt":{"rendered":"<p>Halsk\u00e6de Solar Eclipse &#8211; Optisk illusion &#8211; Gave til rejsende &#8211; ECL32&nbsp;&nbsp;Halsk\u00e6den Solar Eclipse er et originalt smykke, der kombinerer \u00e6stetik med en unik optisk effekt. Den er fremstillet af Zamak-legering af h\u00f8j kvalitet med s\u00f8lvbel\u00e6gning og dekoreret med tjekkisk krystal, hvilket g\u00f8r den til en unik gave til dem, der er fascineret af astronomiske [&hellip;]<\/p>\n","protected":false},"featured_media":45009,"comment_status":"open","ping_status":"closed","template":"","meta":[],"product_brand":[],"product_cat":[31],"product_tag":[],"class_list":{"0":"post-27261","1":"product","2":"type-product","3":"status-publish","4":"has-post-thumbnail","6":"product_cat-uncategorized-da","8":"first","9":"instock","10":"shipping-taxable","11":"purchasable","12":"product-type-simple"},"_links":{"self":[{"href":"https:\/\/nordicmart.andreevmaster.com\/da\/wp-json\/wp\/v2\/product\/27261","targetHints":{"allow":["GET"]}}],"collection":[{"href":"https:\/\/nordicmart.andreevmaster.com\/da\/wp-json\/wp\/v2\/product"}],"about":[{"href":"https:\/\/nordicmart.andreevmaster.com\/da\/wp-json\/wp\/v2\/types\/product"}],"replies":[{"embeddable":true,"href":"https:\/\/nordicmart.andreevmaster.com\/da\/wp-json\/wp\/v2\/comments?post=27261"}],"wp:featuredmedia":[{"embeddable":true,"href":"https:\/\/nordicmart.andreevmaster.com\/da\/wp-json\/wp\/v2\/media\/45009"}],"wp:attachment":[{"href":"https:\/\/nordicmart.andreevmaster.com\/da\/wp-json\/wp\/v2\/media?parent=27261"}],"wp:term":[{"taxonomy":"product_brand","embeddable":true,"href":"https:\/\/nordicmart.andreevmaster.com\/da\/wp-json\/wp\/v2\/product_brand?post=27261"},{"taxonomy":"product_cat","embeddable":true,"href":"https:\/\/nordicmart.andreevmaster.com\/da\/wp-json\/wp\/v2\/product_cat?post=27261"},{"taxonomy":"product_tag","embeddable":true,"href":"https:\/\/nordicmart.andreevmaster.com\/da\/wp-json\/wp\/v2\/product_tag?post=27261"}],"curies":[{"name":"wp","href":"https:\/\/api.w.org\/{rel}","templated":true}]}}