{"id":27260,"date":"2026-02-27T00:36:11","date_gmt":"2026-02-27T00:36:11","guid":{"rendered":"https:\/\/nordicmart.andreevmaster.com\/product\/halskaede-stjerner-est-34\/"},"modified":"2026-02-27T09:14:54","modified_gmt":"2026-02-27T09:14:54","slug":"halskaede-stjerner-est-34","status":"publish","type":"product","link":"https:\/\/nordicmart.andreevmaster.com\/da\/vare\/halskaede-stjerner-est-34\/","title":{"rendered":"Halsk\u00e6de &#8211; Stjerner EST 34"},"content":{"rendered":"<p>Halsk\u00e6de &#8211; Stjerner EST 34 &nbsp;&nbsp;&nbsp;&nbsp;&nbsp;&nbsp;&nbsp;&nbsp;&nbsp;&nbsp;&nbsp;&nbsp;Symbolsk smykke med kosmisk motiv &#8211; \u00e6stetisk og holdbart&nbsp;Halsk\u00e6de &#8211; Stjerner EST 34 er et elegant tilbeh\u00f8r med s\u00f8lvfinish dekoreret med delikate stjernesymboler og tre tjekkiske krystaller i en dyb granatr\u00f8d nuance. Vedh\u00e6nget er lavet af Zamak-legering af h\u00f8j kvalitet, belagt med et lag s\u00f8lv med en tykkelse p\u00e5 8 mikron. Takket v\u00e6re den justerbare bomuldssnor tilpasser produktet sig forskellige stilarter og bevarer komfort og holdbarhed.&nbsp;&nbsp;Produktinformation:&nbsp;Elastisk bomuldssnor med knude \u2013 justerbar l\u00e6ngde fra 45 til 62 cm.H\u00f8jkvalitets h\u00e5ndv\u00e6rk \u2013 Zamak-legering med tilsat kobber og et lag s\u00f8lv (8 mikron) Bohemsk krystal i midten af halsk\u00e6den, som tilf\u00f8jer elegance. Vedh\u00e6ngets dimensioner: 3,4 x 2,6 x 0,4 cm Let og behagelig at b\u00e6re \u2013 velegnet til hverdagsbrug og udend\u00f8rs brug Korrosionsbestandig Zamak er navnet p\u00e5 en metallegering, hvis hovedkomponent er zink, tilsat aluminium, kobber og magnesium. Dens egenskaber er holdbarhed, korrosionsbestandighed og lethed.&nbsp;<\/p>\n","protected":false},"excerpt":{"rendered":"<p>Halsk\u00e6de &#8211; Stjerner EST 34 &nbsp;&nbsp;&nbsp;&nbsp;&nbsp;&nbsp;&nbsp;&nbsp;&nbsp;&nbsp;&nbsp;&nbsp;Symbolsk smykke med kosmisk motiv &#8211; \u00e6stetisk og holdbart&nbsp;Halsk\u00e6de &#8211; Stjerner EST 34 er et elegant tilbeh\u00f8r med s\u00f8lvfinish dekoreret med delikate stjernesymboler og tre tjekkiske krystaller i en dyb granatr\u00f8d nuance. Vedh\u00e6nget er lavet af Zamak-legering af h\u00f8j kvalitet, belagt med et lag s\u00f8lv med en tykkelse p\u00e5 8 [&hellip;]<\/p>\n","protected":false},"featured_media":45008,"comment_status":"open","ping_status":"closed","template":"","meta":[],"product_brand":[],"product_cat":[31],"product_tag":[],"class_list":{"0":"post-27260","1":"product","2":"type-product","3":"status-publish","4":"has-post-thumbnail","6":"product_cat-uncategorized-da","8":"first","9":"instock","10":"shipping-taxable","11":"purchasable","12":"product-type-simple"},"_links":{"self":[{"href":"https:\/\/nordicmart.andreevmaster.com\/da\/wp-json\/wp\/v2\/product\/27260","targetHints":{"allow":["GET"]}}],"collection":[{"href":"https:\/\/nordicmart.andreevmaster.com\/da\/wp-json\/wp\/v2\/product"}],"about":[{"href":"https:\/\/nordicmart.andreevmaster.com\/da\/wp-json\/wp\/v2\/types\/product"}],"replies":[{"embeddable":true,"href":"https:\/\/nordicmart.andreevmaster.com\/da\/wp-json\/wp\/v2\/comments?post=27260"}],"wp:featuredmedia":[{"embeddable":true,"href":"https:\/\/nordicmart.andreevmaster.com\/da\/wp-json\/wp\/v2\/media\/45008"}],"wp:attachment":[{"href":"https:\/\/nordicmart.andreevmaster.com\/da\/wp-json\/wp\/v2\/media?parent=27260"}],"wp:term":[{"taxonomy":"product_brand","embeddable":true,"href":"https:\/\/nordicmart.andreevmaster.com\/da\/wp-json\/wp\/v2\/product_brand?post=27260"},{"taxonomy":"product_cat","embeddable":true,"href":"https:\/\/nordicmart.andreevmaster.com\/da\/wp-json\/wp\/v2\/product_cat?post=27260"},{"taxonomy":"product_tag","embeddable":true,"href":"https:\/\/nordicmart.andreevmaster.com\/da\/wp-json\/wp\/v2\/product_tag?post=27260"}],"curies":[{"name":"wp","href":"https:\/\/api.w.org\/{rel}","templated":true}]}}