{"id":27259,"date":"2026-02-27T00:36:10","date_gmt":"2026-02-27T00:36:10","guid":{"rendered":"https:\/\/nordicmart.andreevmaster.com\/product\/halskaede-sundial-nile-forsolvet-zamak-bohmisk-krystal-nil33\/"},"modified":"2026-02-27T09:14:54","modified_gmt":"2026-02-27T09:14:54","slug":"halskaede-sundial-nile-forsolvet-zamak-bohmisk-krystal-nil33","status":"publish","type":"product","link":"https:\/\/nordicmart.andreevmaster.com\/da\/vare\/halskaede-sundial-nile-forsolvet-zamak-bohmisk-krystal-nil33\/","title":{"rendered":"Halsk\u00e6de Sundial &#8211; Nile &#8211; Fors\u00f8lvet Zamak + B\u00f8hmisk krystal &#8211; NIL33"},"content":{"rendered":"<p>Halsk\u00e6de Sundial &#8211; Nile &#8211; Fors\u00f8lvet Zamak + B\u00f8hmisk krystal &#8211; NIL33&nbsp;&nbsp;Halsk\u00e6den &ldquo;Nile&rdquo; er en bem\u00e6rkelsesv\u00e6rdig dekoration for elskere af rejser, natur og smarte l\u00f8sninger. Dens design henviser til kulturen i det gamle Egypten og Nilen. Turkis tjekkisk krystal tilf\u00f8jer halsk\u00e6den en unik karakter. Den er den perfekte gave til en rejsende, historieinteresseret eller en person, der s\u00e6tter pris p\u00e5 smukke og funktionelle genstande. &nbsp;&nbsp;S\u00e5dan fungerer den. Stil dig p\u00e5 et solrigt sted vendt mod syd. Vip halsk\u00e6den, s\u00e5 en solstr\u00e5le falder ind i uret. Str\u00e5len angiver den omtrentlige soltidsangivelse. Produktinformation: Str\u00e6kbar knudet bomuldssnor \u2013 justerbar l\u00e6ngde fra 45 til 62 cm. H\u00f8jkvalitets h\u00e5ndv\u00e6rk \u2013 Zamak-legering med tilsat kobber og et lag s\u00f8lv (8 mikron)B\u00f8hmisk krystal i midten af halsk\u00e6den, som tilf\u00f8jer eleganceDimensioner p\u00e5 vedh\u00e6nget: 4 x 2,6 x 0,7 cmLet og behagelig at have p\u00e5 \u2013 velegnet til daglig brug og udend\u00f8rs brugKorrosionsbestandig&nbsp;Zamak er navnet p\u00e5 en metallegering, hvis hovedkomponent er zink (Zn) med tils\u00e6tning af aluminium, kobber og magnesium. Dens egenskaber er holdbarhed, korrosionsbestandighed og lethed.&nbsp;<\/p>\n","protected":false},"excerpt":{"rendered":"<p>Halsk\u00e6de Sundial &#8211; Nile &#8211; Fors\u00f8lvet Zamak + B\u00f8hmisk krystal &#8211; NIL33&nbsp;&nbsp;Halsk\u00e6den &ldquo;Nile&rdquo; er en bem\u00e6rkelsesv\u00e6rdig dekoration for elskere af rejser, natur og smarte l\u00f8sninger. Dens design henviser til kulturen i det gamle Egypten og Nilen. Turkis tjekkisk krystal tilf\u00f8jer halsk\u00e6den en unik karakter. Den er den perfekte gave til en rejsende, historieinteresseret eller en [&hellip;]<\/p>\n","protected":false},"featured_media":45007,"comment_status":"open","ping_status":"closed","template":"","meta":[],"product_brand":[],"product_cat":[31],"product_tag":[],"class_list":{"0":"post-27259","1":"product","2":"type-product","3":"status-publish","4":"has-post-thumbnail","6":"product_cat-uncategorized-da","8":"first","9":"instock","10":"shipping-taxable","11":"purchasable","12":"product-type-simple"},"_links":{"self":[{"href":"https:\/\/nordicmart.andreevmaster.com\/da\/wp-json\/wp\/v2\/product\/27259","targetHints":{"allow":["GET"]}}],"collection":[{"href":"https:\/\/nordicmart.andreevmaster.com\/da\/wp-json\/wp\/v2\/product"}],"about":[{"href":"https:\/\/nordicmart.andreevmaster.com\/da\/wp-json\/wp\/v2\/types\/product"}],"replies":[{"embeddable":true,"href":"https:\/\/nordicmart.andreevmaster.com\/da\/wp-json\/wp\/v2\/comments?post=27259"}],"wp:featuredmedia":[{"embeddable":true,"href":"https:\/\/nordicmart.andreevmaster.com\/da\/wp-json\/wp\/v2\/media\/45007"}],"wp:attachment":[{"href":"https:\/\/nordicmart.andreevmaster.com\/da\/wp-json\/wp\/v2\/media?parent=27259"}],"wp:term":[{"taxonomy":"product_brand","embeddable":true,"href":"https:\/\/nordicmart.andreevmaster.com\/da\/wp-json\/wp\/v2\/product_brand?post=27259"},{"taxonomy":"product_cat","embeddable":true,"href":"https:\/\/nordicmart.andreevmaster.com\/da\/wp-json\/wp\/v2\/product_cat?post=27259"},{"taxonomy":"product_tag","embeddable":true,"href":"https:\/\/nordicmart.andreevmaster.com\/da\/wp-json\/wp\/v2\/product_tag?post=27259"}],"curies":[{"name":"wp","href":"https:\/\/api.w.org\/{rel}","templated":true}]}}