{"id":27258,"date":"2026-02-27T00:36:10","date_gmt":"2026-02-27T00:36:10","guid":{"rendered":"https:\/\/nordicmart.andreevmaster.com\/product\/halskaede-sun-watch-saturn-forsolvet-zamak-bohmisk-krystal-sat26\/"},"modified":"2026-02-27T09:14:54","modified_gmt":"2026-02-27T09:14:54","slug":"halskaede-sun-watch-saturn-forsolvet-zamak-bohmisk-krystal-sat26","status":"publish","type":"product","link":"https:\/\/nordicmart.andreevmaster.com\/da\/vare\/halskaede-sun-watch-saturn-forsolvet-zamak-bohmisk-krystal-sat26\/","title":{"rendered":"Halsk\u00e6de Sun Watch &#8211; Saturn &#8211; Fors\u00f8lvet Zamak + B\u00f8hmisk krystal &#8211; SAT26"},"content":{"rendered":"<p>Halsk\u00e6de Sun Watch &#8211; Saturn &#8211; Fors\u00f8lvet Zamak + B\u00f8hmisk krystal &#8211; SAT26&nbsp;&nbsp;Solar Watch Halsk\u00e6de &ldquo;Saturn&rdquo; er mere end bare et smykke &#8211; det er et mobilt videnskabeligt instrument. En bem\u00e6rkelsesv\u00e6rdig gadget, der vil begejstre alle, der elsker rejser, historie og astronomi.&nbsp;Det er et perfekt tilbeh\u00f8r, der kombinerer design og funktionalitet. Den lille st\u00f8rrelse g\u00f8r det nemt at tage med overalt.&nbsp;&nbsp;Hvordan fungerer det? &nbsp;Stil dig p\u00e5 et solrigt sted vendt mod sydVip halsk\u00e6den, s\u00e5 en solstr\u00e5le falder ind i uretStr\u00e5len angiver den omtrentlige soltidsinformation&nbsp;Produktinformation:&nbsp;Str\u00e6kbar knudet bomuldssnor &#8211; justerbar l\u00e6ngde fra 45 til 62 cm.H\u00f8j kvalitet &#8211; Zamak-legering med tilsat kobber og et lag s\u00f8lv (8 mikron). Bohemsk krystal i midten af halsk\u00e6den, hvilket tilf\u00f8jer elegance. Vedh\u00e6ngets dimensioner: 2,6 x 3,3 x 0,8 cm. Let og behagelig at have p\u00e5 &#8211; velegnet til daglig brug og udend\u00f8rs brug. Modstandsdygtig over for korrosion.Zamak er navnet p\u00e5 en metallegering, hvis hovedkomponent er zink (Zn) med tils\u00e6tning af aluminium, kobber og magnesium. Dens egenskaber er holdbarhed, korrosionsbestandighed og lethed.&nbsp;<\/p>\n","protected":false},"excerpt":{"rendered":"<p>Halsk\u00e6de Sun Watch &#8211; Saturn &#8211; Fors\u00f8lvet Zamak + B\u00f8hmisk krystal &#8211; SAT26&nbsp;&nbsp;Solar Watch Halsk\u00e6de &ldquo;Saturn&rdquo; er mere end bare et smykke &#8211; det er et mobilt videnskabeligt instrument. En bem\u00e6rkelsesv\u00e6rdig gadget, der vil begejstre alle, der elsker rejser, historie og astronomi.&nbsp;Det er et perfekt tilbeh\u00f8r, der kombinerer design og funktionalitet. Den lille st\u00f8rrelse g\u00f8r [&hellip;]<\/p>\n","protected":false},"featured_media":45006,"comment_status":"open","ping_status":"closed","template":"","meta":[],"product_brand":[],"product_cat":[31],"product_tag":[],"class_list":{"0":"post-27258","1":"product","2":"type-product","3":"status-publish","4":"has-post-thumbnail","6":"product_cat-uncategorized-da","8":"first","9":"instock","10":"shipping-taxable","11":"purchasable","12":"product-type-simple"},"_links":{"self":[{"href":"https:\/\/nordicmart.andreevmaster.com\/da\/wp-json\/wp\/v2\/product\/27258","targetHints":{"allow":["GET"]}}],"collection":[{"href":"https:\/\/nordicmart.andreevmaster.com\/da\/wp-json\/wp\/v2\/product"}],"about":[{"href":"https:\/\/nordicmart.andreevmaster.com\/da\/wp-json\/wp\/v2\/types\/product"}],"replies":[{"embeddable":true,"href":"https:\/\/nordicmart.andreevmaster.com\/da\/wp-json\/wp\/v2\/comments?post=27258"}],"wp:featuredmedia":[{"embeddable":true,"href":"https:\/\/nordicmart.andreevmaster.com\/da\/wp-json\/wp\/v2\/media\/45006"}],"wp:attachment":[{"href":"https:\/\/nordicmart.andreevmaster.com\/da\/wp-json\/wp\/v2\/media?parent=27258"}],"wp:term":[{"taxonomy":"product_brand","embeddable":true,"href":"https:\/\/nordicmart.andreevmaster.com\/da\/wp-json\/wp\/v2\/product_brand?post=27258"},{"taxonomy":"product_cat","embeddable":true,"href":"https:\/\/nordicmart.andreevmaster.com\/da\/wp-json\/wp\/v2\/product_cat?post=27258"},{"taxonomy":"product_tag","embeddable":true,"href":"https:\/\/nordicmart.andreevmaster.com\/da\/wp-json\/wp\/v2\/product_tag?post=27258"}],"curies":[{"name":"wp","href":"https:\/\/api.w.org\/{rel}","templated":true}]}}