{"id":27257,"date":"2026-02-27T00:36:10","date_gmt":"2026-02-27T00:36:10","guid":{"rendered":"https:\/\/nordicmart.andreevmaster.com\/product\/kompas-halskaede-vedhaeng-med-fungerende-kompas-bru25cl\/"},"modified":"2026-02-27T09:14:54","modified_gmt":"2026-02-27T09:14:54","slug":"kompas-halskaede-vedhaeng-med-fungerende-kompas-bru25cl","status":"publish","type":"product","link":"https:\/\/nordicmart.andreevmaster.com\/da\/vare\/kompas-halskaede-vedhaeng-med-fungerende-kompas-bru25cl\/","title":{"rendered":"Kompas halsk\u00e6de &#8211; Vedh\u00e6ng med fungerende kompas &#8211; BRU25CL"},"content":{"rendered":"<p>Kompas halsk\u00e6de &#8211; Vedh\u00e6ng med fungerende kompas &#8211; BRU25CL&nbsp;&nbsp;Unik halsk\u00e6de med fungerende kompas &#8211; kombinerer funktionalitet og unikt design. Ideel til elskere af eventyr, rejser, sejlads eller blot som en original dekoration.&nbsp;Perfekt gaveid\u00e9 til en rejsende, s\u00f8mand eller survivalist.&nbsp;&nbsp;Produktinformation:&nbsp;Fungerende kompasStr\u00e6kbar knudet bomuldssnor &#8211; justerbar l\u00e6ngde fra 45 til 62 cmH\u00f8j kvalitet &#8211; Zamak-legering med kobber og et lag s\u00f8lv (8 mikron)Dimensioner p\u00e5 vedh\u00e6nget: 3,9 x 3,1 x 0,9 cmLet og behagelig at b\u00e6re \u2013 velegnet til daglig brug og udend\u00f8rs brugKorrosionsbestandig&nbsp;Zamak er navnet p\u00e5 en metallegering, hvis hovedkomponent er zink (Zn), tilsat aluminium, kobber og magnesium. Dens egenskaber er holdbarhed, korrosionsbestandighed og lethed.&nbsp;<\/p>\n","protected":false},"excerpt":{"rendered":"<p>Kompas halsk\u00e6de &#8211; Vedh\u00e6ng med fungerende kompas &#8211; BRU25CL&nbsp;&nbsp;Unik halsk\u00e6de med fungerende kompas &#8211; kombinerer funktionalitet og unikt design. Ideel til elskere af eventyr, rejser, sejlads eller blot som en original dekoration.&nbsp;Perfekt gaveid\u00e9 til en rejsende, s\u00f8mand eller survivalist.&nbsp;&nbsp;Produktinformation:&nbsp;Fungerende kompasStr\u00e6kbar knudet bomuldssnor &#8211; justerbar l\u00e6ngde fra 45 til 62 cmH\u00f8j kvalitet &#8211; Zamak-legering med kobber [&hellip;]<\/p>\n","protected":false},"featured_media":45005,"comment_status":"open","ping_status":"closed","template":"","meta":[],"product_brand":[],"product_cat":[31],"product_tag":[],"class_list":{"0":"post-27257","1":"product","2":"type-product","3":"status-publish","4":"has-post-thumbnail","6":"product_cat-uncategorized-da","8":"first","9":"instock","10":"shipping-taxable","11":"purchasable","12":"product-type-simple"},"_links":{"self":[{"href":"https:\/\/nordicmart.andreevmaster.com\/da\/wp-json\/wp\/v2\/product\/27257","targetHints":{"allow":["GET"]}}],"collection":[{"href":"https:\/\/nordicmart.andreevmaster.com\/da\/wp-json\/wp\/v2\/product"}],"about":[{"href":"https:\/\/nordicmart.andreevmaster.com\/da\/wp-json\/wp\/v2\/types\/product"}],"replies":[{"embeddable":true,"href":"https:\/\/nordicmart.andreevmaster.com\/da\/wp-json\/wp\/v2\/comments?post=27257"}],"wp:featuredmedia":[{"embeddable":true,"href":"https:\/\/nordicmart.andreevmaster.com\/da\/wp-json\/wp\/v2\/media\/45005"}],"wp:attachment":[{"href":"https:\/\/nordicmart.andreevmaster.com\/da\/wp-json\/wp\/v2\/media?parent=27257"}],"wp:term":[{"taxonomy":"product_brand","embeddable":true,"href":"https:\/\/nordicmart.andreevmaster.com\/da\/wp-json\/wp\/v2\/product_brand?post=27257"},{"taxonomy":"product_cat","embeddable":true,"href":"https:\/\/nordicmart.andreevmaster.com\/da\/wp-json\/wp\/v2\/product_cat?post=27257"},{"taxonomy":"product_tag","embeddable":true,"href":"https:\/\/nordicmart.andreevmaster.com\/da\/wp-json\/wp\/v2\/product_tag?post=27257"}],"curies":[{"name":"wp","href":"https:\/\/api.w.org\/{rel}","templated":true}]}}