{"id":27256,"date":"2026-02-27T00:36:09","date_gmt":"2026-02-27T00:36:09","guid":{"rendered":"https:\/\/nordicmart.andreevmaster.com\/product\/mini-guitar-lady-gaga-spe-132-2\/"},"modified":"2026-02-27T09:14:53","modified_gmt":"2026-02-27T09:14:53","slug":"mini-guitar-lady-gaga-spe-132-2","status":"publish","type":"product","link":"https:\/\/nordicmart.andreevmaster.com\/da\/vare\/mini-guitar-lady-gaga-spe-132-2\/","title":{"rendered":"Mini Guitar &#8211; Lady Gaga &#8211; SPE-132"},"content":{"rendered":"<p>Mini Guitar &#8211; Lady Gaga &#8211; SPE-132&nbsp;&nbsp;Dekorativ mini-guitar inspireret af Lady Gagas sceniske og ekstravagante stil &#8211; en af de mest genkendelige og indflydelsesrige kunstnere i det 21. \u00e5rhundrede. Modellen er lavet af mahogni i skala 1:4 og er perfekt som samlerobjekt eller kunstnerisk indretning. Lady Gaga er et globalt popkulturikon \u2013 sanger, sangskriver, skuespiller og performer, kendt for sin dristige stil, st\u00e6rke stemme og kompromisl\u00f8se tilgang til kunsten. Hendes karriere er en kombination af innovation og et karakteristisk scenebillede, der konstant udvikler sig. SPE-132 mini-guitaren afspejler denne kunstneriske mangfoldighed. Det er den perfekte gaveid\u00e9 til fans af Lady Gaga og pop\u00e6stetik.&nbsp;&nbsp;Produktinformation:&nbsp;M\u00e5l: h\u00f8jde 27,5 cm x bredde 9 cm x dybde 0,8 cmSkala: 1:4Materiale: mahogniTr\u00e6Stativ medf\u00f8lgerGuitaren kan ikke spilles p\u00e5 \u2013 den er et dekorativt elementSamlerobjekt&nbsp;Perfekt gave til:&nbsp;Lady Gaga-fansSamlere af mini-instrumenterMusikere og popentusiaster&nbsp;<\/p>\n","protected":false},"excerpt":{"rendered":"<p>Mini Guitar &#8211; Lady Gaga &#8211; SPE-132&nbsp;&nbsp;Dekorativ mini-guitar inspireret af Lady Gagas sceniske og ekstravagante stil &#8211; en af de mest genkendelige og indflydelsesrige kunstnere i det 21. \u00e5rhundrede. Modellen er lavet af mahogni i skala 1:4 og er perfekt som samlerobjekt eller kunstnerisk indretning. Lady Gaga er et globalt popkulturikon \u2013 sanger, sangskriver, skuespiller [&hellip;]<\/p>\n","protected":false},"featured_media":45004,"comment_status":"open","ping_status":"closed","template":"","meta":[],"product_brand":[],"product_cat":[31],"product_tag":[],"class_list":{"0":"post-27256","1":"product","2":"type-product","3":"status-publish","4":"has-post-thumbnail","6":"product_cat-uncategorized-da","8":"first","9":"instock","10":"shipping-taxable","11":"purchasable","12":"product-type-simple"},"_links":{"self":[{"href":"https:\/\/nordicmart.andreevmaster.com\/da\/wp-json\/wp\/v2\/product\/27256","targetHints":{"allow":["GET"]}}],"collection":[{"href":"https:\/\/nordicmart.andreevmaster.com\/da\/wp-json\/wp\/v2\/product"}],"about":[{"href":"https:\/\/nordicmart.andreevmaster.com\/da\/wp-json\/wp\/v2\/types\/product"}],"replies":[{"embeddable":true,"href":"https:\/\/nordicmart.andreevmaster.com\/da\/wp-json\/wp\/v2\/comments?post=27256"}],"wp:featuredmedia":[{"embeddable":true,"href":"https:\/\/nordicmart.andreevmaster.com\/da\/wp-json\/wp\/v2\/media\/45004"}],"wp:attachment":[{"href":"https:\/\/nordicmart.andreevmaster.com\/da\/wp-json\/wp\/v2\/media?parent=27256"}],"wp:term":[{"taxonomy":"product_brand","embeddable":true,"href":"https:\/\/nordicmart.andreevmaster.com\/da\/wp-json\/wp\/v2\/product_brand?post=27256"},{"taxonomy":"product_cat","embeddable":true,"href":"https:\/\/nordicmart.andreevmaster.com\/da\/wp-json\/wp\/v2\/product_cat?post=27256"},{"taxonomy":"product_tag","embeddable":true,"href":"https:\/\/nordicmart.andreevmaster.com\/da\/wp-json\/wp\/v2\/product_tag?post=27256"}],"curies":[{"name":"wp","href":"https:\/\/api.w.org\/{rel}","templated":true}]}}