{"id":27255,"date":"2026-02-27T00:36:09","date_gmt":"2026-02-27T00:36:09","guid":{"rendered":"https:\/\/nordicmart.andreevmaster.com\/product\/dekorativ-figur-golden-penguin-hojde-205-cm-3989fjz\/"},"modified":"2026-02-27T09:14:53","modified_gmt":"2026-02-27T09:14:53","slug":"dekorativ-figur-golden-penguin-hojde-205-cm-3989fjz","status":"publish","type":"product","link":"https:\/\/nordicmart.andreevmaster.com\/da\/vare\/dekorativ-figur-golden-penguin-hojde-205-cm-3989fjz\/","title":{"rendered":"Dekorativ figur Golden Penguin H\u00f8jde 20,5 cm &#8211; 3989FJZ"},"content":{"rendered":"<p>Dekorativ figur Guldpingvin H\u00f8jde 20,5 cm &#8211; 3989FJZ &nbsp;&nbsp;&nbsp;Dekorativ figur af en guldpingvin &#8211; fremstillet af holdbart polyresin. Med sin gyldne farve og diskrete glans er den et i\u00f8jnefaldende designelement i hjemmet eller p\u00e5 kontoret. Den passer godt som supplement til interi\u00f8rer indrettet i glamour\u00f8s, moderne, art deco eller eklektisk stil. &nbsp;Den vil v\u00e6re en god og original gaveid\u00e9.&nbsp;Figuren vil ogs\u00e5 v\u00e6re velegnet som udstillingselement i butiksvinduer, hoteller, restauranter og dekorative rum.&nbsp;&nbsp;Produktinformation:&nbsp;M\u00e5l: 12,4 x 10,5 x 20,5 cmMateriale: polyresinFarve: guld&nbsp;<\/p>\n","protected":false},"excerpt":{"rendered":"<p>Dekorativ figur Guldpingvin H\u00f8jde 20,5 cm &#8211; 3989FJZ &nbsp;&nbsp;&nbsp;Dekorativ figur af en guldpingvin &#8211; fremstillet af holdbart polyresin. Med sin gyldne farve og diskrete glans er den et i\u00f8jnefaldende designelement i hjemmet eller p\u00e5 kontoret. Den passer godt som supplement til interi\u00f8rer indrettet i glamour\u00f8s, moderne, art deco eller eklektisk stil. &nbsp;Den vil v\u00e6re en [&hellip;]<\/p>\n","protected":false},"featured_media":45003,"comment_status":"open","ping_status":"closed","template":"","meta":[],"product_brand":[],"product_cat":[31],"product_tag":[],"class_list":{"0":"post-27255","1":"product","2":"type-product","3":"status-publish","4":"has-post-thumbnail","6":"product_cat-uncategorized-da","8":"first","9":"instock","10":"shipping-taxable","11":"purchasable","12":"product-type-simple"},"_links":{"self":[{"href":"https:\/\/nordicmart.andreevmaster.com\/da\/wp-json\/wp\/v2\/product\/27255","targetHints":{"allow":["GET"]}}],"collection":[{"href":"https:\/\/nordicmart.andreevmaster.com\/da\/wp-json\/wp\/v2\/product"}],"about":[{"href":"https:\/\/nordicmart.andreevmaster.com\/da\/wp-json\/wp\/v2\/types\/product"}],"replies":[{"embeddable":true,"href":"https:\/\/nordicmart.andreevmaster.com\/da\/wp-json\/wp\/v2\/comments?post=27255"}],"wp:featuredmedia":[{"embeddable":true,"href":"https:\/\/nordicmart.andreevmaster.com\/da\/wp-json\/wp\/v2\/media\/45003"}],"wp:attachment":[{"href":"https:\/\/nordicmart.andreevmaster.com\/da\/wp-json\/wp\/v2\/media?parent=27255"}],"wp:term":[{"taxonomy":"product_brand","embeddable":true,"href":"https:\/\/nordicmart.andreevmaster.com\/da\/wp-json\/wp\/v2\/product_brand?post=27255"},{"taxonomy":"product_cat","embeddable":true,"href":"https:\/\/nordicmart.andreevmaster.com\/da\/wp-json\/wp\/v2\/product_cat?post=27255"},{"taxonomy":"product_tag","embeddable":true,"href":"https:\/\/nordicmart.andreevmaster.com\/da\/wp-json\/wp\/v2\/product_tag?post=27255"}],"curies":[{"name":"wp","href":"https:\/\/api.w.org\/{rel}","templated":true}]}}