{"id":27254,"date":"2026-02-27T00:36:09","date_gmt":"2026-02-27T00:36:09","guid":{"rendered":"https:\/\/nordicmart.andreevmaster.com\/product\/dekorativ-figur-mor-med-barn-symbol-pa-familien-hojde-268-cm-e43586\/"},"modified":"2026-02-27T09:14:53","modified_gmt":"2026-02-27T09:14:53","slug":"dekorativ-figur-mor-med-barn-symbol-pa-familien-hojde-268-cm-e43586","status":"publish","type":"product","link":"https:\/\/nordicmart.andreevmaster.com\/da\/vare\/dekorativ-figur-mor-med-barn-symbol-pa-familien-hojde-268-cm-e43586\/","title":{"rendered":"Dekorativ figur Mor med barn \u2013 Symbol p\u00e5 familien \u2013 H\u00f8jde 26,8 cm \u2013 E43586"},"content":{"rendered":"<p>Dekorativ figur Mor med barn &#8211; Symbol p\u00e5 familien &#8211; H\u00f8jde 26,8 cm &#8211; E43586&nbsp;&nbsp;Smuk, elegant figur, der viser en mor, der holder et barn &#8211; et tidl\u00f8st symbol p\u00e5 k\u00e6rlighed og familie. Lavet i moderne stil med glamour\u00f8se elementer &#8211; domineret af guld brudt af subtile sorte nuancer.&nbsp;Den vil v\u00e6re perfekt som dekoration i stuen, sovev\u00e6relset eller det moderne kontor. Den er ogs\u00e5 en god gaveid\u00e9 til mors dag, f\u00f8dselsdage, barnets f\u00f8dsel eller housewarming.&nbsp;&nbsp;Produktinformation:&nbsp;H\u00f8jde: 26,8 cmBredde: 5,5 cmDybde: 5,2 cmFarve: guld med sorte accenterMateriale: polyresinStil: moderne, glamourSymbolik: k\u00e6rlighed, omsorg, familie&nbsp;Figuren er slank og h\u00f8j \u2013 den tiltr\u00e6kker blikket og tilf\u00f8jer klasse til interi\u00f8ret.&nbsp;<\/p>\n","protected":false},"excerpt":{"rendered":"<p>Dekorativ figur Mor med barn &#8211; Symbol p\u00e5 familien &#8211; H\u00f8jde 26,8 cm &#8211; E43586&nbsp;&nbsp;Smuk, elegant figur, der viser en mor, der holder et barn &#8211; et tidl\u00f8st symbol p\u00e5 k\u00e6rlighed og familie. Lavet i moderne stil med glamour\u00f8se elementer &#8211; domineret af guld brudt af subtile sorte nuancer.&nbsp;Den vil v\u00e6re perfekt som dekoration i [&hellip;]<\/p>\n","protected":false},"featured_media":45002,"comment_status":"open","ping_status":"closed","template":"","meta":[],"product_brand":[],"product_cat":[31],"product_tag":[],"class_list":{"0":"post-27254","1":"product","2":"type-product","3":"status-publish","4":"has-post-thumbnail","6":"product_cat-uncategorized-da","8":"first","9":"instock","10":"shipping-taxable","11":"purchasable","12":"product-type-simple"},"_links":{"self":[{"href":"https:\/\/nordicmart.andreevmaster.com\/da\/wp-json\/wp\/v2\/product\/27254","targetHints":{"allow":["GET"]}}],"collection":[{"href":"https:\/\/nordicmart.andreevmaster.com\/da\/wp-json\/wp\/v2\/product"}],"about":[{"href":"https:\/\/nordicmart.andreevmaster.com\/da\/wp-json\/wp\/v2\/types\/product"}],"replies":[{"embeddable":true,"href":"https:\/\/nordicmart.andreevmaster.com\/da\/wp-json\/wp\/v2\/comments?post=27254"}],"wp:featuredmedia":[{"embeddable":true,"href":"https:\/\/nordicmart.andreevmaster.com\/da\/wp-json\/wp\/v2\/media\/45002"}],"wp:attachment":[{"href":"https:\/\/nordicmart.andreevmaster.com\/da\/wp-json\/wp\/v2\/media?parent=27254"}],"wp:term":[{"taxonomy":"product_brand","embeddable":true,"href":"https:\/\/nordicmart.andreevmaster.com\/da\/wp-json\/wp\/v2\/product_brand?post=27254"},{"taxonomy":"product_cat","embeddable":true,"href":"https:\/\/nordicmart.andreevmaster.com\/da\/wp-json\/wp\/v2\/product_cat?post=27254"},{"taxonomy":"product_tag","embeddable":true,"href":"https:\/\/nordicmart.andreevmaster.com\/da\/wp-json\/wp\/v2\/product_tag?post=27254"}],"curies":[{"name":"wp","href":"https:\/\/api.w.org\/{rel}","templated":true}]}}