{"id":27253,"date":"2026-02-27T00:36:09","date_gmt":"2026-02-27T00:36:09","guid":{"rendered":"https:\/\/nordicmart.andreevmaster.com\/product\/gylden-dekorativ-figur-bull-moderne-dekoration-43111y1\/"},"modified":"2026-02-27T09:14:53","modified_gmt":"2026-02-27T09:14:53","slug":"gylden-dekorativ-figur-bull-moderne-dekoration-43111y1","status":"publish","type":"product","link":"https:\/\/nordicmart.andreevmaster.com\/da\/vare\/gylden-dekorativ-figur-bull-moderne-dekoration-43111y1\/","title":{"rendered":"Gylden dekorativ figur Bull &#8211; moderne dekoration &#8211; 43111Y1"},"content":{"rendered":"<p>Gylden dekorativ figur Bull &#8211; moderne dekoration &#8211; 43111Y1&nbsp;&nbsp;Fremstillet af h\u00f8jkvalitets polyresin i en imponerende guldfarve. Figuren ser stilfuld og moderne ud. Den passer perfekt ind i forskellige rum &#8211; fra stuen, gennem kontoret, til sovev\u00e6relset. Den kan v\u00e6re det centrale punkt i dekorationen p\u00e5 en kommode, hylde eller skrivebord og tilf\u00f8je karakter til ethvert rum. I \u00e5rhundreder har tyren v\u00e6ret et symbol p\u00e5 maskulinitet, styrke og beslutsomhed. I mange kulturer symboliserer den ogs\u00e5 rigdom og velstand. At placere denne figur i dit hjem eller p\u00e5 dit kontor kan v\u00e6re en p\u00e5mindelse om dine m\u00e5l og din str\u00e6ben efter succes. Den er ogs\u00e5 en god gaveid\u00e9 til en person, der s\u00e6tter pris p\u00e5 originale og meningsfulde dekorationer. Den vil ogs\u00e5 v\u00e6re en god gave til personer, der arbejder med finans og er f\u00f8dt i stjernetegnet Tyren.&nbsp;&nbsp;Produktinformation:&nbsp;M\u00e5l: Bredde: 33,3 cm Dybde: 10,4 cm H\u00f8jde: 16,3 cm Materiale: polyresin Farve: guld, sort Stil: elegant, glamour\u00f8s, moderne Ideel som: dekoration til en hylde, kommode, skrivebord, lejlighedsvis gaveHvorfor er det v\u00e6rd? Symbol p\u00e5 styrke og rigdom \u2013 perfekt til interi\u00f8rer med karakter Universel dekoration til hjemmet og kontoret I\u00f8jnefaldende \u2013 effektiv guldfinish Id\u00e9 til en stilfuld gave<\/p>\n","protected":false},"excerpt":{"rendered":"<p>Gylden dekorativ figur Bull &#8211; moderne dekoration &#8211; 43111Y1&nbsp;&nbsp;Fremstillet af h\u00f8jkvalitets polyresin i en imponerende guldfarve. Figuren ser stilfuld og moderne ud. Den passer perfekt ind i forskellige rum &#8211; fra stuen, gennem kontoret, til sovev\u00e6relset. Den kan v\u00e6re det centrale punkt i dekorationen p\u00e5 en kommode, hylde eller skrivebord og tilf\u00f8je karakter til ethvert [&hellip;]<\/p>\n","protected":false},"featured_media":45001,"comment_status":"open","ping_status":"closed","template":"","meta":[],"product_brand":[],"product_cat":[31],"product_tag":[],"class_list":{"0":"post-27253","1":"product","2":"type-product","3":"status-publish","4":"has-post-thumbnail","6":"product_cat-uncategorized-da","8":"first","9":"instock","10":"shipping-taxable","11":"purchasable","12":"product-type-simple"},"_links":{"self":[{"href":"https:\/\/nordicmart.andreevmaster.com\/da\/wp-json\/wp\/v2\/product\/27253","targetHints":{"allow":["GET"]}}],"collection":[{"href":"https:\/\/nordicmart.andreevmaster.com\/da\/wp-json\/wp\/v2\/product"}],"about":[{"href":"https:\/\/nordicmart.andreevmaster.com\/da\/wp-json\/wp\/v2\/types\/product"}],"replies":[{"embeddable":true,"href":"https:\/\/nordicmart.andreevmaster.com\/da\/wp-json\/wp\/v2\/comments?post=27253"}],"wp:featuredmedia":[{"embeddable":true,"href":"https:\/\/nordicmart.andreevmaster.com\/da\/wp-json\/wp\/v2\/media\/45001"}],"wp:attachment":[{"href":"https:\/\/nordicmart.andreevmaster.com\/da\/wp-json\/wp\/v2\/media?parent=27253"}],"wp:term":[{"taxonomy":"product_brand","embeddable":true,"href":"https:\/\/nordicmart.andreevmaster.com\/da\/wp-json\/wp\/v2\/product_brand?post=27253"},{"taxonomy":"product_cat","embeddable":true,"href":"https:\/\/nordicmart.andreevmaster.com\/da\/wp-json\/wp\/v2\/product_cat?post=27253"},{"taxonomy":"product_tag","embeddable":true,"href":"https:\/\/nordicmart.andreevmaster.com\/da\/wp-json\/wp\/v2\/product_tag?post=27253"}],"curies":[{"name":"wp","href":"https:\/\/api.w.org\/{rel}","templated":true}]}}