{"id":27252,"date":"2026-02-27T00:36:08","date_gmt":"2026-02-27T00:36:08","guid":{"rendered":"https:\/\/nordicmart.andreevmaster.com\/product\/buddha-figur-glaedelig-buddha-gulddekoration\/"},"modified":"2026-02-27T09:14:52","modified_gmt":"2026-02-27T09:14:52","slug":"buddha-figur-glaedelig-buddha-gulddekoration","status":"publish","type":"product","link":"https:\/\/nordicmart.andreevmaster.com\/da\/vare\/buddha-figur-glaedelig-buddha-gulddekoration\/","title":{"rendered":"Buddha-figur &#8211; Gl\u00e6delig Buddha &#8211; Gulddekoration"},"content":{"rendered":"<p>Buddha-figur &#8211; Gl\u00e6delig Buddha &#8211; Gulddekoration&nbsp;&nbsp;Den charmerende Gl\u00e6delig Buddha-figur udstr\u00e5ler positiv energi og symboliserer rigdom, lykke, harmoni og beskyttelse mod ond energi. Den elegante guldfarve giver figuren et stilfuldt look, der passer perfekt til forskellige interi\u00f8rdesign. &nbsp;Figuren er lavet af holdbart polyresin. Den vil se godt ud i hjemmet, p\u00e5 kontoret, i stuen og ogs\u00e5 p\u00e5 steder, hvor man mediterer og slapper af. Den er en ideel gave til en ny lejlighed, housewarming, f\u00f8dselsdag eller enhver anden lejlighed.&nbsp;Produktinformation:&nbsp;M\u00e5l: 17,1 x 8,6 x 11,6 cmMateriale: PolyresinFarve: Guld, sort Symbolik: rigdom, held, harmoni og beskyttelse mod d\u00e5rlig energi Ideel som gave: til hjemmet, kontoret, stuen eller som gave til en ny lejlighed F\u00e6rdiglavet gaveid\u00e9 med en besked&nbsp;<\/p>\n","protected":false},"excerpt":{"rendered":"<p>Buddha-figur &#8211; Gl\u00e6delig Buddha &#8211; Gulddekoration&nbsp;&nbsp;Den charmerende Gl\u00e6delig Buddha-figur udstr\u00e5ler positiv energi og symboliserer rigdom, lykke, harmoni og beskyttelse mod ond energi. Den elegante guldfarve giver figuren et stilfuldt look, der passer perfekt til forskellige interi\u00f8rdesign. &nbsp;Figuren er lavet af holdbart polyresin. Den vil se godt ud i hjemmet, p\u00e5 kontoret, i stuen og ogs\u00e5 [&hellip;]<\/p>\n","protected":false},"featured_media":45000,"comment_status":"open","ping_status":"closed","template":"","meta":[],"product_brand":[],"product_cat":[31],"product_tag":[],"class_list":{"0":"post-27252","1":"product","2":"type-product","3":"status-publish","4":"has-post-thumbnail","6":"product_cat-uncategorized-da","8":"first","9":"instock","10":"shipping-taxable","11":"purchasable","12":"product-type-simple"},"_links":{"self":[{"href":"https:\/\/nordicmart.andreevmaster.com\/da\/wp-json\/wp\/v2\/product\/27252","targetHints":{"allow":["GET"]}}],"collection":[{"href":"https:\/\/nordicmart.andreevmaster.com\/da\/wp-json\/wp\/v2\/product"}],"about":[{"href":"https:\/\/nordicmart.andreevmaster.com\/da\/wp-json\/wp\/v2\/types\/product"}],"replies":[{"embeddable":true,"href":"https:\/\/nordicmart.andreevmaster.com\/da\/wp-json\/wp\/v2\/comments?post=27252"}],"wp:featuredmedia":[{"embeddable":true,"href":"https:\/\/nordicmart.andreevmaster.com\/da\/wp-json\/wp\/v2\/media\/45000"}],"wp:attachment":[{"href":"https:\/\/nordicmart.andreevmaster.com\/da\/wp-json\/wp\/v2\/media?parent=27252"}],"wp:term":[{"taxonomy":"product_brand","embeddable":true,"href":"https:\/\/nordicmart.andreevmaster.com\/da\/wp-json\/wp\/v2\/product_brand?post=27252"},{"taxonomy":"product_cat","embeddable":true,"href":"https:\/\/nordicmart.andreevmaster.com\/da\/wp-json\/wp\/v2\/product_cat?post=27252"},{"taxonomy":"product_tag","embeddable":true,"href":"https:\/\/nordicmart.andreevmaster.com\/da\/wp-json\/wp\/v2\/product_tag?post=27252"}],"curies":[{"name":"wp","href":"https:\/\/api.w.org\/{rel}","templated":true}]}}