{"id":27251,"date":"2026-02-27T00:36:08","date_gmt":"2026-02-27T00:36:08","guid":{"rendered":"https:\/\/nordicmart.andreevmaster.com\/product\/moderne-dekorativ-figur-dancer-abstract-24-cm-e44446\/"},"modified":"2026-02-27T09:14:52","modified_gmt":"2026-02-27T09:14:52","slug":"moderne-dekorativ-figur-dancer-abstract-24-cm-e44446","status":"publish","type":"product","link":"https:\/\/nordicmart.andreevmaster.com\/da\/vare\/moderne-dekorativ-figur-dancer-abstract-24-cm-e44446\/","title":{"rendered":"Moderne dekorativ figur Dancer &#8211; Abstract 24 cm &#8211; E44446"},"content":{"rendered":"<p>Moderne dekorativ figur Dancer &#8211; Abstrakt, 24 cm &#8211; E44446&nbsp;&nbsp;Stilfuld dekorativ figur, der forestiller en danser i abstrakt form, er en unik tilf\u00f8jelse til interi\u00f8ret. Dens moderne \u00e6stetik og antikke guldfinish g\u00f8r den til et godt match til glamour\u00f8se, moderne, loft- eller art deco-indretninger. &nbsp;Dette er en ideel gaveid\u00e9 til en person, der elsker at danse. Den vil v\u00e6re en elegant og symbolsk gave til en danser, dansel\u00e6rer eller en person, der br\u00e6nder for bev\u00e6gelseskunsten. &nbsp;&nbsp;Produktinformation:&nbsp;M\u00e5l: 14,1 x 6,8 x 24,2 cmMateriale: polyresin (syntetisk harpiks)Farve: antik guld (mat med en let glans)Stil: moderne, geometrisk, abstraktMotiv: danser i en dynamisk poseIdeel til glamour\u00f8se, moderne og art deco-interi\u00f8rerFantastisk gaveid\u00e9&nbsp;<\/p>\n","protected":false},"excerpt":{"rendered":"<p>Moderne dekorativ figur Dancer &#8211; Abstrakt, 24 cm &#8211; E44446&nbsp;&nbsp;Stilfuld dekorativ figur, der forestiller en danser i abstrakt form, er en unik tilf\u00f8jelse til interi\u00f8ret. Dens moderne \u00e6stetik og antikke guldfinish g\u00f8r den til et godt match til glamour\u00f8se, moderne, loft- eller art deco-indretninger. &nbsp;Dette er en ideel gaveid\u00e9 til en person, der elsker at [&hellip;]<\/p>\n","protected":false},"featured_media":44999,"comment_status":"open","ping_status":"closed","template":"","meta":[],"product_brand":[],"product_cat":[31],"product_tag":[],"class_list":{"0":"post-27251","1":"product","2":"type-product","3":"status-publish","4":"has-post-thumbnail","6":"product_cat-uncategorized-da","8":"first","9":"instock","10":"shipping-taxable","11":"purchasable","12":"product-type-simple"},"_links":{"self":[{"href":"https:\/\/nordicmart.andreevmaster.com\/da\/wp-json\/wp\/v2\/product\/27251","targetHints":{"allow":["GET"]}}],"collection":[{"href":"https:\/\/nordicmart.andreevmaster.com\/da\/wp-json\/wp\/v2\/product"}],"about":[{"href":"https:\/\/nordicmart.andreevmaster.com\/da\/wp-json\/wp\/v2\/types\/product"}],"replies":[{"embeddable":true,"href":"https:\/\/nordicmart.andreevmaster.com\/da\/wp-json\/wp\/v2\/comments?post=27251"}],"wp:featuredmedia":[{"embeddable":true,"href":"https:\/\/nordicmart.andreevmaster.com\/da\/wp-json\/wp\/v2\/media\/44999"}],"wp:attachment":[{"href":"https:\/\/nordicmart.andreevmaster.com\/da\/wp-json\/wp\/v2\/media?parent=27251"}],"wp:term":[{"taxonomy":"product_brand","embeddable":true,"href":"https:\/\/nordicmart.andreevmaster.com\/da\/wp-json\/wp\/v2\/product_brand?post=27251"},{"taxonomy":"product_cat","embeddable":true,"href":"https:\/\/nordicmart.andreevmaster.com\/da\/wp-json\/wp\/v2\/product_cat?post=27251"},{"taxonomy":"product_tag","embeddable":true,"href":"https:\/\/nordicmart.andreevmaster.com\/da\/wp-json\/wp\/v2\/product_tag?post=27251"}],"curies":[{"name":"wp","href":"https:\/\/api.w.org\/{rel}","templated":true}]}}