{"id":27250,"date":"2026-02-27T00:36:08","date_gmt":"2026-02-27T00:36:08","guid":{"rendered":"https:\/\/nordicmart.andreevmaster.com\/product\/gylden-elefant-med-loftet-trompet-dekorativ-figur-141fjz\/"},"modified":"2026-02-27T09:14:52","modified_gmt":"2026-02-27T09:14:52","slug":"gylden-elefant-med-loftet-trompet-dekorativ-figur-141fjz","status":"publish","type":"product","link":"https:\/\/nordicmart.andreevmaster.com\/da\/vare\/gylden-elefant-med-loftet-trompet-dekorativ-figur-141fjz\/","title":{"rendered":"Gylden elefant med l\u00f8ftet trompet &#8211; Dekorativ figur &#8211; 141FJZ"},"content":{"rendered":"<p>Gylden elefant med l\u00f8ftet trompet &#8211; Dekorativ figur &#8211; 141FJZ&nbsp;&nbsp;Stilfuld elefantfigur med l\u00f8ftet snabel er en elegant tilf\u00f8jelse til ethvert interi\u00f8r.&nbsp;Den er et symbol p\u00e5 lykke, velstand og beskyttelse &#8211; ideel til hjemmet, kontoret eller som en symbolsk gave.&nbsp;Figuren passer perfekt til moderne og klassiske indretninger. H\u00f8j kvalitet og elegant finish g\u00f8r den til en fantastisk dekoration med et symbolsk budskab.&nbsp;&nbsp;Produktinformation:&nbsp;M\u00e5l: 20,5 x 7,8 x 16,8 cmMateriale: polyresinFarve: guld&nbsp;<\/p>\n","protected":false},"excerpt":{"rendered":"<p>Gylden elefant med l\u00f8ftet trompet &#8211; Dekorativ figur &#8211; 141FJZ&nbsp;&nbsp;Stilfuld elefantfigur med l\u00f8ftet snabel er en elegant tilf\u00f8jelse til ethvert interi\u00f8r.&nbsp;Den er et symbol p\u00e5 lykke, velstand og beskyttelse &#8211; ideel til hjemmet, kontoret eller som en symbolsk gave.&nbsp;Figuren passer perfekt til moderne og klassiske indretninger. H\u00f8j kvalitet og elegant finish g\u00f8r den til en [&hellip;]<\/p>\n","protected":false},"featured_media":44998,"comment_status":"open","ping_status":"closed","template":"","meta":[],"product_brand":[],"product_cat":[31],"product_tag":[],"class_list":{"0":"post-27250","1":"product","2":"type-product","3":"status-publish","4":"has-post-thumbnail","6":"product_cat-uncategorized-da","8":"first","9":"instock","10":"shipping-taxable","11":"purchasable","12":"product-type-simple"},"_links":{"self":[{"href":"https:\/\/nordicmart.andreevmaster.com\/da\/wp-json\/wp\/v2\/product\/27250","targetHints":{"allow":["GET"]}}],"collection":[{"href":"https:\/\/nordicmart.andreevmaster.com\/da\/wp-json\/wp\/v2\/product"}],"about":[{"href":"https:\/\/nordicmart.andreevmaster.com\/da\/wp-json\/wp\/v2\/types\/product"}],"replies":[{"embeddable":true,"href":"https:\/\/nordicmart.andreevmaster.com\/da\/wp-json\/wp\/v2\/comments?post=27250"}],"wp:featuredmedia":[{"embeddable":true,"href":"https:\/\/nordicmart.andreevmaster.com\/da\/wp-json\/wp\/v2\/media\/44998"}],"wp:attachment":[{"href":"https:\/\/nordicmart.andreevmaster.com\/da\/wp-json\/wp\/v2\/media?parent=27250"}],"wp:term":[{"taxonomy":"product_brand","embeddable":true,"href":"https:\/\/nordicmart.andreevmaster.com\/da\/wp-json\/wp\/v2\/product_brand?post=27250"},{"taxonomy":"product_cat","embeddable":true,"href":"https:\/\/nordicmart.andreevmaster.com\/da\/wp-json\/wp\/v2\/product_cat?post=27250"},{"taxonomy":"product_tag","embeddable":true,"href":"https:\/\/nordicmart.andreevmaster.com\/da\/wp-json\/wp\/v2\/product_tag?post=27250"}],"curies":[{"name":"wp","href":"https:\/\/api.w.org\/{rel}","templated":true}]}}