{"id":27249,"date":"2026-02-27T00:36:07","date_gmt":"2026-02-27T00:36:07","guid":{"rendered":"https:\/\/nordicmart.andreevmaster.com\/product\/tealight-lysestage-hand-glamour-lysestage-311fjz\/"},"modified":"2026-02-27T09:14:52","modified_gmt":"2026-02-27T09:14:52","slug":"tealight-lysestage-hand-glamour-lysestage-311fjz","status":"publish","type":"product","link":"https:\/\/nordicmart.andreevmaster.com\/da\/vare\/tealight-lysestage-hand-glamour-lysestage-311fjz\/","title":{"rendered":"Tealight lysestage &#8211; Hand &#8211; Glamour lysestage &#8211; 311FJZ."},"content":{"rendered":"<p>Tealight lysestage &#8211; Hand &#8211; Glamour lysestage &#8211; 311FJZ.&nbsp;&nbsp;Denne dekorative lysestage er en kombination af design og glamourstil &#8211; den er i\u00f8jnefaldende og passer perfekt til moderigtige arrangementer. Med dens hj\u00e6lp kan du skabe et varmt og hyggeligt lys i dit interi\u00f8r.&nbsp;De delikate former og den elegante finish g\u00f8r den perfekt som dekorativt element p\u00e5 et bord, en kommode eller i badev\u00e6relset. Den passer til et klassisk tealight og skaber en behagelig og stemningsfuld atmosf\u00e6re.&nbsp;Perfekt gaveid\u00e9 eller en original tilf\u00f8jelse til dit hjem.&nbsp;&nbsp;Produktinformation:&nbsp;M\u00e5l: 11,5 x 9,4 x 4,8 cmMateriale: polyresinFarve: guld (skinnende guld)Stil: glamour, moderne&nbsp;<\/p>\n","protected":false},"excerpt":{"rendered":"<p>Tealight lysestage &#8211; Hand &#8211; Glamour lysestage &#8211; 311FJZ.&nbsp;&nbsp;Denne dekorative lysestage er en kombination af design og glamourstil &#8211; den er i\u00f8jnefaldende og passer perfekt til moderigtige arrangementer. Med dens hj\u00e6lp kan du skabe et varmt og hyggeligt lys i dit interi\u00f8r.&nbsp;De delikate former og den elegante finish g\u00f8r den perfekt som dekorativt element p\u00e5 [&hellip;]<\/p>\n","protected":false},"featured_media":44997,"comment_status":"open","ping_status":"closed","template":"","meta":[],"product_brand":[],"product_cat":[31],"product_tag":[],"class_list":{"0":"post-27249","1":"product","2":"type-product","3":"status-publish","4":"has-post-thumbnail","6":"product_cat-uncategorized-da","8":"first","9":"instock","10":"shipping-taxable","11":"purchasable","12":"product-type-simple"},"_links":{"self":[{"href":"https:\/\/nordicmart.andreevmaster.com\/da\/wp-json\/wp\/v2\/product\/27249","targetHints":{"allow":["GET"]}}],"collection":[{"href":"https:\/\/nordicmart.andreevmaster.com\/da\/wp-json\/wp\/v2\/product"}],"about":[{"href":"https:\/\/nordicmart.andreevmaster.com\/da\/wp-json\/wp\/v2\/types\/product"}],"replies":[{"embeddable":true,"href":"https:\/\/nordicmart.andreevmaster.com\/da\/wp-json\/wp\/v2\/comments?post=27249"}],"wp:featuredmedia":[{"embeddable":true,"href":"https:\/\/nordicmart.andreevmaster.com\/da\/wp-json\/wp\/v2\/media\/44997"}],"wp:attachment":[{"href":"https:\/\/nordicmart.andreevmaster.com\/da\/wp-json\/wp\/v2\/media?parent=27249"}],"wp:term":[{"taxonomy":"product_brand","embeddable":true,"href":"https:\/\/nordicmart.andreevmaster.com\/da\/wp-json\/wp\/v2\/product_brand?post=27249"},{"taxonomy":"product_cat","embeddable":true,"href":"https:\/\/nordicmart.andreevmaster.com\/da\/wp-json\/wp\/v2\/product_cat?post=27249"},{"taxonomy":"product_tag","embeddable":true,"href":"https:\/\/nordicmart.andreevmaster.com\/da\/wp-json\/wp\/v2\/product_tag?post=27249"}],"curies":[{"name":"wp","href":"https:\/\/api.w.org\/{rel}","templated":true}]}}