{"id":27248,"date":"2026-02-27T00:36:07","date_gmt":"2026-02-27T00:36:07","guid":{"rendered":"https:\/\/nordicmart.andreevmaster.com\/product\/kalligrafisaet-sort-gasepen-med-spids-blaek-1027\/"},"modified":"2026-02-27T09:14:52","modified_gmt":"2026-02-27T09:14:52","slug":"kalligrafisaet-sort-gasepen-med-spids-blaek-1027","status":"publish","type":"product","link":"https:\/\/nordicmart.andreevmaster.com\/da\/vare\/kalligrafisaet-sort-gasepen-med-spids-blaek-1027\/","title":{"rendered":"Kalligrafis\u00e6t &#8211; sort g\u00e5sepen med spids + bl\u00e6k &#8211; 1027"},"content":{"rendered":"<p>Kalligrafis\u00e6t &#8211; sort g\u00e5sepen med spids + bl\u00e6k &#8211; 1027&nbsp;&nbsp;Elegant kalligrafis\u00e6t inspireret af musikverdenen &#8211; ideelt til elskere af skrivekunsten.&nbsp;&nbsp;S\u00e6ttet indeholder:&nbsp;Sort pen med spids dekoreret med violinemotivBl\u00e6khus med bl\u00e6kElegant gave\u00e6ske&nbsp;Parametre:&nbsp;Pennens l\u00e6ngde: 24 cm Gave\u00e6skens m\u00e5l: 27 x 8 x 3 cm&nbsp;&nbsp;S\u00e6ttet er pakket i en elegant gave\u00e6ske \u2013 klar til at blive givet v\u00e6k til en s\u00e6rlig lejlighed.&nbsp;&nbsp;Det er en ideel gave til:&nbsp;Kalligrafi-entusiasterSamlere af smukke skriveinstrumenterMusikereKomponister<\/p>\n","protected":false},"excerpt":{"rendered":"<p>Kalligrafis\u00e6t &#8211; sort g\u00e5sepen med spids + bl\u00e6k &#8211; 1027&nbsp;&nbsp;Elegant kalligrafis\u00e6t inspireret af musikverdenen &#8211; ideelt til elskere af skrivekunsten.&nbsp;&nbsp;S\u00e6ttet indeholder:&nbsp;Sort pen med spids dekoreret med violinemotivBl\u00e6khus med bl\u00e6kElegant gave\u00e6ske&nbsp;Parametre:&nbsp;Pennens l\u00e6ngde: 24 cm Gave\u00e6skens m\u00e5l: 27 x 8 x 3 cm&nbsp;&nbsp;S\u00e6ttet er pakket i en elegant gave\u00e6ske \u2013 klar til at blive givet v\u00e6k til [&hellip;]<\/p>\n","protected":false},"featured_media":44996,"comment_status":"open","ping_status":"closed","template":"","meta":[],"product_brand":[],"product_cat":[31],"product_tag":[],"class_list":{"0":"post-27248","1":"product","2":"type-product","3":"status-publish","4":"has-post-thumbnail","6":"product_cat-uncategorized-da","8":"first","9":"instock","10":"shipping-taxable","11":"purchasable","12":"product-type-simple"},"_links":{"self":[{"href":"https:\/\/nordicmart.andreevmaster.com\/da\/wp-json\/wp\/v2\/product\/27248","targetHints":{"allow":["GET"]}}],"collection":[{"href":"https:\/\/nordicmart.andreevmaster.com\/da\/wp-json\/wp\/v2\/product"}],"about":[{"href":"https:\/\/nordicmart.andreevmaster.com\/da\/wp-json\/wp\/v2\/types\/product"}],"replies":[{"embeddable":true,"href":"https:\/\/nordicmart.andreevmaster.com\/da\/wp-json\/wp\/v2\/comments?post=27248"}],"wp:featuredmedia":[{"embeddable":true,"href":"https:\/\/nordicmart.andreevmaster.com\/da\/wp-json\/wp\/v2\/media\/44996"}],"wp:attachment":[{"href":"https:\/\/nordicmart.andreevmaster.com\/da\/wp-json\/wp\/v2\/media?parent=27248"}],"wp:term":[{"taxonomy":"product_brand","embeddable":true,"href":"https:\/\/nordicmart.andreevmaster.com\/da\/wp-json\/wp\/v2\/product_brand?post=27248"},{"taxonomy":"product_cat","embeddable":true,"href":"https:\/\/nordicmart.andreevmaster.com\/da\/wp-json\/wp\/v2\/product_cat?post=27248"},{"taxonomy":"product_tag","embeddable":true,"href":"https:\/\/nordicmart.andreevmaster.com\/da\/wp-json\/wp\/v2\/product_tag?post=27248"}],"curies":[{"name":"wp","href":"https:\/\/api.w.org\/{rel}","templated":true}]}}