{"id":27247,"date":"2026-02-27T00:36:07","date_gmt":"2026-02-27T00:36:07","guid":{"rendered":"https:\/\/nordicmart.andreevmaster.com\/product\/kalligrafigavesaet-bla-fjerpen-med-penne-blaek-7651\/"},"modified":"2026-02-27T09:14:51","modified_gmt":"2026-02-27T09:14:51","slug":"kalligrafigavesaet-bla-fjerpen-med-penne-blaek-7651","status":"publish","type":"product","link":"https:\/\/nordicmart.andreevmaster.com\/da\/vare\/kalligrafigavesaet-bla-fjerpen-med-penne-blaek-7651\/","title":{"rendered":"Kalligrafigaves\u00e6t \u2013 Bl\u00e5 fjerpen med penne + bl\u00e6k \u2013 7651"},"content":{"rendered":"<p>Kalligrafigaves\u00e6t \u2013 Bl\u00e5 fjerpen med penne + bl\u00e6k \u2013 7651&nbsp;&nbsp;Fordyb dig i kunsten at skrive smukt med et elegant kalligrafis\u00e6t med en bl\u00e5 pen. Et ideelt valg for b\u00e5de begyndere og mere avancerede kalligrafi-entusiaster.&nbsp;S\u00e6ttet indeholder:&nbsp;?Bl\u00e5 fjerpen med penne?Bl\u00e6khus med bl\u00e6k&nbsp;M\u00e5l:&nbsp;?Penl\u00e6ngde: 24 cm?M\u00e5l: 26,5 x 8 x 3 cm&nbsp;Den \u00e6stetiske gaveemballage understreger s\u00e6ttets elegance og g\u00f8r det perfekt som gave.&nbsp;&nbsp;Perfekt gave til:&nbsp;?Kalligrafi-elsker?Kunstner?Samler af skriveinstrumenter?Til s\u00e6rlige lejligheder (f\u00f8dselsdage, jubil\u00e6er, helligdage)<\/p>\n","protected":false},"excerpt":{"rendered":"<p>Kalligrafigaves\u00e6t \u2013 Bl\u00e5 fjerpen med penne + bl\u00e6k \u2013 7651&nbsp;&nbsp;Fordyb dig i kunsten at skrive smukt med et elegant kalligrafis\u00e6t med en bl\u00e5 pen. Et ideelt valg for b\u00e5de begyndere og mere avancerede kalligrafi-entusiaster.&nbsp;S\u00e6ttet indeholder:&nbsp;?Bl\u00e5 fjerpen med penne?Bl\u00e6khus med bl\u00e6k&nbsp;M\u00e5l:&nbsp;?Penl\u00e6ngde: 24 cm?M\u00e5l: 26,5 x 8 x 3 cm&nbsp;Den \u00e6stetiske gaveemballage understreger s\u00e6ttets elegance og g\u00f8r [&hellip;]<\/p>\n","protected":false},"featured_media":44995,"comment_status":"open","ping_status":"closed","template":"","meta":[],"product_brand":[],"product_cat":[31],"product_tag":[],"class_list":{"0":"post-27247","1":"product","2":"type-product","3":"status-publish","4":"has-post-thumbnail","6":"product_cat-uncategorized-da","8":"first","9":"instock","10":"shipping-taxable","11":"purchasable","12":"product-type-simple"},"_links":{"self":[{"href":"https:\/\/nordicmart.andreevmaster.com\/da\/wp-json\/wp\/v2\/product\/27247","targetHints":{"allow":["GET"]}}],"collection":[{"href":"https:\/\/nordicmart.andreevmaster.com\/da\/wp-json\/wp\/v2\/product"}],"about":[{"href":"https:\/\/nordicmart.andreevmaster.com\/da\/wp-json\/wp\/v2\/types\/product"}],"replies":[{"embeddable":true,"href":"https:\/\/nordicmart.andreevmaster.com\/da\/wp-json\/wp\/v2\/comments?post=27247"}],"wp:featuredmedia":[{"embeddable":true,"href":"https:\/\/nordicmart.andreevmaster.com\/da\/wp-json\/wp\/v2\/media\/44995"}],"wp:attachment":[{"href":"https:\/\/nordicmart.andreevmaster.com\/da\/wp-json\/wp\/v2\/media?parent=27247"}],"wp:term":[{"taxonomy":"product_brand","embeddable":true,"href":"https:\/\/nordicmart.andreevmaster.com\/da\/wp-json\/wp\/v2\/product_brand?post=27247"},{"taxonomy":"product_cat","embeddable":true,"href":"https:\/\/nordicmart.andreevmaster.com\/da\/wp-json\/wp\/v2\/product_cat?post=27247"},{"taxonomy":"product_tag","embeddable":true,"href":"https:\/\/nordicmart.andreevmaster.com\/da\/wp-json\/wp\/v2\/product_tag?post=27247"}],"curies":[{"name":"wp","href":"https:\/\/api.w.org\/{rel}","templated":true}]}}