{"id":27246,"date":"2026-02-27T00:36:06","date_gmt":"2026-02-27T00:36:06","guid":{"rendered":"https:\/\/nordicmart.andreevmaster.com\/product\/kalligrafisaet-pen-med-to-spidser-blaekhus-5422\/"},"modified":"2026-02-27T09:14:51","modified_gmt":"2026-02-27T09:14:51","slug":"kalligrafisaet-pen-med-to-spidser-blaekhus-5422","status":"publish","type":"product","link":"https:\/\/nordicmart.andreevmaster.com\/da\/vare\/kalligrafisaet-pen-med-to-spidser-blaekhus-5422\/","title":{"rendered":"Kalligrafis\u00e6t \u2013 pen med to spidser + bl\u00e6khus \u2013 5422"},"content":{"rendered":"<p>Kalligrafis\u00e6t &#8211; pen med to spidser + bl\u00e6khus &#8211; 5422&nbsp;&nbsp;Smukt udformet, klassisk kalligrafis\u00e6t, perfekt til elskere af h\u00e5ndskrift, begyndende kalligrafer og folk, der leder efter en smagfuld gave. S\u00e6ttet kombinerer \u00e6stetik og funktionalitet &#8211; ideelt til b\u00e5de daglige \u00f8velser og til at skabe unikke invitationer, breve eller dekorative noter.&nbsp;&nbsp;S\u00e6ttet indeholder:&nbsp;? Stilfuld penholder? 2 udskiftelige spidser \u2013 forskellige skrivetykkelser? Bl\u00e6khus med bl\u00e6k (m\u00f8rk klassisk farve)? Elegant gave\u00e6ske&nbsp;S\u00e6ttet er pakket i en elegant gave\u00e6ske med m\u00e5lene: 12,5 x 8,5 x 3 cm.&nbsp;Den \u00e6stetiske finish g\u00f8r s\u00e6ttet meget stilfuldt \u2013 klar til at blive givet uden yderligere emballage.&nbsp;Ideel til en billig gave. Et godt valg til f\u00f8dselsdage, helligdage, l\u00e6rernes dag eller som gave til en elsker af skrivekunsten.<\/p>\n","protected":false},"excerpt":{"rendered":"<p>Kalligrafis\u00e6t &#8211; pen med to spidser + bl\u00e6khus &#8211; 5422&nbsp;&nbsp;Smukt udformet, klassisk kalligrafis\u00e6t, perfekt til elskere af h\u00e5ndskrift, begyndende kalligrafer og folk, der leder efter en smagfuld gave. S\u00e6ttet kombinerer \u00e6stetik og funktionalitet &#8211; ideelt til b\u00e5de daglige \u00f8velser og til at skabe unikke invitationer, breve eller dekorative noter.&nbsp;&nbsp;S\u00e6ttet indeholder:&nbsp;? Stilfuld penholder? 2 udskiftelige spidser [&hellip;]<\/p>\n","protected":false},"featured_media":44994,"comment_status":"open","ping_status":"closed","template":"","meta":[],"product_brand":[],"product_cat":[31],"product_tag":[],"class_list":{"0":"post-27246","1":"product","2":"type-product","3":"status-publish","4":"has-post-thumbnail","6":"product_cat-uncategorized-da","8":"first","9":"instock","10":"shipping-taxable","11":"purchasable","12":"product-type-simple"},"_links":{"self":[{"href":"https:\/\/nordicmart.andreevmaster.com\/da\/wp-json\/wp\/v2\/product\/27246","targetHints":{"allow":["GET"]}}],"collection":[{"href":"https:\/\/nordicmart.andreevmaster.com\/da\/wp-json\/wp\/v2\/product"}],"about":[{"href":"https:\/\/nordicmart.andreevmaster.com\/da\/wp-json\/wp\/v2\/types\/product"}],"replies":[{"embeddable":true,"href":"https:\/\/nordicmart.andreevmaster.com\/da\/wp-json\/wp\/v2\/comments?post=27246"}],"wp:featuredmedia":[{"embeddable":true,"href":"https:\/\/nordicmart.andreevmaster.com\/da\/wp-json\/wp\/v2\/media\/44994"}],"wp:attachment":[{"href":"https:\/\/nordicmart.andreevmaster.com\/da\/wp-json\/wp\/v2\/media?parent=27246"}],"wp:term":[{"taxonomy":"product_brand","embeddable":true,"href":"https:\/\/nordicmart.andreevmaster.com\/da\/wp-json\/wp\/v2\/product_brand?post=27246"},{"taxonomy":"product_cat","embeddable":true,"href":"https:\/\/nordicmart.andreevmaster.com\/da\/wp-json\/wp\/v2\/product_cat?post=27246"},{"taxonomy":"product_tag","embeddable":true,"href":"https:\/\/nordicmart.andreevmaster.com\/da\/wp-json\/wp\/v2\/product_tag?post=27246"}],"curies":[{"name":"wp","href":"https:\/\/api.w.org\/{rel}","templated":true}]}}