{"id":27245,"date":"2026-02-27T00:36:06","date_gmt":"2026-02-27T00:36:06","guid":{"rendered":"https:\/\/nordicmart.andreevmaster.com\/product\/kalligrafisaet-gylden-fjerpen-med-spids-blaek-7262\/"},"modified":"2026-02-27T09:14:51","modified_gmt":"2026-02-27T09:14:51","slug":"kalligrafisaet-gylden-fjerpen-med-spids-blaek-7262","status":"publish","type":"product","link":"https:\/\/nordicmart.andreevmaster.com\/da\/vare\/kalligrafisaet-gylden-fjerpen-med-spids-blaek-7262\/","title":{"rendered":"Kalligrafis\u00e6t &#8211; Gylden fjerpen med spids + bl\u00e6k &#8211; 7262"},"content":{"rendered":"<p>Kalligrafis\u00e6t &#8211; Gylden fjerpen med spids + bl\u00e6k &#8211; 7262&nbsp;&nbsp;Et elegant kalligrafis\u00e6t inspireret af klassisk italiensk skrivekunst. Perfekt til elskere af vintage-stil, kalligrafi og folk, der v\u00e6rds\u00e6tter unikke genstande med sj\u00e6l.&nbsp;&nbsp;S\u00e6ttet indeholder:&nbsp;? Gylden fjerpen, f\u00e6rdiggjort med en pr\u00e6cist fremstillet spids? Bl\u00e6khus med sort bl\u00e6k? \u00c6stetisk gaveemballage&nbsp;Parametre:&nbsp;? Penl\u00e6ngde: 24 cm? Dimensioner: 26,5 x 8 x 3 cm&nbsp;&nbsp;Dette s\u00e6t kombinerer elegance og funktionalitet \u2013 det fungerer b\u00e5de som skrivebordsdekoration og i praksis \u2013 f.eks. til at lave invitationer, breve eller dekorative underskrifter.&nbsp;Perfekt som gave \u2013 til en kalligrafi-entusiast, forfatter, kunstner eller som en original gave til en s\u00e6rlig lejlighed.<\/p>\n","protected":false},"excerpt":{"rendered":"<p>Kalligrafis\u00e6t &#8211; Gylden fjerpen med spids + bl\u00e6k &#8211; 7262&nbsp;&nbsp;Et elegant kalligrafis\u00e6t inspireret af klassisk italiensk skrivekunst. Perfekt til elskere af vintage-stil, kalligrafi og folk, der v\u00e6rds\u00e6tter unikke genstande med sj\u00e6l.&nbsp;&nbsp;S\u00e6ttet indeholder:&nbsp;? Gylden fjerpen, f\u00e6rdiggjort med en pr\u00e6cist fremstillet spids? Bl\u00e6khus med sort bl\u00e6k? \u00c6stetisk gaveemballage&nbsp;Parametre:&nbsp;? Penl\u00e6ngde: 24 cm? Dimensioner: 26,5 x 8 x 3 [&hellip;]<\/p>\n","protected":false},"featured_media":44993,"comment_status":"open","ping_status":"closed","template":"","meta":[],"product_brand":[],"product_cat":[31],"product_tag":[],"class_list":{"0":"post-27245","1":"product","2":"type-product","3":"status-publish","4":"has-post-thumbnail","6":"product_cat-uncategorized-da","8":"first","9":"instock","10":"shipping-taxable","11":"purchasable","12":"product-type-simple"},"_links":{"self":[{"href":"https:\/\/nordicmart.andreevmaster.com\/da\/wp-json\/wp\/v2\/product\/27245","targetHints":{"allow":["GET"]}}],"collection":[{"href":"https:\/\/nordicmart.andreevmaster.com\/da\/wp-json\/wp\/v2\/product"}],"about":[{"href":"https:\/\/nordicmart.andreevmaster.com\/da\/wp-json\/wp\/v2\/types\/product"}],"replies":[{"embeddable":true,"href":"https:\/\/nordicmart.andreevmaster.com\/da\/wp-json\/wp\/v2\/comments?post=27245"}],"wp:featuredmedia":[{"embeddable":true,"href":"https:\/\/nordicmart.andreevmaster.com\/da\/wp-json\/wp\/v2\/media\/44993"}],"wp:attachment":[{"href":"https:\/\/nordicmart.andreevmaster.com\/da\/wp-json\/wp\/v2\/media?parent=27245"}],"wp:term":[{"taxonomy":"product_brand","embeddable":true,"href":"https:\/\/nordicmart.andreevmaster.com\/da\/wp-json\/wp\/v2\/product_brand?post=27245"},{"taxonomy":"product_cat","embeddable":true,"href":"https:\/\/nordicmart.andreevmaster.com\/da\/wp-json\/wp\/v2\/product_cat?post=27245"},{"taxonomy":"product_tag","embeddable":true,"href":"https:\/\/nordicmart.andreevmaster.com\/da\/wp-json\/wp\/v2\/product_tag?post=27245"}],"curies":[{"name":"wp","href":"https:\/\/api.w.org\/{rel}","templated":true}]}}