{"id":27244,"date":"2026-02-27T00:36:06","date_gmt":"2026-02-27T00:36:06","guid":{"rendered":"https:\/\/nordicmart.andreevmaster.com\/product\/retro-ur-med-kaede-clk-0703b\/"},"modified":"2026-02-27T09:14:51","modified_gmt":"2026-02-27T09:14:51","slug":"retro-ur-med-kaede-clk-0703b","status":"publish","type":"product","link":"https:\/\/nordicmart.andreevmaster.com\/da\/vare\/retro-ur-med-kaede-clk-0703b\/","title":{"rendered":"Retro ur med k\u00e6de &#8211; CLK-0703B"},"content":{"rendered":"<p>Retro ur med k\u00e6de &#8211; CLK-0703B&nbsp;&nbsp;Retro-gave&nbsp;Elegant lommeur i klassisk messingindfatning er den perfekte gave til elskere af retrostil. Den hvide urskive med sorte visere sikrer l\u00e6sbarhed og tilf\u00f8jer tidl\u00f8s charme.&nbsp;&nbsp;Produktinformation:&nbsp;Urens dimensioner: Urens diameter 5 cm. Materiale: messing, glas Ur p\u00e5 k\u00e6de i messingindfatning Urskive: hvid med sorte visere Retro-stil gave&nbsp;<\/p>\n","protected":false},"excerpt":{"rendered":"<p>Retro ur med k\u00e6de &#8211; CLK-0703B&nbsp;&nbsp;Retro-gave&nbsp;Elegant lommeur i klassisk messingindfatning er den perfekte gave til elskere af retrostil. Den hvide urskive med sorte visere sikrer l\u00e6sbarhed og tilf\u00f8jer tidl\u00f8s charme.&nbsp;&nbsp;Produktinformation:&nbsp;Urens dimensioner: Urens diameter 5 cm. Materiale: messing, glas Ur p\u00e5 k\u00e6de i messingindfatning Urskive: hvid med sorte visere Retro-stil gave&nbsp;<\/p>\n","protected":false},"featured_media":44992,"comment_status":"open","ping_status":"closed","template":"","meta":[],"product_brand":[],"product_cat":[31],"product_tag":[],"class_list":{"0":"post-27244","1":"product","2":"type-product","3":"status-publish","4":"has-post-thumbnail","6":"product_cat-uncategorized-da","8":"first","9":"instock","10":"shipping-taxable","11":"purchasable","12":"product-type-simple"},"_links":{"self":[{"href":"https:\/\/nordicmart.andreevmaster.com\/da\/wp-json\/wp\/v2\/product\/27244","targetHints":{"allow":["GET"]}}],"collection":[{"href":"https:\/\/nordicmart.andreevmaster.com\/da\/wp-json\/wp\/v2\/product"}],"about":[{"href":"https:\/\/nordicmart.andreevmaster.com\/da\/wp-json\/wp\/v2\/types\/product"}],"replies":[{"embeddable":true,"href":"https:\/\/nordicmart.andreevmaster.com\/da\/wp-json\/wp\/v2\/comments?post=27244"}],"wp:featuredmedia":[{"embeddable":true,"href":"https:\/\/nordicmart.andreevmaster.com\/da\/wp-json\/wp\/v2\/media\/44992"}],"wp:attachment":[{"href":"https:\/\/nordicmart.andreevmaster.com\/da\/wp-json\/wp\/v2\/media?parent=27244"}],"wp:term":[{"taxonomy":"product_brand","embeddable":true,"href":"https:\/\/nordicmart.andreevmaster.com\/da\/wp-json\/wp\/v2\/product_brand?post=27244"},{"taxonomy":"product_cat","embeddable":true,"href":"https:\/\/nordicmart.andreevmaster.com\/da\/wp-json\/wp\/v2\/product_cat?post=27244"},{"taxonomy":"product_tag","embeddable":true,"href":"https:\/\/nordicmart.andreevmaster.com\/da\/wp-json\/wp\/v2\/product_tag?post=27244"}],"curies":[{"name":"wp","href":"https:\/\/api.w.org\/{rel}","templated":true}]}}