{"id":27243,"date":"2026-02-27T00:36:06","date_gmt":"2026-02-27T00:36:06","guid":{"rendered":"https:\/\/nordicmart.andreevmaster.com\/product\/glamour-gold-round-metal-coffee-table-1051a-2\/"},"modified":"2026-02-27T09:14:51","modified_gmt":"2026-02-27T09:14:51","slug":"glamour-gold-round-metal-coffee-table-1051a-2","status":"publish","type":"product","link":"https:\/\/nordicmart.andreevmaster.com\/da\/vare\/glamour-gold-round-metal-coffee-table-1051a-2\/","title":{"rendered":"Glamour Gold Round Metal Coffee Table &#8211; 1051A"},"content":{"rendered":"<p>Glamour Gold Round Metal Coffee Table &#8211; 1051A&nbsp;&nbsp;Dette elegante runde sofabord er et must-have for elskere af glamourstil. Dens skinnende guldoverflade vil tilf\u00f8je et chic touch til ethvert rum. Perfekt til stuen, sovev\u00e6relset eller arbejdsv\u00e6relset. Kombinationen af metal og rund form skaber et tidl\u00f8st design.&nbsp;&nbsp;Vores metalbord er en us\u00e6dvanlig kombination af elegance og funktionalitet, som passer perfekt ind i en r\u00e6kke forskellige indretningsstilarter.&nbsp;&nbsp;Produktinformation:&nbsp;Materiale: metalDimensioner: 40 x 40 x 60 cmStil: Glamour\u00f8s, elegantFarve: guld<\/p>\n","protected":false},"excerpt":{"rendered":"<p>Glamour Gold Round Metal Coffee Table &#8211; 1051A&nbsp;&nbsp;Dette elegante runde sofabord er et must-have for elskere af glamourstil. Dens skinnende guldoverflade vil tilf\u00f8je et chic touch til ethvert rum. Perfekt til stuen, sovev\u00e6relset eller arbejdsv\u00e6relset. Kombinationen af metal og rund form skaber et tidl\u00f8st design.&nbsp;&nbsp;Vores metalbord er en us\u00e6dvanlig kombination af elegance og funktionalitet, som [&hellip;]<\/p>\n","protected":false},"featured_media":44991,"comment_status":"open","ping_status":"closed","template":"","meta":[],"product_brand":[],"product_cat":[31],"product_tag":[],"class_list":{"0":"post-27243","1":"product","2":"type-product","3":"status-publish","4":"has-post-thumbnail","6":"product_cat-uncategorized-da","8":"first","9":"instock","10":"shipping-taxable","11":"purchasable","12":"product-type-simple"},"_links":{"self":[{"href":"https:\/\/nordicmart.andreevmaster.com\/da\/wp-json\/wp\/v2\/product\/27243","targetHints":{"allow":["GET"]}}],"collection":[{"href":"https:\/\/nordicmart.andreevmaster.com\/da\/wp-json\/wp\/v2\/product"}],"about":[{"href":"https:\/\/nordicmart.andreevmaster.com\/da\/wp-json\/wp\/v2\/types\/product"}],"replies":[{"embeddable":true,"href":"https:\/\/nordicmart.andreevmaster.com\/da\/wp-json\/wp\/v2\/comments?post=27243"}],"wp:featuredmedia":[{"embeddable":true,"href":"https:\/\/nordicmart.andreevmaster.com\/da\/wp-json\/wp\/v2\/media\/44991"}],"wp:attachment":[{"href":"https:\/\/nordicmart.andreevmaster.com\/da\/wp-json\/wp\/v2\/media?parent=27243"}],"wp:term":[{"taxonomy":"product_brand","embeddable":true,"href":"https:\/\/nordicmart.andreevmaster.com\/da\/wp-json\/wp\/v2\/product_brand?post=27243"},{"taxonomy":"product_cat","embeddable":true,"href":"https:\/\/nordicmart.andreevmaster.com\/da\/wp-json\/wp\/v2\/product_cat?post=27243"},{"taxonomy":"product_tag","embeddable":true,"href":"https:\/\/nordicmart.andreevmaster.com\/da\/wp-json\/wp\/v2\/product_tag?post=27243"}],"curies":[{"name":"wp","href":"https:\/\/api.w.org\/{rel}","templated":true}]}}