{"id":27242,"date":"2026-02-27T00:36:05","date_gmt":"2026-02-27T00:36:05","guid":{"rendered":"https:\/\/nordicmart.andreevmaster.com\/product\/guld-dekorativ-figur-stenbukken-cap2\/"},"modified":"2026-02-27T09:14:50","modified_gmt":"2026-02-27T09:14:50","slug":"guld-dekorativ-figur-stenbukken-cap2","status":"publish","type":"product","link":"https:\/\/nordicmart.andreevmaster.com\/da\/vare\/guld-dekorativ-figur-stenbukken-cap2\/","title":{"rendered":"Guld dekorativ figur &#8211; Stenbukken &#8211; CAP2"},"content":{"rendered":"<p>Guld dekorativ figur &#8211; Stenbukken &#8211; CAP2&nbsp;&nbsp;Den dekorative figur CAP forestiller det symbolske stjernetegn Stenbukken. Den guldfarvede finish giver figuren et strejf af elegance, hvilket g\u00f8r den velegnet til klassiske, glamour\u00f8se og art deco-interi\u00f8rer. CAP-figuren er en fremragende gaveid\u00e9 til Stenbukken og astrologi-elskere. &nbsp;Vintersolhverv og astronomisk vinter markeres af Solen i stjernebilledet Stenbukken. De gamle gr\u00e6kere troede, at den hornede gud Pan, s\u00f8n af Hermes og nymfen Dryope, hjalp med at redde verden fra monsteret Typhon ved at samle den leml\u00e6stede Zeus til en helhed. Zeus placerede ham blandt stjernerne i taknemmelighed. &nbsp;&nbsp;Produktinformation:&nbsp;Figur lavet af aluminiumDimensioner: 23,5 x 21 x 6 cm&nbsp;<\/p>\n","protected":false},"excerpt":{"rendered":"<p>Guld dekorativ figur &#8211; Stenbukken &#8211; CAP2&nbsp;&nbsp;Den dekorative figur CAP forestiller det symbolske stjernetegn Stenbukken. Den guldfarvede finish giver figuren et strejf af elegance, hvilket g\u00f8r den velegnet til klassiske, glamour\u00f8se og art deco-interi\u00f8rer. CAP-figuren er en fremragende gaveid\u00e9 til Stenbukken og astrologi-elskere. &nbsp;Vintersolhverv og astronomisk vinter markeres af Solen i stjernebilledet Stenbukken. De gamle [&hellip;]<\/p>\n","protected":false},"featured_media":44990,"comment_status":"open","ping_status":"closed","template":"","meta":[],"product_brand":[],"product_cat":[31],"product_tag":[],"class_list":{"0":"post-27242","1":"product","2":"type-product","3":"status-publish","4":"has-post-thumbnail","6":"product_cat-uncategorized-da","8":"first","9":"instock","10":"shipping-taxable","11":"purchasable","12":"product-type-simple"},"_links":{"self":[{"href":"https:\/\/nordicmart.andreevmaster.com\/da\/wp-json\/wp\/v2\/product\/27242","targetHints":{"allow":["GET"]}}],"collection":[{"href":"https:\/\/nordicmart.andreevmaster.com\/da\/wp-json\/wp\/v2\/product"}],"about":[{"href":"https:\/\/nordicmart.andreevmaster.com\/da\/wp-json\/wp\/v2\/types\/product"}],"replies":[{"embeddable":true,"href":"https:\/\/nordicmart.andreevmaster.com\/da\/wp-json\/wp\/v2\/comments?post=27242"}],"wp:featuredmedia":[{"embeddable":true,"href":"https:\/\/nordicmart.andreevmaster.com\/da\/wp-json\/wp\/v2\/media\/44990"}],"wp:attachment":[{"href":"https:\/\/nordicmart.andreevmaster.com\/da\/wp-json\/wp\/v2\/media?parent=27242"}],"wp:term":[{"taxonomy":"product_brand","embeddable":true,"href":"https:\/\/nordicmart.andreevmaster.com\/da\/wp-json\/wp\/v2\/product_brand?post=27242"},{"taxonomy":"product_cat","embeddable":true,"href":"https:\/\/nordicmart.andreevmaster.com\/da\/wp-json\/wp\/v2\/product_cat?post=27242"},{"taxonomy":"product_tag","embeddable":true,"href":"https:\/\/nordicmart.andreevmaster.com\/da\/wp-json\/wp\/v2\/product_tag?post=27242"}],"curies":[{"name":"wp","href":"https:\/\/api.w.org\/{rel}","templated":true}]}}