{"id":27241,"date":"2026-02-27T00:36:05","date_gmt":"2026-02-27T00:36:05","guid":{"rendered":"https:\/\/nordicmart.andreevmaster.com\/product\/messingkikkert-i-traekasse-35609zs\/"},"modified":"2026-02-27T09:14:50","modified_gmt":"2026-02-27T09:14:50","slug":"messingkikkert-i-traekasse-35609zs","status":"publish","type":"product","link":"https:\/\/nordicmart.andreevmaster.com\/da\/vare\/messingkikkert-i-traekasse-35609zs\/","title":{"rendered":"Messingkikkert i tr\u00e6kasse &#8211; 35609ZS"},"content":{"rendered":"<p>Messingkikkert i tr\u00e6kasse &#8211; 35609ZS&nbsp;&nbsp;Gammeldags kikkert vil v\u00e6re en interessant tilf\u00f8jelse til en hytte, et hotel ved havet eller et arbejdsv\u00e6relse i engelsk eller kolonistil. Retro-teleskopet vil v\u00e6re perfekt som en del af et piratkostume. Retro-teleskopet er en fantastisk gave til en s\u00f8fartsentusiast, s\u00f8mand eller skibskaptajn.&nbsp;Teleskopet er pakket i en tr\u00e6kasse, der ligner en skattekiste.&nbsp;&nbsp;Information om teleskopet:&nbsp;Materiale: messingFarve p\u00e5 kasse: gylden messingM\u00e5l: l\u00e6ngde n\u00e5r det er foldet ud 42 cm&nbsp;\u00c6ske:&nbsp;Materiale: tr\u00e6 Dimensioner: 17 x 7 x 7 cm<\/p>\n","protected":false},"excerpt":{"rendered":"<p>Messingkikkert i tr\u00e6kasse &#8211; 35609ZS&nbsp;&nbsp;Gammeldags kikkert vil v\u00e6re en interessant tilf\u00f8jelse til en hytte, et hotel ved havet eller et arbejdsv\u00e6relse i engelsk eller kolonistil. Retro-teleskopet vil v\u00e6re perfekt som en del af et piratkostume. Retro-teleskopet er en fantastisk gave til en s\u00f8fartsentusiast, s\u00f8mand eller skibskaptajn.&nbsp;Teleskopet er pakket i en tr\u00e6kasse, der ligner en skattekiste.&nbsp;&nbsp;Information [&hellip;]<\/p>\n","protected":false},"featured_media":44989,"comment_status":"open","ping_status":"closed","template":"","meta":[],"product_brand":[],"product_cat":[31],"product_tag":[],"class_list":{"0":"post-27241","1":"product","2":"type-product","3":"status-publish","4":"has-post-thumbnail","6":"product_cat-uncategorized-da","8":"first","9":"instock","10":"shipping-taxable","11":"purchasable","12":"product-type-simple"},"_links":{"self":[{"href":"https:\/\/nordicmart.andreevmaster.com\/da\/wp-json\/wp\/v2\/product\/27241","targetHints":{"allow":["GET"]}}],"collection":[{"href":"https:\/\/nordicmart.andreevmaster.com\/da\/wp-json\/wp\/v2\/product"}],"about":[{"href":"https:\/\/nordicmart.andreevmaster.com\/da\/wp-json\/wp\/v2\/types\/product"}],"replies":[{"embeddable":true,"href":"https:\/\/nordicmart.andreevmaster.com\/da\/wp-json\/wp\/v2\/comments?post=27241"}],"wp:featuredmedia":[{"embeddable":true,"href":"https:\/\/nordicmart.andreevmaster.com\/da\/wp-json\/wp\/v2\/media\/44989"}],"wp:attachment":[{"href":"https:\/\/nordicmart.andreevmaster.com\/da\/wp-json\/wp\/v2\/media?parent=27241"}],"wp:term":[{"taxonomy":"product_brand","embeddable":true,"href":"https:\/\/nordicmart.andreevmaster.com\/da\/wp-json\/wp\/v2\/product_brand?post=27241"},{"taxonomy":"product_cat","embeddable":true,"href":"https:\/\/nordicmart.andreevmaster.com\/da\/wp-json\/wp\/v2\/product_cat?post=27241"},{"taxonomy":"product_tag","embeddable":true,"href":"https:\/\/nordicmart.andreevmaster.com\/da\/wp-json\/wp\/v2\/product_tag?post=27241"}],"curies":[{"name":"wp","href":"https:\/\/api.w.org\/{rel}","templated":true}]}}