{"id":27240,"date":"2026-02-27T00:36:05","date_gmt":"2026-02-27T00:36:05","guid":{"rendered":"https:\/\/nordicmart.andreevmaster.com\/product\/forstorrelsesglas-i-messingramme-i-traekasse-mag-0502zs\/"},"modified":"2026-02-27T09:14:50","modified_gmt":"2026-02-27T09:14:50","slug":"forstorrelsesglas-i-messingramme-i-traekasse-mag-0502zs","status":"publish","type":"product","link":"https:\/\/nordicmart.andreevmaster.com\/da\/vare\/forstorrelsesglas-i-messingramme-i-traekasse-mag-0502zs\/","title":{"rendered":"Forst\u00f8rrelsesglas i messingramme i tr\u00e6kasse &#8211; MAG-0502ZS"},"content":{"rendered":"<p>Forst\u00f8rrelsesglas i messingramme i tr\u00e6kasse &#8211; MAG-0502ZS&nbsp;&nbsp;&nbsp;Forst\u00f8rrelsesglas i tr\u00e6kasse med glasl\u00e5g er et elegant tilbeh\u00f8r med praktisk anvendelse. Det ser godt ud som en del af indretningen p\u00e5 et skrivebord eller kontor.&nbsp;Det er en god gave til bedstefor\u00e6ldre, frim\u00e6rkesamlere og alle, der arbejder med sm\u00e5 detaljer. Det er en kombination af funktionalitet og design, som helt sikkert vil gl\u00e6de alle, der leder efter et unikt og stilfuldt stykke til deres omgivelser.&nbsp;&nbsp;Produktinformation:&nbsp;Forst\u00f8rrelsesglasets dimensioner: diameter 10 cm, l\u00e6ngde 22 cm. \u00c6skens dimensioner: 25,5 x 14 cm x 5 cm \u00c6ske: tr\u00e6, glasl\u00e5g Forst\u00f8rrelsesglas: messingramme, tr\u00e6h\u00e5ndtag&nbsp;<\/p>\n","protected":false},"excerpt":{"rendered":"<p>Forst\u00f8rrelsesglas i messingramme i tr\u00e6kasse &#8211; MAG-0502ZS&nbsp;&nbsp;&nbsp;Forst\u00f8rrelsesglas i tr\u00e6kasse med glasl\u00e5g er et elegant tilbeh\u00f8r med praktisk anvendelse. Det ser godt ud som en del af indretningen p\u00e5 et skrivebord eller kontor.&nbsp;Det er en god gave til bedstefor\u00e6ldre, frim\u00e6rkesamlere og alle, der arbejder med sm\u00e5 detaljer. Det er en kombination af funktionalitet og design, som [&hellip;]<\/p>\n","protected":false},"featured_media":44988,"comment_status":"open","ping_status":"closed","template":"","meta":[],"product_brand":[],"product_cat":[31],"product_tag":[],"class_list":{"0":"post-27240","1":"product","2":"type-product","3":"status-publish","4":"has-post-thumbnail","6":"product_cat-uncategorized-da","8":"first","9":"instock","10":"shipping-taxable","11":"purchasable","12":"product-type-simple"},"_links":{"self":[{"href":"https:\/\/nordicmart.andreevmaster.com\/da\/wp-json\/wp\/v2\/product\/27240","targetHints":{"allow":["GET"]}}],"collection":[{"href":"https:\/\/nordicmart.andreevmaster.com\/da\/wp-json\/wp\/v2\/product"}],"about":[{"href":"https:\/\/nordicmart.andreevmaster.com\/da\/wp-json\/wp\/v2\/types\/product"}],"replies":[{"embeddable":true,"href":"https:\/\/nordicmart.andreevmaster.com\/da\/wp-json\/wp\/v2\/comments?post=27240"}],"wp:featuredmedia":[{"embeddable":true,"href":"https:\/\/nordicmart.andreevmaster.com\/da\/wp-json\/wp\/v2\/media\/44988"}],"wp:attachment":[{"href":"https:\/\/nordicmart.andreevmaster.com\/da\/wp-json\/wp\/v2\/media?parent=27240"}],"wp:term":[{"taxonomy":"product_brand","embeddable":true,"href":"https:\/\/nordicmart.andreevmaster.com\/da\/wp-json\/wp\/v2\/product_brand?post=27240"},{"taxonomy":"product_cat","embeddable":true,"href":"https:\/\/nordicmart.andreevmaster.com\/da\/wp-json\/wp\/v2\/product_cat?post=27240"},{"taxonomy":"product_tag","embeddable":true,"href":"https:\/\/nordicmart.andreevmaster.com\/da\/wp-json\/wp\/v2\/product_tag?post=27240"}],"curies":[{"name":"wp","href":"https:\/\/api.w.org\/{rel}","templated":true}]}}